{"id":221,"date":"2017-09-03T08:54:39","date_gmt":"2017-09-03T11:54:39","guid":{"rendered":"http:\/\/nossacasa.net\/nossosriachos\/pos\/?page_id=221"},"modified":"2019-08-15T11:21:12","modified_gmt":"2019-08-15T14:21:12","slug":"seminario-2011-2","status":"publish","type":"page","link":"http:\/\/nossacasa.net\/nossosriachos\/pos\/seminario-2011-2\/","title":{"rendered":"Semin\u00e1rio 2011-2"},"content":{"rendered":"<div style=\"text-align: justify;\">\n<div style=\"text-align: center;\">\n<img loading=\"lazy\" decoding=\"async\" src=\"http:\/\/nossacasa.net\/nossosriachos\/pos\/wp-content\/uploads\/sites\/5\/2017\/09\/seminario2011.jpg\" alt=\"\" width=\"200\" height=\"200\" class=\"alignleft size-full wp-image-214\" srcset=\"http:\/\/nossacasa.net\/nossosriachos\/pos\/wp-content\/uploads\/sites\/5\/2017\/09\/seminario2011.jpg 200w, http:\/\/nossacasa.net\/nossosriachos\/pos\/wp-content\/uploads\/sites\/5\/2017\/09\/seminario2011-150x150.jpg 150w\" sizes=\"auto, (max-width: 200px) 100vw, 200px\" \/><\/p>\n<hr>\n<hr>\n<hr>\n<hr>\n<p><strong>Biogeografia e Conserva\u00e7\u00e3o de Fauna Aqu\u00e1tica 2011-2<\/strong><\/p>\n<hr>\n<hr>\n<hr>\n<p>PROGRAMA DE P\u00d3S-GRADUA\u00c7\u00c3O EM CI\u00caNCIAS BIOL\u00d3GICAS- CENTRO DE CI\u00caNCIAS HUMANAS E NATURAIS<br \/>\nUNIVERSIDADE FEDERAL DO ESP\u00cdRITO SANTO<br \/>\nDISCIPLINA: Biogeografia e conserva\u00e7\u00e3o da fauna aqu\u00e1tica.<br \/>\nPBAN 9526 T\u00f3picos Especiais em Biologia Animal I<br \/>\nRESPONS\u00c1VEL: Luisa Maria Sarmento Soares.\n<\/p><\/div>\n<hr>\n<h1>SEMIN\u00c1RIOS<\/h1>\n<hr>\n<h4>GRUPO 2 &#8211; BIOGEOGRAFIA DA CONSERVA\u00c7\u00c2O<\/h4>\n<div><b>PAN-BIOGEOGRAFIA E \u00c1REAS PARA CONSERVA\u00c7\u00c3O<\/b><\/p>\n<p>Uma avalia\u00e7\u00e3o sobre os textos:<br \/>\n\u201c<b><i>Conserva\u00e7\u00e3o do cerrado brasileiro: o m\u00e9todo pan-biogeogr\u00e1fico como ferramenta para a sele\u00e7\u00e3o de \u00e1reas priorit\u00e1rias<\/i><\/b>\u201d de J.A. Prevedello (<a href=\"http:\/\/zoo.bio.ufpr.br\/diptera\/diptera-c\/Prevedello%20&amp;%20Carvalho%202006,%20pan-biogeografia%20e%20Conservacao%20do%20Cerrado.pdf\" target=\"_blank\" rel=\"noopener noreferrer\"><span style=\"font-size: xx-small;\">pdf<\/span><\/a>).<\/p>\n<p>e<\/p>\n<p>\u201c<b><i>Macroecologia, biogeografia e \u00e1reas priorit\u00e1rias para conserva\u00e7\u00e3o no cerrado<\/i><\/b>\u201d de J.A.F. Diniz-Filho (<a href=\"http:\/\/dialnet.unirioja.es\/servlet\/fichero_articulo?codigo=3628458&amp;orden=0\" target=\"_blank\" rel=\"noopener noreferrer\"><span style=\"font-size: xx-small;\">pdf1<\/span><\/a><span style=\"font-size: xx-small;\">\u00a0ou\u00a0<\/span><a href=\"http:\/\/www.oecologiaaustralis.org\/ojs\/index.php\/oa\/article\/view\/oeco.2009.1303.05\/478\" target=\"_blank\" rel=\"noopener noreferrer\"><span style=\"font-size: xx-small;\">pdf2<\/span><\/a>).<\/p>\n<\/div>\n<ul type=\"circle\">\n<li>Planejamento de \u00e1reas a conservar<\/li>\n<li>Padr\u00f5es de riqueza e diversidade<\/li>\n<li>An\u00e1lise de dados<\/li>\n<li>Bibliografia<\/li>\n<\/ul>\n<h4>\n<b>APRESENTA\u00c7\u00c3O:<\/b>\u00a0Sexta-feira, 19 de agosto de 2011 \u00e0 tarde.<\/p>\n<p><b>ALUNOS:<\/b><\/h4>\n<ol type=\"1\">\n<li>Arturo Beninc\u00e1 Martinelli<\/li>\n<li>Diego Nunes Barbosa<\/li>\n<li>Fernanda de Freitas Gomes<\/li>\n<li>Victor Hugo Colombi<\/li>\n<\/ol>\n<\/div>\n","protected":false},"excerpt":{"rendered":"<p>Biogeografia e Conserva\u00e7\u00e3o de Fauna Aqu\u00e1tica 2011-2 PROGRAMA DE P\u00d3S-GRADUA\u00c7\u00c3O EM CI\u00caNCIAS BIOL\u00d3GICAS- CENTRO DE CI\u00caNCIAS HUMANAS E NATURAIS UNIVERSIDADE FEDERAL DO ESP\u00cdRITO SANTO DISCIPLINA: Biogeografia e conserva\u00e7\u00e3o da fauna aqu\u00e1tica. PBAN 9526 T\u00f3picos Especiais em Biologia Animal I RESPONS\u00c1VEL: &hellip; <a href=\"http:\/\/nossacasa.net\/nossosriachos\/pos\/seminario-2011-2\/\">Continue lendo <span class=\"meta-nav\">&rarr;<\/span><\/a><\/p>\n","protected":false},"author":1,"featured_media":214,"parent":0,"menu_order":0,"comment_status":"closed","ping_status":"closed","template":"","meta":{"footnotes":""},"class_list":["post-221","page","type-page","status-publish","has-post-thumbnail","hentry"],"_links":{"self":[{"href":"http:\/\/nossacasa.net\/nossosriachos\/pos\/wp-json\/wp\/v2\/pages\/221","targetHints":{"allow":["GET"]}}],"collection":[{"href":"http:\/\/nossacasa.net\/nossosriachos\/pos\/wp-json\/wp\/v2\/pages"}],"about":[{"href":"http:\/\/nossacasa.net\/nossosriachos\/pos\/wp-json\/wp\/v2\/types\/page"}],"author":[{"embeddable":true,"href":"http:\/\/nossacasa.net\/nossosriachos\/pos\/wp-json\/wp\/v2\/users\/1"}],"replies":[{"embeddable":true,"href":"http:\/\/nossacasa.net\/nossosriachos\/pos\/wp-json\/wp\/v2\/comments?post=221"}],"version-history":[{"count":3,"href":"http:\/\/nossacasa.net\/nossosriachos\/pos\/wp-json\/wp\/v2\/pages\/221\/revisions"}],"predecessor-version":[{"id":1013,"href":"http:\/\/nossacasa.net\/nossosriachos\/pos\/wp-json\/wp\/v2\/pages\/221\/revisions\/1013"}],"wp:featuredmedia":[{"embeddable":true,"href":"http:\/\/nossacasa.net\/nossosriachos\/pos\/wp-json\/wp\/v2\/media\/214"}],"wp:attachment":[{"href":"http:\/\/nossacasa.net\/nossosriachos\/pos\/wp-json\/wp\/v2\/media?parent=221"}],"curies":[{"name":"wp","href":"https:\/\/api.w.org\/{rel}","templated":true}]}}