{"id":229,"date":"2017-09-03T09:01:21","date_gmt":"2017-09-03T12:01:21","guid":{"rendered":"http:\/\/nossacasa.net\/nossosriachos\/pos\/?page_id=229"},"modified":"2017-09-03T09:05:36","modified_gmt":"2017-09-03T12:05:36","slug":"seminario-2011-4","status":"publish","type":"page","link":"http:\/\/nossacasa.net\/nossosriachos\/pos\/seminario-2011-4\/","title":{"rendered":"Semin\u00e1rio 2011-4"},"content":{"rendered":"<div style=\"text-align: justify;\">\n<h1>BIOGEOGRAFIA: Biogeografia e Conserva\u00e7\u00e3o de Fauna Aqu\u00e1tica 2011-2<\/h1>\n<h1>SEMIN\u00c1RIOS<\/h1>\n<h4>GRUPO 4 &#8211; ESP\u00c9CIES INVASORAS<\/h4>\n<div>\n<p><b>INTRODU\u00c7\u00c3O DE PEIXES<\/b><\/p>\n<p>Uma avalia\u00e7\u00e3o sobre os textos:<br \/>\n\u201c<b><i>Introdu\u00e7\u00e3o de peixes em ecossisemas continentais brasileiros: revis\u00e3o, coment\u00e1rios e sugest\u00f5es de a\u00e7\u00f5es contra o inimigo quase invis\u00edvel&#8221;<br \/>\n<\/i><\/b>Jean Ricardo Sim\u00f5es Vitule.(<a href=\"http:\/\/www.unisinos.br\/publicacoes_cientificas\/images\/stories\/pdfs_neotropical\/v4n2\/vitule.pdf\" target=\"_blank\" rel=\"noopener\"><span style=\"font-size: xx-small;\">pdf<\/span><\/a>)<\/p>\n<h4><b>APRESENTA\u00c7\u00c3O:<\/b>\u00a0Sexta-Feira, 19 de agosto de 2011 \u00e0 tarde.<\/h4>\n<p><b>ALUNOS:<\/b><\/p>\n<ol type=\"1\">\n<li>Maria Margareth Cancian Roldi<\/li>\n<li>Mikael Mansur Martinelli<\/li>\n<li>Maridiesse Morais Lopes<\/li>\n<li>Lougan Lagass Pereira<\/li>\n<\/ol>\n<\/div>\n","protected":false},"excerpt":{"rendered":"<p>BIOGEOGRAFIA: Biogeografia e Conserva\u00e7\u00e3o de Fauna Aqu\u00e1tica 2011-2 SEMIN\u00c1RIOS GRUPO 4 &#8211; ESP\u00c9CIES INVASORAS INTRODU\u00c7\u00c3O DE PEIXES Uma avalia\u00e7\u00e3o sobre os textos: \u201cIntrodu\u00e7\u00e3o de peixes em ecossisemas continentais brasileiros: revis\u00e3o, coment\u00e1rios e sugest\u00f5es de a\u00e7\u00f5es contra o inimigo quase invis\u00edvel&#8221; &hellip; <a href=\"http:\/\/nossacasa.net\/nossosriachos\/pos\/seminario-2011-4\/\">Continue lendo <span class=\"meta-nav\">&rarr;<\/span><\/a><\/p>\n","protected":false},"author":1,"featured_media":214,"parent":0,"menu_order":0,"comment_status":"closed","ping_status":"closed","template":"","meta":{"footnotes":""},"class_list":["post-229","page","type-page","status-publish","has-post-thumbnail","hentry"],"_links":{"self":[{"href":"http:\/\/nossacasa.net\/nossosriachos\/pos\/wp-json\/wp\/v2\/pages\/229","targetHints":{"allow":["GET"]}}],"collection":[{"href":"http:\/\/nossacasa.net\/nossosriachos\/pos\/wp-json\/wp\/v2\/pages"}],"about":[{"href":"http:\/\/nossacasa.net\/nossosriachos\/pos\/wp-json\/wp\/v2\/types\/page"}],"author":[{"embeddable":true,"href":"http:\/\/nossacasa.net\/nossosriachos\/pos\/wp-json\/wp\/v2\/users\/1"}],"replies":[{"embeddable":true,"href":"http:\/\/nossacasa.net\/nossosriachos\/pos\/wp-json\/wp\/v2\/comments?post=229"}],"version-history":[{"count":3,"href":"http:\/\/nossacasa.net\/nossosriachos\/pos\/wp-json\/wp\/v2\/pages\/229\/revisions"}],"predecessor-version":[{"id":236,"href":"http:\/\/nossacasa.net\/nossosriachos\/pos\/wp-json\/wp\/v2\/pages\/229\/revisions\/236"}],"wp:featuredmedia":[{"embeddable":true,"href":"http:\/\/nossacasa.net\/nossosriachos\/pos\/wp-json\/wp\/v2\/media\/214"}],"wp:attachment":[{"href":"http:\/\/nossacasa.net\/nossosriachos\/pos\/wp-json\/wp\/v2\/media?parent=229"}],"curies":[{"name":"wp","href":"https:\/\/api.w.org\/{rel}","templated":true}]}}