{"id":241,"date":"2017-09-03T09:08:22","date_gmt":"2017-09-03T12:08:22","guid":{"rendered":"http:\/\/nossacasa.net\/nossosriachos\/pos\/?page_id=241"},"modified":"2019-08-15T11:23:42","modified_gmt":"2019-08-15T14:23:42","slug":"seminario-2012-3","status":"publish","type":"page","link":"http:\/\/nossacasa.net\/nossosriachos\/pos\/seminario-2012-3\/","title":{"rendered":"Semin\u00e1rio 2012-3"},"content":{"rendered":"<div style=\"text-align: justify;\">\n<div style=\"text-align: center;\">\n<img loading=\"lazy\" decoding=\"async\" src=\"http:\/\/nossacasa.net\/nossosriachos\/pos\/wp-content\/uploads\/sites\/5\/2017\/09\/seminario2012.jpg\" alt=\"\" width=\"200\" height=\"200\" class=\"alignleft size-full wp-image-215\" srcset=\"http:\/\/nossacasa.net\/nossosriachos\/pos\/wp-content\/uploads\/sites\/5\/2017\/09\/seminario2012.jpg 200w, http:\/\/nossacasa.net\/nossosriachos\/pos\/wp-content\/uploads\/sites\/5\/2017\/09\/seminario2012-150x150.jpg 150w\" sizes=\"auto, (max-width: 200px) 100vw, 200px\" \/><\/p>\n<hr>\n<hr>\n<hr>\n<hr>\n<p><strong>Biogeografia e Conserva\u00e7\u00e3o de Fauna Aqu\u00e1tica 2011-2<\/strong><\/p>\n<hr>\n<hr>\n<hr>\n<p>PROGRAMA DE P\u00d3S-GRADUA\u00c7\u00c3O EM CI\u00caNCIAS BIOL\u00d3GICAS- CENTRO DE CI\u00caNCIAS HUMANAS E NATURAIS<br \/>\nUNIVERSIDADE FEDERAL DO ESP\u00cdRITO SANTO<br \/>\nDISCIPLINA: Biogeografia e conserva\u00e7\u00e3o da fauna aqu\u00e1tica.<br \/>\nPBAN 9526 T\u00f3picos Especiais em Biologia Animal I<br \/>\nRESPONS\u00c1VEL: Luisa Maria Sarmento Soares.\n<\/p><\/div>\n<hr>\n<h1>SEMIN\u00c1RIOS<\/h1>\n<hr>\n<h4>GRUPO 3 &#8211; \u00c1REAS DE ENDEMISMO<\/h4>\n<div><b>IDENTIFICA\u00c7\u00c3O DE \u00c1REAS DE ENDEMISMO PELO M\u00c9TODO PAE<\/b><\/p>\n<p>Uma avalia\u00e7\u00e3o sobre os textos:<br \/>\n\u201c<b><i>An\u00e1lise Parcimoniosa de Endemicidade (PAE) na delimita\u00e7\u00e3o de \u00e1reas de endemismos: Infer\u00eancia para conserva\u00e7\u00e3o da biodiversidade na Regi\u00e3o Sul do Brasil<\/i><\/b>\u201d Peter L\u00f6wemberg-Neto.(<a href=\"http:\/\/www.nossosriachos.net\/posgraduacao\/doc\/G3_2.pdf\" target=\"_blank\" rel=\"noopener noreferrer\"><span style=\"font-size: xx-small;\">pdf<\/span><\/a>)<\/p>\n<p>e<\/p>\n<p>\u201c<b><i>A fauna de peixes nas bacias litor\u00e2neas da Costa do Descobrimento, extremo sul da Bahia, Brasil<\/i><\/b>\u201d de L.M. Sarmento-Soares et al.(<a href=\"http:\/\/www.nossosriachos.net\/posgraduacao\/doc\/G3_1.pdf\" target=\"_blank\" rel=\"noopener noreferrer\"><span style=\"font-size: xx-small;\">pdf<\/span><\/a>)<\/p>\n<\/div>\n<ul type=\"circle\">\n<li>O que \u00e9 o PAE?<\/li>\n<li>As diferentes formas do PAE e suas aplica\u00e7\u00f5es<\/li>\n<li>O PAE na identifica\u00e7\u00e3o de \u00e1reas de endemismo<\/li>\n<li>Bibliografia<\/li>\n<\/ul>\n<h4>\n<b>APRESENTA\u00c7\u00c3O:<\/b>\u00a0S\u00e1bado, 01 de setembro de 2012 pela manh\u00e3.<\/p>\n<p><b>ALUNOS:<\/b><\/h4>\n<\/div>\n","protected":false},"excerpt":{"rendered":"<p>Biogeografia e Conserva\u00e7\u00e3o de Fauna Aqu\u00e1tica 2011-2 PROGRAMA DE P\u00d3S-GRADUA\u00c7\u00c3O EM CI\u00caNCIAS BIOL\u00d3GICAS- CENTRO DE CI\u00caNCIAS HUMANAS E NATURAIS UNIVERSIDADE FEDERAL DO ESP\u00cdRITO SANTO DISCIPLINA: Biogeografia e conserva\u00e7\u00e3o da fauna aqu\u00e1tica. PBAN 9526 T\u00f3picos Especiais em Biologia Animal I RESPONS\u00c1VEL: &hellip; <a href=\"http:\/\/nossacasa.net\/nossosriachos\/pos\/seminario-2012-3\/\">Continue lendo <span class=\"meta-nav\">&rarr;<\/span><\/a><\/p>\n","protected":false},"author":1,"featured_media":215,"parent":0,"menu_order":0,"comment_status":"closed","ping_status":"closed","template":"","meta":{"footnotes":""},"class_list":["post-241","page","type-page","status-publish","has-post-thumbnail","hentry"],"_links":{"self":[{"href":"http:\/\/nossacasa.net\/nossosriachos\/pos\/wp-json\/wp\/v2\/pages\/241","targetHints":{"allow":["GET"]}}],"collection":[{"href":"http:\/\/nossacasa.net\/nossosriachos\/pos\/wp-json\/wp\/v2\/pages"}],"about":[{"href":"http:\/\/nossacasa.net\/nossosriachos\/pos\/wp-json\/wp\/v2\/types\/page"}],"author":[{"embeddable":true,"href":"http:\/\/nossacasa.net\/nossosriachos\/pos\/wp-json\/wp\/v2\/users\/1"}],"replies":[{"embeddable":true,"href":"http:\/\/nossacasa.net\/nossosriachos\/pos\/wp-json\/wp\/v2\/comments?post=241"}],"version-history":[{"count":4,"href":"http:\/\/nossacasa.net\/nossosriachos\/pos\/wp-json\/wp\/v2\/pages\/241\/revisions"}],"predecessor-version":[{"id":1016,"href":"http:\/\/nossacasa.net\/nossosriachos\/pos\/wp-json\/wp\/v2\/pages\/241\/revisions\/1016"}],"wp:featuredmedia":[{"embeddable":true,"href":"http:\/\/nossacasa.net\/nossosriachos\/pos\/wp-json\/wp\/v2\/media\/215"}],"wp:attachment":[{"href":"http:\/\/nossacasa.net\/nossosriachos\/pos\/wp-json\/wp\/v2\/media?parent=241"}],"curies":[{"name":"wp","href":"https:\/\/api.w.org\/{rel}","templated":true}]}}