{"id":243,"date":"2017-09-03T09:09:41","date_gmt":"2017-09-03T12:09:41","guid":{"rendered":"http:\/\/nossacasa.net\/nossosriachos\/pos\/?page_id=243"},"modified":"2019-08-15T11:23:06","modified_gmt":"2019-08-15T14:23:06","slug":"seminario-2012-4","status":"publish","type":"page","link":"http:\/\/nossacasa.net\/nossosriachos\/pos\/seminario-2012-4\/","title":{"rendered":"Semin\u00e1rio 2012-4"},"content":{"rendered":"<div style=\"text-align: justify;\">\n<div style=\"text-align: center;\">\n<img loading=\"lazy\" decoding=\"async\" src=\"http:\/\/nossacasa.net\/nossosriachos\/pos\/wp-content\/uploads\/sites\/5\/2017\/09\/seminario2012.jpg\" alt=\"\" width=\"200\" height=\"200\" class=\"alignleft size-full wp-image-215\" srcset=\"http:\/\/nossacasa.net\/nossosriachos\/pos\/wp-content\/uploads\/sites\/5\/2017\/09\/seminario2012.jpg 200w, http:\/\/nossacasa.net\/nossosriachos\/pos\/wp-content\/uploads\/sites\/5\/2017\/09\/seminario2012-150x150.jpg 150w\" sizes=\"auto, (max-width: 200px) 100vw, 200px\" \/><\/p>\n<hr>\n<hr>\n<hr>\n<hr>\n<p><strong>Biogeografia e Conserva\u00e7\u00e3o de Fauna Aqu\u00e1tica 2011-2<\/strong><\/p>\n<hr>\n<hr>\n<hr>\n<p>PROGRAMA DE P\u00d3S-GRADUA\u00c7\u00c3O EM CI\u00caNCIAS BIOL\u00d3GICAS- CENTRO DE CI\u00caNCIAS HUMANAS E NATURAIS<br \/>\nUNIVERSIDADE FEDERAL DO ESP\u00cdRITO SANTO<br \/>\nDISCIPLINA: Biogeografia e conserva\u00e7\u00e3o da fauna aqu\u00e1tica.<br \/>\nPBAN 9526 T\u00f3picos Especiais em Biologia Animal I<br \/>\nRESPONS\u00c1VEL: Luisa Maria Sarmento Soares.\n<\/p><\/div>\n<hr>\n<h1>SEMIN\u00c1RIOS<\/h1>\n<hr>\n<h4>GRUPO 4 &#8211; BARRAGENS E IMPACTO SOBRE A ICTIOFAUNA<\/h4>\n<div><b>INTRODU\u00c7\u00c3O DE PEIXES<\/b><\/p>\n<p>Uma avalia\u00e7\u00e3o sobre os textos:<br \/>\n<b><i>Introdu\u00e7\u00e3o de peixes em ecossisemas continentais brasileiros: revis\u00e3o, coment\u00e1rios e sugest\u00f5es de a\u00e7\u00f5es contra o inimigo quase invis\u00edvel<\/i><\/b>Jean Ricardo Sim\u00f5es Vitule.(<a href=\"http:\/\/www.nossosriachos.net\/posgraduacao\/doc\/G4_1.pdf\" target=\"_blank\" rel=\"noopener noreferrer\"><span style=\"font-size: xx-small;\">pdf<\/span><\/a>)<\/p>\n<p><b><i>Blockage of migration routes by dam construction: can migratory fish find alternative routes?<\/i><\/b>Rosimeire Ribeiro Antonio, Angelo Antonio Agostinho, Fernando Mayer Pelicice, Dayani Bailly, Edson Kioshi Okada and Jo\u00e3o Henrique Pinheiro Dias.(<a href=\"http:\/\/www.nossosriachos.net\/posgraduacao\/doc\/G4_2.pdf\" target=\"_blank\" rel=\"noopener noreferrer\"><span style=\"font-size: xx-small;\">pdf<\/span><\/a>)<\/p>\n<\/div>\n<h4>\n<b>APRESENTA\u00c7\u00c3O:<\/b>\u00a0Sexta-Feira, 31 de agosto de 2012 \u00e0 tarde.<\/p>\n<p><b>ALUNOS:<\/b><\/h4>\n<\/div>\n","protected":false},"excerpt":{"rendered":"<p>Biogeografia e Conserva\u00e7\u00e3o de Fauna Aqu\u00e1tica 2011-2 PROGRAMA DE P\u00d3S-GRADUA\u00c7\u00c3O EM CI\u00caNCIAS BIOL\u00d3GICAS- CENTRO DE CI\u00caNCIAS HUMANAS E NATURAIS UNIVERSIDADE FEDERAL DO ESP\u00cdRITO SANTO DISCIPLINA: Biogeografia e conserva\u00e7\u00e3o da fauna aqu\u00e1tica. PBAN 9526 T\u00f3picos Especiais em Biologia Animal I RESPONS\u00c1VEL: &hellip; <a href=\"http:\/\/nossacasa.net\/nossosriachos\/pos\/seminario-2012-4\/\">Continue lendo <span class=\"meta-nav\">&rarr;<\/span><\/a><\/p>\n","protected":false},"author":1,"featured_media":215,"parent":0,"menu_order":0,"comment_status":"closed","ping_status":"closed","template":"","meta":{"footnotes":""},"class_list":["post-243","page","type-page","status-publish","has-post-thumbnail","hentry"],"_links":{"self":[{"href":"http:\/\/nossacasa.net\/nossosriachos\/pos\/wp-json\/wp\/v2\/pages\/243","targetHints":{"allow":["GET"]}}],"collection":[{"href":"http:\/\/nossacasa.net\/nossosriachos\/pos\/wp-json\/wp\/v2\/pages"}],"about":[{"href":"http:\/\/nossacasa.net\/nossosriachos\/pos\/wp-json\/wp\/v2\/types\/page"}],"author":[{"embeddable":true,"href":"http:\/\/nossacasa.net\/nossosriachos\/pos\/wp-json\/wp\/v2\/users\/1"}],"replies":[{"embeddable":true,"href":"http:\/\/nossacasa.net\/nossosriachos\/pos\/wp-json\/wp\/v2\/comments?post=243"}],"version-history":[{"count":5,"href":"http:\/\/nossacasa.net\/nossosriachos\/pos\/wp-json\/wp\/v2\/pages\/243\/revisions"}],"predecessor-version":[{"id":1015,"href":"http:\/\/nossacasa.net\/nossosriachos\/pos\/wp-json\/wp\/v2\/pages\/243\/revisions\/1015"}],"wp:featuredmedia":[{"embeddable":true,"href":"http:\/\/nossacasa.net\/nossosriachos\/pos\/wp-json\/wp\/v2\/media\/215"}],"wp:attachment":[{"href":"http:\/\/nossacasa.net\/nossosriachos\/pos\/wp-json\/wp\/v2\/media?parent=243"}],"curies":[{"name":"wp","href":"https:\/\/api.w.org\/{rel}","templated":true}]}}