{"id":256,"date":"2017-09-03T09:32:43","date_gmt":"2017-09-03T12:32:43","guid":{"rendered":"http:\/\/nossacasa.net\/nossosriachos\/pos\/?page_id=256"},"modified":"2019-08-15T11:29:04","modified_gmt":"2019-08-15T14:29:04","slug":"seminario-2013-1","status":"publish","type":"page","link":"http:\/\/nossacasa.net\/nossosriachos\/pos\/seminario-2013-1\/","title":{"rendered":"Semin\u00e1rio 2013-1"},"content":{"rendered":"<div style=\"text-align: justify;\">\n<div style=\"text-align: center;\">\n<img loading=\"lazy\" decoding=\"async\" src=\"http:\/\/nossacasa.net\/nossosriachos\/pos\/wp-content\/uploads\/sites\/5\/2017\/09\/seminario2013.jpg\" alt=\"\" width=\"200\" height=\"200\" class=\"alignleft size-full wp-image-216\" srcset=\"http:\/\/nossacasa.net\/nossosriachos\/pos\/wp-content\/uploads\/sites\/5\/2017\/09\/seminario2013.jpg 200w, http:\/\/nossacasa.net\/nossosriachos\/pos\/wp-content\/uploads\/sites\/5\/2017\/09\/seminario2013-150x150.jpg 150w\" sizes=\"auto, (max-width: 200px) 100vw, 200px\" \/><\/p>\n<hr>\n<hr>\n<hr>\n<hr>\n<p><strong>Biogeografia e Conserva\u00e7\u00e3o de Fauna Aqu\u00e1tica 2011-2<\/strong><\/p>\n<hr>\n<hr>\n<hr>\n<p>PROGRAMA DE P\u00d3S-GRADUA\u00c7\u00c3O EM CI\u00caNCIAS BIOL\u00d3GICAS- CENTRO DE CI\u00caNCIAS HUMANAS E NATURAIS<br \/>\nUNIVERSIDADE FEDERAL DO ESP\u00cdRITO SANTO<br \/>\nDISCIPLINA: Biogeografia e conserva\u00e7\u00e3o da fauna aqu\u00e1tica.<br \/>\nPBAN 9526 T\u00f3picos Especiais em Biologia Animal I<br \/>\nRESPONS\u00c1VEL: Luisa Maria Sarmento Soares.\n<\/p><\/div>\n<hr>\n<h1>SEMIN\u00c1RIOS<\/h1>\n<hr>\n<p><strong>GRUPO 1 &#8211; BIOGEOGRAFIA<\/strong>PADR\u00d5ES DE DISTRIBUI\u00c7\u00c3O E AN\u00c1LISE BIOGEOGR\u00c1FICA<\/p>\n<p>Uma avalia\u00e7\u00e3o sobre os textos:<\/p>\n<p>\u201cA poorly known case of watershed transposition between the S\u00e3o Francisco and upper Paran\u00e1 river basins\u201d de Orlando Moreira Filho e Paulo Andreas Buckup (pdf).<\/p>\n<p>\u201cThe Eastern Brazilian Shield\u201d de Paulo Andreas Buckup (pdf).<\/p>\n<p>Estrutura geol\u00f3gica e implica\u00e7\u00f5es tect\u00f4nicas<br \/>\nPadr\u00f5es de distribui\u00e7\u00e3o<br \/>\nTransposi\u00e7\u00e3o entre o Alto Paran\u00e1 e S\u00e3o Francisco em Minas Gerais<br \/>\nDispers\u00e3o<\/p>\n<p>APRESENTA\u00c7\u00c3O: S\u00e1bado, pela manh\u00e3.<\/p>\n<p>ALUNOS:<\/p>\n<\/div>\n","protected":false},"excerpt":{"rendered":"<p>Biogeografia e Conserva\u00e7\u00e3o de Fauna Aqu\u00e1tica 2011-2 PROGRAMA DE P\u00d3S-GRADUA\u00c7\u00c3O EM CI\u00caNCIAS BIOL\u00d3GICAS- CENTRO DE CI\u00caNCIAS HUMANAS E NATURAIS UNIVERSIDADE FEDERAL DO ESP\u00cdRITO SANTO DISCIPLINA: Biogeografia e conserva\u00e7\u00e3o da fauna aqu\u00e1tica. PBAN 9526 T\u00f3picos Especiais em Biologia Animal I RESPONS\u00c1VEL: &hellip; <a href=\"http:\/\/nossacasa.net\/nossosriachos\/pos\/seminario-2013-1\/\">Continue lendo <span class=\"meta-nav\">&rarr;<\/span><\/a><\/p>\n","protected":false},"author":1,"featured_media":216,"parent":0,"menu_order":0,"comment_status":"closed","ping_status":"closed","template":"","meta":{"footnotes":""},"class_list":["post-256","page","type-page","status-publish","has-post-thumbnail","hentry"],"_links":{"self":[{"href":"http:\/\/nossacasa.net\/nossosriachos\/pos\/wp-json\/wp\/v2\/pages\/256","targetHints":{"allow":["GET"]}}],"collection":[{"href":"http:\/\/nossacasa.net\/nossosriachos\/pos\/wp-json\/wp\/v2\/pages"}],"about":[{"href":"http:\/\/nossacasa.net\/nossosriachos\/pos\/wp-json\/wp\/v2\/types\/page"}],"author":[{"embeddable":true,"href":"http:\/\/nossacasa.net\/nossosriachos\/pos\/wp-json\/wp\/v2\/users\/1"}],"replies":[{"embeddable":true,"href":"http:\/\/nossacasa.net\/nossosriachos\/pos\/wp-json\/wp\/v2\/comments?post=256"}],"version-history":[{"count":3,"href":"http:\/\/nossacasa.net\/nossosriachos\/pos\/wp-json\/wp\/v2\/pages\/256\/revisions"}],"predecessor-version":[{"id":1023,"href":"http:\/\/nossacasa.net\/nossosriachos\/pos\/wp-json\/wp\/v2\/pages\/256\/revisions\/1023"}],"wp:featuredmedia":[{"embeddable":true,"href":"http:\/\/nossacasa.net\/nossosriachos\/pos\/wp-json\/wp\/v2\/media\/216"}],"wp:attachment":[{"href":"http:\/\/nossacasa.net\/nossosriachos\/pos\/wp-json\/wp\/v2\/media?parent=256"}],"curies":[{"name":"wp","href":"https:\/\/api.w.org\/{rel}","templated":true}]}}