{"id":27,"date":"2017-09-02T17:40:41","date_gmt":"2017-09-02T20:40:41","guid":{"rendered":"http:\/\/nossacasa.net\/nossosriachos\/pos\/?page_id=27"},"modified":"2019-08-14T13:28:35","modified_gmt":"2019-08-14T16:28:35","slug":"ementa-2011","status":"publish","type":"page","link":"http:\/\/nossacasa.net\/nossosriachos\/pos\/ementa-2011\/","title":{"rendered":"Ementa 2011"},"content":{"rendered":"<div style=\"text-align:justify\">\n<img loading=\"lazy\" decoding=\"async\" src=\"http:\/\/nossacasa.net\/nossosriachos\/pos\/wp-content\/uploads\/sites\/5\/2017\/09\/ementa2011.jpg\" alt=\"\" width=\"200\" height=\"200\" class=\"alignleft size-full wp-image-65\" srcset=\"http:\/\/nossacasa.net\/nossosriachos\/pos\/wp-content\/uploads\/sites\/5\/2017\/09\/ementa2011.jpg 200w, http:\/\/nossacasa.net\/nossosriachos\/pos\/wp-content\/uploads\/sites\/5\/2017\/09\/ementa2011-150x150.jpg 150w\" sizes=\"auto, (max-width: 200px) 100vw, 200px\" \/><\/p>\n<div style=\"text-align:center\">\n<hr>\n<hr>\n<hr>\n<p><strong>PBAN-9526 &#8211; BIOGEOGRAFIA<br \/>\nBiogeografia e Conserva\u00e7\u00e3o de Fauna Aqu\u00e1tica<\/strong><\/p>\n<hr>\n<hr>\n<hr>\n<hr>\n<\/div>\n<p>Carga hor\u00e1ria: 60 hs<br \/>\nCr\u00e9ditos: 4<\/p>\n<p><strong>EMENTA:<\/strong><\/p>\n<p>Introdu\u00e7\u00e3o a Biogeografia (Hist\u00f3rico e primeiros esfor\u00e7os de divis\u00e3o biogeogr\u00e1fica do mundo; Objetivos da Biogeografia como disciplina-s\u00edntese; Biogeografia ecol\u00f3gica, Biogeografia hist\u00f3rica e correntes derivadas); Padr\u00f5es de Distribui\u00e7\u00e3o (Disjun\u00e7\u00f5es, Grupos relictuais, Corredores\/filtros\/sweepstakes, Endemismo e cosmopolitismo, Padr\u00f5es de raridade, Padr\u00f5es de biodiversidade &#8211; hotspots, regras biogeogr\u00e1ficas; Terminologia biogeogr\u00e1fica associada aos padr\u00f5es de distribui\u00e7\u00e3o); Padr\u00f5es no passado (Tect\u00f4nica de placas, O grande interc\u00e2mbio americano, Grandes eventos de extin\u00e7\u00e3o); Ilhas e ambientes insulares (Biogeografia de Ilhas, Ref\u00fagios pleistoc\u00eanicos); Biogeografia anal\u00edtica (Biogeografia Dispersionista e Biogeografia Vicariante, Panbiogeografia, Biogeografia Filogen\u00e9tica, Biogeografia Clad\u00edstica, An\u00e1lise Parcimoniosa de Endemismo, Filogeografia); Biogeografia Aplicada \u00e0 Conserva\u00e7\u00e3o (M\u00e9todos de Sele\u00e7\u00e3o de \u00c1reas Priorit\u00e1rias, Planejamento Sistem\u00e1tico de Conserva\u00e7\u00e3o).<\/p>\n<p><strong>PROGRAMA:<\/strong><\/p>\n<p>M\u00f3dulo 1- Zoogeografia.<br \/>\nRegi\u00f5es zoogeogr\u00e1ficas. Regi\u00e3o Neotropical. Forma\u00e7\u00e3o das bacias continentais na Am\u00e9rica Sul. Conhecimento da hist\u00f3ria tect\u00f4nica do continente Sul Americano atrav\u00e9s da forma\u00e7\u00e3o das bacias hidrogr\u00e1ficas.Eventos vicariantes e diversifica\u00e7\u00e3o da fauna aqu\u00e1tica. Exemplos.Avalia\u00e7\u00e3o dos padr\u00f5es de distribui\u00e7\u00e3o geogr\u00e1fica: fatores hist\u00f3ricos e ambientais.Exerc\u00edcios com mapas. Semin\u00e1rios de avalia\u00e7\u00e3o.<\/p>\n<p>M\u00f3dulo 2- Biogeografia da conserva\u00e7\u00e3o.<br \/>\nHotspots. Ecorregi\u00f5es aqu\u00e1ticas brasileiras. Conserva\u00e7\u00e3o da biota aqu\u00e1tica. \u00c1reas de endemismo. Planejamento e delimita\u00e7\u00e3o de Unidades de Conserva\u00e7\u00e3o para preserva\u00e7\u00e3o dos ecossistemas aqu\u00e1ticos. Semin\u00e1rios de avalia\u00e7\u00e3o.<\/p>\n<p><strong>METODOLOGIA:<\/strong><br \/>\nO curso abranger\u00e1 aulas te\u00f3ricas e pr\u00e1ticas atendendo \u00e0s necessidades espec\u00edficas de cada m\u00f3dulo abordado.<br \/>\nM\u00f3dulo 1. As aulas acerca da avalia\u00e7\u00e3o dos padr\u00f5es de distribui\u00e7\u00e3o geogr\u00e1fica incluir\u00e3o exerc\u00edcios com mapas, para reconhecimento de endemismos e leitura de textos centrados em zoogeografia e organismos aqu\u00e1ticos.<\/p>\n<p>M\u00f3dulo 2. A an\u00e1lise zoogeogr\u00e1fica dos peixes Sul Americanos como estudo de caso complementar\u00e1 a abordagem desenvolvida dentro do curso, fornecendo informa\u00e7\u00f5es sobre o estado de conhecimento em padr\u00f5es de distribui\u00e7\u00e3o e avaliando o endemismo regional. Leitura de textos e resolu\u00e7\u00e3o de exerc\u00edcios para desenvolver um olhar cr\u00edtico em biogeografia e conserva\u00e7\u00e3o.<br \/>\nAo final da disciplina os alunos realizar\u00e3o semin\u00e1rios sobre estudos tem\u00e1ticos abordados no curso.<\/p>\n<p>AVALIA\u00c7\u00c3O:<br \/>\nA avalia\u00e7\u00e3o do desempenho dos alunos ser\u00e1 feita atrav\u00e9s dos seguintes instrumentos:<br \/>\nParticipa\u00e7\u00e3o na resolu\u00e7\u00e3o dos exerc\u00edcios em biogeografia<br \/>\nRelat\u00f3rios das aulas pr\u00e1ticas e estudos de caso.<br \/>\nReda\u00e7\u00e3o e apresenta\u00e7\u00e3o de semin\u00e1rios a partir de textos selecionados tem\u00e1ticos em biogeografia.<\/p>\n<p><strong>BIBLIOGRAFIA<\/strong><\/p>\n<p>Bizzi, L.A., C. Schobbenhaus, R.M. Vidotti &#038; J.H. Gon\u00e7alves (Org.) 2003. Geologia, Tect\u00f4nica e Recursos Minerais do Brasil. CPRM-Servi\u00e7o Geol\u00f3gico do Brasil. Texto, Mapas e SIG.<br \/>\nBizerril, C.R.S.F., 1994. An\u00e1lise taxon\u00f4mica e biogeogr\u00e1fica da ictiofauna de \u00e1gua doce do leste brasileiro. Acta Biol. Leopoldensia 16 (1): 51-80.<br \/>\nBuckup, P.A. 1999. Sistem\u00e1tica e biogeografia de peixes de riacho, pp. 91-135, in: Caramaschi, E.P., R.Mazzoni &#038; P.R.Peres-Neto (eds.), Ecologia de Peixes de Riacho: Estado Atual e Perspectivas.Oecologia Brasiliensis, VI, Rio de Janeiro.<br \/>\nCarvalho, C.J.B. 2004. Ferramentas atuais da Biogeografia Hist\u00f3rica para utiliza\u00e7\u00e3o em conserva\u00e7\u00e3o. In: Milano. M. S., Takahashi, L. Y. &#038; Nunes, M. L. Unidades de Conserva\u00e7\u00e3o: atualidades e tend\u00eancias Pp. 92-103. Funda\u00e7\u00e3o O Botic\u00e1rio de Prote\u00e7\u00e3o \u00e0 Natureza. Curitiba.<br \/>\nCastro, R.M.C. 1999. Evolu\u00e7\u00e3o da ictiofauna de riachos sul-americanos: padr\u00f5es gerais e poss\u00edveis processos causais. In: Ecologia de peixes de riachos: Estado Atual e Perspectivas. (E.P. Caramaschi, R. Mazzoni, C.R.S.F. Bizerril &#038; P.R. Peres-Neto, eds.). Oecologia Brasiliensis, vol. VII, Rio de Janeiro, p. 139-155.<br \/>\nCosta, W.J.E.M. 1995. Pearl Killifishes: The Cynolebiatinae: Systematics and Biogeography of a Neotropical Annual Fish Subfamily (Cyprinodontiformes: Rivulidae. T.F.H. Publ., Neptune City, 128 pp.<br \/>\nHern\u00e1ndez, H.M., A.N. Garc\u00eda Aldrete, F. Alvarez &#038; M. Ulloa. 2001. Enfoques contempor\u00e2neos para el est\u00fadio de la biodiversidad. M\u00e9xico: Ediciones Cient\u00edficas Universit\u00e1rias.<br \/>\nLundberg, J.G.; Marshall, L.G.; Guerrero, J.; Horton, B.; Malabarba, M.C.S.L. &#038; Wesselingh, F. 1998. The stage for Neotropical fish diversification: A history of tropical South American rivers. In: L.R. Malabarba, R.E. Reis, R.P. Vari, Z.M.S. Lucena &#038; C.A.S. Lucena (Eds.). Phylogeny and classification of Neotropical fishes. Edipucrs, Porto Alegre p. 13&#8211;48.<br \/>\nMagurran, A. E. 2004. Measuring biological diversity. Oxford: Blackwell Publishing.<br \/>\nMMA ? Minist\u00e9rio do Meio Ambiente. 2004. Lista Nacional das Esp\u00e9cies de Invertebrados Aqu\u00e1ticos e Peixes Amea\u00e7adas de Extin\u00e7\u00e3o. Instru\u00e7\u00e3o Normativa n\u00ba 5, 21 de Maio de 2004. In: Di\u00e1rio Oficial da Uni\u00e3o, se\u00e7\u00e3o 1, n\u00ba 102, sexta-feira, 28 de maio de 2004. Imprensa Nacional. pp. 136-141.<br \/>\nMorrone, J.J., D.E. Organista &#038; J.L. Bousquets. 1996. Manual de biogeografia hist\u00f3rica. M\u00e9xico: Universidad Nacional Aut\u00f4noma de M\u00e9xico.<br \/>\nReis, R.E.; S.O. Kullander &#038; C.J. Ferraris, Jr. (eds.) Checklist of the Freshwater Fishes of South and Central America. Porto Alegre: EDIPUCRS, Brasil.<br \/>\nRibeiro, A.C. 2006. Tectonic history and the biogeography of the freshwater fishes from the coastal drainages of eastern Brazil: an example of faunal evolution associated with a divergent continental margin. Neotropical Ichthyology 4 (2): 225-246.<br \/>\nSarmento-Soares, L.M. Mazzoni, R. &#038; Martins-Pinheiro, R.F. 2009. A fauna de peixes nas bacias litor\u00e2neas da Costa do Descobrimento, extremo sul da Bahia, Brasil. Sitientibus S\u00e9rie Ci\u00eancias Biologicas 9(2\/3):139-157.<\/p>\n<p><strong>BIBLIOGRAFIA COMPLEMENTAR:<\/strong><\/p>\n<p>Alkmim, F.F., A.C. Pedrosa-Soares, C.M. Noce &#038; S.C.P. Cruz. 2007. Sobre a evolu\u00e7\u00e3o tect\u00f4nica do or\u00f3geno Ara\u00e7ua\u00ed-Congo Ocidental. Geonomos 15(1): 25 ? 43.<br \/>\nArai, M. 2006. A Grande Eleva\u00e7\u00e3o Eust\u00e1tica do Mioceno e Sua Influ\u00eancia na Origem do Grupo Barreiras. Geologia USP 6 (2): 1-6.<br \/>\nBritski, H.A.; Sato, Y. &#038; Rosa, A.B.S. 1986. Manual de identifica\u00e7\u00e3o de peixes da regi\u00e3o de Tr\u00eas Marias: com chaves de identifica\u00e7\u00e3o para os peixes da bacia do S\u00e3o Francisco. 2\u00aa. edi\u00e7\u00e3o. CODEVASF. Companhia de Desenvolvimento do Vale do S\u00e3o Francisco, Bras\u00edlia.<br \/>\nBuckup, P.A. 1998. Biodiversidade dos Peixes da Mata Atl\u00e2ntica. In: Base de Dados Tropical (ed.). Biodiversity Patterns of South and Southeast Atlantic Rain Forest. http:\/\/www.bdt.org.br\/bdt\/workmatasud\/peixes.<br \/>\nCampanili, M &#038; M. Prochnowpp (orgs.). 2006. Mata Atl\u00e2ntica ? Uma rede pela floresta. Rede de ONGs da Mata Atl\u00e2ntica. RMA, Bras\u00edlia, p.198&#8211;234.<br \/>\nCesero, P. &#038; F. C. Ponte. 1997. An\u00e1lise comparativa da paleogeologia dos litorais atl\u00e2nticos brasileiro e africano. Boletim de Geoci\u00eancias, PETROBRAS, 11(1\/2): 1?18.<br \/>\nCetra, M., L.M. Sarmento-Soares &#038; R. F. Martins-Pinheiro. 2010. Peixes de riachos e novas Unidades de Conserva\u00e7\u00e3o no sul da Bahia. Pan-American Journal of Aquatic Sciences, 5(1): 11-21.<br \/>\nChagas, L.S. 2003. Bacias sedimentares Brasileiras. Bacia do Jequitinhonha. Phoenix 5 (59): 1-5.<br \/>\nCosta, W.J.E.M. 1996. Phylogenetic and biogeographic analysis of the neotropical annual fish genus Simpsonichthys (Cyprinodontiformes: Rivulidae). J. Comp. Biol. 1 (3\/4): 129-140.\n<\/p><\/div>\n","protected":false},"excerpt":{"rendered":"<p>PBAN-9526 &#8211; BIOGEOGRAFIA Biogeografia e Conserva\u00e7\u00e3o de Fauna Aqu\u00e1tica Carga hor\u00e1ria: 60 hs Cr\u00e9ditos: 4 EMENTA: Introdu\u00e7\u00e3o a Biogeografia (Hist\u00f3rico e primeiros esfor\u00e7os de divis\u00e3o biogeogr\u00e1fica do mundo; Objetivos da Biogeografia como disciplina-s\u00edntese; Biogeografia ecol\u00f3gica, Biogeografia hist\u00f3rica e correntes derivadas); &hellip; <a href=\"http:\/\/nossacasa.net\/nossosriachos\/pos\/ementa-2011\/\">Continue lendo <span class=\"meta-nav\">&rarr;<\/span><\/a><\/p>\n","protected":false},"author":1,"featured_media":65,"parent":0,"menu_order":0,"comment_status":"closed","ping_status":"closed","template":"","meta":{"footnotes":""},"class_list":["post-27","page","type-page","status-publish","has-post-thumbnail","hentry"],"_links":{"self":[{"href":"http:\/\/nossacasa.net\/nossosriachos\/pos\/wp-json\/wp\/v2\/pages\/27","targetHints":{"allow":["GET"]}}],"collection":[{"href":"http:\/\/nossacasa.net\/nossosriachos\/pos\/wp-json\/wp\/v2\/pages"}],"about":[{"href":"http:\/\/nossacasa.net\/nossosriachos\/pos\/wp-json\/wp\/v2\/types\/page"}],"author":[{"embeddable":true,"href":"http:\/\/nossacasa.net\/nossosriachos\/pos\/wp-json\/wp\/v2\/users\/1"}],"replies":[{"embeddable":true,"href":"http:\/\/nossacasa.net\/nossosriachos\/pos\/wp-json\/wp\/v2\/comments?post=27"}],"version-history":[{"count":4,"href":"http:\/\/nossacasa.net\/nossosriachos\/pos\/wp-json\/wp\/v2\/pages\/27\/revisions"}],"predecessor-version":[{"id":961,"href":"http:\/\/nossacasa.net\/nossosriachos\/pos\/wp-json\/wp\/v2\/pages\/27\/revisions\/961"}],"wp:featuredmedia":[{"embeddable":true,"href":"http:\/\/nossacasa.net\/nossosriachos\/pos\/wp-json\/wp\/v2\/media\/65"}],"wp:attachment":[{"href":"http:\/\/nossacasa.net\/nossosriachos\/pos\/wp-json\/wp\/v2\/media?parent=27"}],"curies":[{"name":"wp","href":"https:\/\/api.w.org\/{rel}","templated":true}]}}