{"id":270,"date":"2017-09-03T09:40:02","date_gmt":"2017-09-03T12:40:02","guid":{"rendered":"http:\/\/nossacasa.net\/nossosriachos\/pos\/?page_id=270"},"modified":"2019-08-15T11:33:31","modified_gmt":"2019-08-15T14:33:31","slug":"seminario-2015-2","status":"publish","type":"page","link":"http:\/\/nossacasa.net\/nossosriachos\/pos\/seminario-2015-2\/","title":{"rendered":"Semin\u00e1rio 2015-2"},"content":{"rendered":"<div style=\"text-align: justify;\">\n<div style=\"text-align: center;\">\n<img loading=\"lazy\" decoding=\"async\" src=\"http:\/\/nossacasa.net\/nossosriachos\/pos\/wp-content\/uploads\/sites\/5\/2017\/09\/seminario2015.jpg\" alt=\"\" width=\"200\" height=\"200\" class=\"alignleft size-full wp-image-218\" srcset=\"http:\/\/nossacasa.net\/nossosriachos\/pos\/wp-content\/uploads\/sites\/5\/2017\/09\/seminario2015.jpg 200w, http:\/\/nossacasa.net\/nossosriachos\/pos\/wp-content\/uploads\/sites\/5\/2017\/09\/seminario2015-150x150.jpg 150w\" sizes=\"auto, (max-width: 200px) 100vw, 200px\" \/><\/p>\n<hr>\n<hr>\n<hr>\n<hr>\n<p><strong>Biogeografia e Conserva\u00e7\u00e3o de Fauna Aqu\u00e1tica 2011-2<\/strong><\/p>\n<hr>\n<hr>\n<hr>\n<p>PROGRAMA DE P\u00d3S-GRADUA\u00c7\u00c3O EM CI\u00caNCIAS BIOL\u00d3GICAS- CENTRO DE CI\u00caNCIAS HUMANAS E NATURAIS<br \/>\nUNIVERSIDADE FEDERAL DO ESP\u00cdRITO SANTO<br \/>\nDISCIPLINA: Biogeografia e conserva\u00e7\u00e3o da fauna aqu\u00e1tica.<br \/>\nPBAN 9526 T\u00f3picos Especiais em Biologia Animal I<br \/>\nRESPONS\u00c1VEL: Luisa Maria Sarmento Soares.\n<\/p><\/div>\n<hr>\n<h1>SEMIN\u00c1RIOS<\/h1>\n<hr>\n<h4>GRUPO 2 &#8211; BIOGEOGRAFIA DA CONSERVA\u00c7\u00c2O<\/h4>\n<p><b>PAN-BIOGEOGRAFIA E \u00c1REAS PARA CONSERVA\u00c7\u00c3O<\/b><\/p>\n<h4>Uma avalia\u00e7\u00e3o sobre os textos:<\/p>\n<p>\u201c<b><i>Biogeografia dos Peixes de \u00c1gua Doce da Am\u00e9rica do Sul<\/i><\/b>&#8221; de Alexandre Cunha Ribeiro, Fl\u00e1vio Ces\u00e1r Tadheo de Lima &amp; Na\u00e9rcio Aquino Menezes(<a href=\"http:\/\/www.nossosriachos.net\/posgraduacao\/doc\/2014_2_1.pdf\" target=\"_blank\" rel=\"noopener noreferrer\"><span style=\"font-size: xx-small;\">pdf<\/span><\/a>).<\/h4>\n<ul type=\"circle\">\n<li>Planejamento de \u00e1reas a conservar<\/li>\n<li>Padr\u00f5es de riqueza e diversidade<\/li>\n<li>An\u00e1lise de dados<\/li>\n<li>Bibliografia<\/li>\n<\/ul>\n<p><b>APRESENTA\u00c7\u00c3O:<\/b>\u00a0S\u00e1bado, \u00a0 pela manh\u00e3.<\/p>\n<p><b>ALUNOS:<\/b>\n<\/div>\n","protected":false},"excerpt":{"rendered":"<p>Biogeografia e Conserva\u00e7\u00e3o de Fauna Aqu\u00e1tica 2011-2 PROGRAMA DE P\u00d3S-GRADUA\u00c7\u00c3O EM CI\u00caNCIAS BIOL\u00d3GICAS- CENTRO DE CI\u00caNCIAS HUMANAS E NATURAIS UNIVERSIDADE FEDERAL DO ESP\u00cdRITO SANTO DISCIPLINA: Biogeografia e conserva\u00e7\u00e3o da fauna aqu\u00e1tica. PBAN 9526 T\u00f3picos Especiais em Biologia Animal I RESPONS\u00c1VEL: &hellip; <a href=\"http:\/\/nossacasa.net\/nossosriachos\/pos\/seminario-2015-2\/\">Continue lendo <span class=\"meta-nav\">&rarr;<\/span><\/a><\/p>\n","protected":false},"author":1,"featured_media":218,"parent":0,"menu_order":0,"comment_status":"closed","ping_status":"closed","template":"","meta":{"footnotes":""},"class_list":["post-270","page","type-page","status-publish","has-post-thumbnail","hentry"],"_links":{"self":[{"href":"http:\/\/nossacasa.net\/nossosriachos\/pos\/wp-json\/wp\/v2\/pages\/270","targetHints":{"allow":["GET"]}}],"collection":[{"href":"http:\/\/nossacasa.net\/nossosriachos\/pos\/wp-json\/wp\/v2\/pages"}],"about":[{"href":"http:\/\/nossacasa.net\/nossosriachos\/pos\/wp-json\/wp\/v2\/types\/page"}],"author":[{"embeddable":true,"href":"http:\/\/nossacasa.net\/nossosriachos\/pos\/wp-json\/wp\/v2\/users\/1"}],"replies":[{"embeddable":true,"href":"http:\/\/nossacasa.net\/nossosriachos\/pos\/wp-json\/wp\/v2\/comments?post=270"}],"version-history":[{"count":4,"href":"http:\/\/nossacasa.net\/nossosriachos\/pos\/wp-json\/wp\/v2\/pages\/270\/revisions"}],"predecessor-version":[{"id":1027,"href":"http:\/\/nossacasa.net\/nossosriachos\/pos\/wp-json\/wp\/v2\/pages\/270\/revisions\/1027"}],"wp:featuredmedia":[{"embeddable":true,"href":"http:\/\/nossacasa.net\/nossosriachos\/pos\/wp-json\/wp\/v2\/media\/218"}],"wp:attachment":[{"href":"http:\/\/nossacasa.net\/nossosriachos\/pos\/wp-json\/wp\/v2\/media?parent=270"}],"curies":[{"name":"wp","href":"https:\/\/api.w.org\/{rel}","templated":true}]}}