{"id":274,"date":"2017-09-03T09:41:30","date_gmt":"2017-09-03T12:41:30","guid":{"rendered":"http:\/\/nossacasa.net\/nossosriachos\/pos\/?page_id=274"},"modified":"2019-08-15T11:38:27","modified_gmt":"2019-08-15T14:38:27","slug":"seminario-2016-2","status":"publish","type":"page","link":"http:\/\/nossacasa.net\/nossosriachos\/pos\/seminario-2016-2\/","title":{"rendered":"Semin\u00e1rio 2016-2"},"content":{"rendered":"<div style=\"text-align: justify;\">\n<div style=\"text-align: center;\">\n<img loading=\"lazy\" decoding=\"async\" src=\"http:\/\/nossacasa.net\/nossosriachos\/pos\/wp-content\/uploads\/sites\/5\/2017\/09\/seminario2016.jpg\" alt=\"\" width=\"200\" height=\"200\" class=\"alignleft size-full wp-image-219\" srcset=\"http:\/\/nossacasa.net\/nossosriachos\/pos\/wp-content\/uploads\/sites\/5\/2017\/09\/seminario2016.jpg 200w, http:\/\/nossacasa.net\/nossosriachos\/pos\/wp-content\/uploads\/sites\/5\/2017\/09\/seminario2016-150x150.jpg 150w\" sizes=\"auto, (max-width: 200px) 100vw, 200px\" \/><\/p>\n<hr>\n<hr>\n<hr>\n<hr>\n<p><strong>Biogeografia e Conserva\u00e7\u00e3o de Fauna Aqu\u00e1tica 2011-2<\/strong><\/p>\n<hr>\n<hr>\n<hr>\n<p>PROGRAMA DE P\u00d3S-GRADUA\u00c7\u00c3O EM CI\u00caNCIAS BIOL\u00d3GICAS- CENTRO DE CI\u00caNCIAS HUMANAS E NATURAIS<br \/>\nUNIVERSIDADE FEDERAL DO ESP\u00cdRITO SANTO<br \/>\nDISCIPLINA: Biogeografia e conserva\u00e7\u00e3o da fauna aqu\u00e1tica.<br \/>\nPBAN 9526 T\u00f3picos Especiais em Biologia Animal I<br \/>\nRESPONS\u00c1VEL: Luisa Maria Sarmento Soares.\n<\/p><\/div>\n<hr>\n<h1>SEMIN\u00c1RIOS<\/h1>\n<hr>\n<h4>GRUPO 2 &#8211; BIOGEOGRAFIA &#8211; PADR\u00d5ES ESPACIAIS<\/h4>\n<p><b>Avalia\u00e7\u00e3o de distribui\u00e7\u00f5es em esp\u00e9cies de origem marinha<\/b><\/p>\n<h4>Uma avalia\u00e7\u00e3o sobre os textos:<\/p>\n<p><b><i>2013. Marine dispersal and barriers drive Atlantic seahorse diversification<\/i><\/b>\u00a0de J. T. Boehm e colaboradores(<a href=\"http:\/\/www.nossosriachos.net\/posgraduacao\/doc\/Boehm.pdf\" target=\"_blank\" rel=\"noopener noreferrer\"><span style=\"font-size: xx-small;\">pdf<\/span><\/a>).<\/h4>\n<ul type=\"circle\">\n<li>Padr\u00f5es geogr\u00e1ficos de diversidade<\/li>\n<li>Padr\u00f5es de riqueza e diversidade<\/li>\n<li>Esp\u00e9cie bandeira<\/li>\n<\/ul>\n<p><b><i>2010. Molecular phylogenetics supports multiple evolutionary transitions from marine to freshwater habitats in ariid catfishes<\/i><\/b>\u00a0de Ricardo Betancur(<a href=\"http:\/\/www.nossosriachos.net\/posgraduacao\/doc\/Ricardo.pdf\" target=\"_blank\" rel=\"noopener noreferrer\"><span style=\"font-size: xx-small;\">pdf<\/span><\/a>).<\/p>\n<ul type=\"circle\">\n<li>Origem de linhagem derivadas marinhas em \u00e1gua doce<\/li>\n<li>Aspectos ecol\u00f3gicos e biogeogr\u00e1ficos<\/li>\n<\/ul>\n<p><b>APRESENTA\u00c7\u00c3O:<\/b>\u00a0Sexta-feira, \u00e0 tarde.<\/p>\n<p><b>ALUNOS:<\/b><\/p>\n<ol type=\"1\">\n<li><\/li>\n<li><\/li>\n<li><\/li>\n<\/ol>\n<\/div>\n","protected":false},"excerpt":{"rendered":"<p>Biogeografia e Conserva\u00e7\u00e3o de Fauna Aqu\u00e1tica 2011-2 PROGRAMA DE P\u00d3S-GRADUA\u00c7\u00c3O EM CI\u00caNCIAS BIOL\u00d3GICAS- CENTRO DE CI\u00caNCIAS HUMANAS E NATURAIS UNIVERSIDADE FEDERAL DO ESP\u00cdRITO SANTO DISCIPLINA: Biogeografia e conserva\u00e7\u00e3o da fauna aqu\u00e1tica. PBAN 9526 T\u00f3picos Especiais em Biologia Animal I RESPONS\u00c1VEL: &hellip; <a href=\"http:\/\/nossacasa.net\/nossosriachos\/pos\/seminario-2016-2\/\">Continue lendo <span class=\"meta-nav\">&rarr;<\/span><\/a><\/p>\n","protected":false},"author":1,"featured_media":219,"parent":0,"menu_order":0,"comment_status":"closed","ping_status":"closed","template":"","meta":{"footnotes":""},"class_list":["post-274","page","type-page","status-publish","has-post-thumbnail","hentry"],"_links":{"self":[{"href":"http:\/\/nossacasa.net\/nossosriachos\/pos\/wp-json\/wp\/v2\/pages\/274","targetHints":{"allow":["GET"]}}],"collection":[{"href":"http:\/\/nossacasa.net\/nossosriachos\/pos\/wp-json\/wp\/v2\/pages"}],"about":[{"href":"http:\/\/nossacasa.net\/nossosriachos\/pos\/wp-json\/wp\/v2\/types\/page"}],"author":[{"embeddable":true,"href":"http:\/\/nossacasa.net\/nossosriachos\/pos\/wp-json\/wp\/v2\/users\/1"}],"replies":[{"embeddable":true,"href":"http:\/\/nossacasa.net\/nossosriachos\/pos\/wp-json\/wp\/v2\/comments?post=274"}],"version-history":[{"count":4,"href":"http:\/\/nossacasa.net\/nossosriachos\/pos\/wp-json\/wp\/v2\/pages\/274\/revisions"}],"predecessor-version":[{"id":1031,"href":"http:\/\/nossacasa.net\/nossosriachos\/pos\/wp-json\/wp\/v2\/pages\/274\/revisions\/1031"}],"wp:featuredmedia":[{"embeddable":true,"href":"http:\/\/nossacasa.net\/nossosriachos\/pos\/wp-json\/wp\/v2\/media\/219"}],"wp:attachment":[{"href":"http:\/\/nossacasa.net\/nossosriachos\/pos\/wp-json\/wp\/v2\/media?parent=274"}],"curies":[{"name":"wp","href":"https:\/\/api.w.org\/{rel}","templated":true}]}}