{"id":337,"date":"2017-09-03T10:59:21","date_gmt":"2017-09-03T13:59:21","guid":{"rendered":"http:\/\/nossacasa.net\/nossosriachos\/pos\/?page_id=337"},"modified":"2017-09-03T12:19:04","modified_gmt":"2017-09-03T15:19:04","slug":"fotos-2016","status":"publish","type":"page","link":"http:\/\/nossacasa.net\/nossosriachos\/pos\/fotos-2016\/","title":{"rendered":"Fotos 2016"},"content":{"rendered":"<p><strong>BIOGEOGRAFIA:<br \/>\nBiogeografia e Conserva\u00e7\u00e3o de Fauna Aqu\u00e1tica (PPGBAN 2016-2<\/strong>)<\/p>\n<div style=\"text-align: justify;\">\n[metaslider id=378]\n<\/div>\n","protected":false},"excerpt":{"rendered":"<p>BIOGEOGRAFIA: Biogeografia e Conserva\u00e7\u00e3o de Fauna Aqu\u00e1tica (PPGBAN 2016-2) [metaslider id=378]<\/p>\n","protected":false},"author":1,"featured_media":210,"parent":0,"menu_order":0,"comment_status":"closed","ping_status":"closed","template":"","meta":{"footnotes":""},"class_list":["post-337","page","type-page","status-publish","has-post-thumbnail","hentry"],"_links":{"self":[{"href":"http:\/\/nossacasa.net\/nossosriachos\/pos\/wp-json\/wp\/v2\/pages\/337","targetHints":{"allow":["GET"]}}],"collection":[{"href":"http:\/\/nossacasa.net\/nossosriachos\/pos\/wp-json\/wp\/v2\/pages"}],"about":[{"href":"http:\/\/nossacasa.net\/nossosriachos\/pos\/wp-json\/wp\/v2\/types\/page"}],"author":[{"embeddable":true,"href":"http:\/\/nossacasa.net\/nossosriachos\/pos\/wp-json\/wp\/v2\/users\/1"}],"replies":[{"embeddable":true,"href":"http:\/\/nossacasa.net\/nossosriachos\/pos\/wp-json\/wp\/v2\/comments?post=337"}],"version-history":[{"count":3,"href":"http:\/\/nossacasa.net\/nossosriachos\/pos\/wp-json\/wp\/v2\/pages\/337\/revisions"}],"predecessor-version":[{"id":393,"href":"http:\/\/nossacasa.net\/nossosriachos\/pos\/wp-json\/wp\/v2\/pages\/337\/revisions\/393"}],"wp:featuredmedia":[{"embeddable":true,"href":"http:\/\/nossacasa.net\/nossosriachos\/pos\/wp-json\/wp\/v2\/media\/210"}],"wp:attachment":[{"href":"http:\/\/nossacasa.net\/nossosriachos\/pos\/wp-json\/wp\/v2\/media?parent=337"}],"curies":[{"name":"wp","href":"https:\/\/api.w.org\/{rel}","templated":true}]}}