{"id":339,"date":"2017-09-03T10:59:58","date_gmt":"2017-09-03T13:59:58","guid":{"rendered":"http:\/\/nossacasa.net\/nossosriachos\/pos\/?page_id=339"},"modified":"2017-09-03T12:24:16","modified_gmt":"2017-09-03T15:24:16","slug":"fotos-2017","status":"publish","type":"page","link":"http:\/\/nossacasa.net\/nossosriachos\/pos\/fotos-2017\/","title":{"rendered":"Fotos 2017"},"content":{"rendered":"<p><strong>BIOGEOGRAFIA:<br \/>\nBiogeografia e Conserva\u00e7\u00e3o de Fauna Aqu\u00e1tica (PPGBAN 2017-2<\/strong>)<\/p>\n<div style=\"text-align: justify;\">\n[metaslider id=394]\n<\/div>\n","protected":false},"excerpt":{"rendered":"<p>BIOGEOGRAFIA: Biogeografia e Conserva\u00e7\u00e3o de Fauna Aqu\u00e1tica (PPGBAN 2017-2) [metaslider id=394]<\/p>\n","protected":false},"author":1,"featured_media":211,"parent":0,"menu_order":0,"comment_status":"closed","ping_status":"closed","template":"","meta":{"footnotes":""},"class_list":["post-339","page","type-page","status-publish","has-post-thumbnail","hentry"],"_links":{"self":[{"href":"http:\/\/nossacasa.net\/nossosriachos\/pos\/wp-json\/wp\/v2\/pages\/339","targetHints":{"allow":["GET"]}}],"collection":[{"href":"http:\/\/nossacasa.net\/nossosriachos\/pos\/wp-json\/wp\/v2\/pages"}],"about":[{"href":"http:\/\/nossacasa.net\/nossosriachos\/pos\/wp-json\/wp\/v2\/types\/page"}],"author":[{"embeddable":true,"href":"http:\/\/nossacasa.net\/nossosriachos\/pos\/wp-json\/wp\/v2\/users\/1"}],"replies":[{"embeddable":true,"href":"http:\/\/nossacasa.net\/nossosriachos\/pos\/wp-json\/wp\/v2\/comments?post=339"}],"version-history":[{"count":2,"href":"http:\/\/nossacasa.net\/nossosriachos\/pos\/wp-json\/wp\/v2\/pages\/339\/revisions"}],"predecessor-version":[{"id":398,"href":"http:\/\/nossacasa.net\/nossosriachos\/pos\/wp-json\/wp\/v2\/pages\/339\/revisions\/398"}],"wp:featuredmedia":[{"embeddable":true,"href":"http:\/\/nossacasa.net\/nossosriachos\/pos\/wp-json\/wp\/v2\/media\/211"}],"wp:attachment":[{"href":"http:\/\/nossacasa.net\/nossosriachos\/pos\/wp-json\/wp\/v2\/media?parent=339"}],"curies":[{"name":"wp","href":"https:\/\/api.w.org\/{rel}","templated":true}]}}