{"id":44,"date":"2017-09-02T17:56:23","date_gmt":"2017-09-02T20:56:23","guid":{"rendered":"http:\/\/nossacasa.net\/nossosriachos\/pos\/?page_id=44"},"modified":"2019-08-14T13:38:32","modified_gmt":"2019-08-14T16:38:32","slug":"ementa-2017","status":"publish","type":"page","link":"http:\/\/nossacasa.net\/nossosriachos\/pos\/ementa-2017\/","title":{"rendered":"Ementa 2017"},"content":{"rendered":"<div style=\"text-align: justify;\">\n<div style=\"text-align: center;\">\n<img loading=\"lazy\" decoding=\"async\" src=\"http:\/\/nossacasa.net\/nossosriachos\/pos\/wp-content\/uploads\/sites\/5\/2017\/09\/ementa2017.jpg\" alt=\"\" width=\"200\" height=\"200\" class=\"alignleft size-full wp-image-71\" srcset=\"http:\/\/nossacasa.net\/nossosriachos\/pos\/wp-content\/uploads\/sites\/5\/2017\/09\/ementa2017.jpg 200w, http:\/\/nossacasa.net\/nossosriachos\/pos\/wp-content\/uploads\/sites\/5\/2017\/09\/ementa2017-150x150.jpg 150w\" sizes=\"auto, (max-width: 200px) 100vw, 200px\" \/><\/p>\n<hr>\n<hr>\n<hr>\n<p><strong>Biogeografia e Conserva\u00e7\u00e3o de Fauna Aqu\u00e1tica 2017-2<br \/>\nPROGRAMA\u00c7\u00c3O DAS AULAS<\/strong><\/p>\n<hr>\n<hr>\n<hr>\n<p>PROGRAMA DE P\u00d3S-GRADUA\u00c7\u00c3O EM CI\u00caNCIAS BIOL\u00d3GICAS- CENTRO DE CI\u00caNCIAS HUMANAS E NATURAIS<br \/>\nUNIVERSIDADE FEDERAL DO ESP\u00cdRITO SANTO<br \/>\nDISCIPLINA: Biogeografia e conserva\u00e7\u00e3o da fauna aqu\u00e1tica.<br \/>\nPBAN 9526 T\u00f3picos Especiais em Biologia Animal I<br \/>\nRESPONS\u00c1VEL: Luisa Maria Sarmento Soares\n<\/p><\/div>\n<p>Carga hor\u00e1ria: 60 hs<br \/>\nCr\u00e9ditos: 4<\/p>\n<p><strong>EMENTA:<\/strong><\/p>\n<p>Introdu\u00e7\u00e3o a Biogeografia (Hist\u00f3rico e primeiros esfor\u00e7os de divis\u00e3o biogeogr\u00e1fica do mundo; Objetivos da Biogeografia como disciplina-s\u00edntese; Biogeografia ecol\u00f3gica, Biogeografia hist\u00f3rica e correntes derivadas); Padr\u00f5es de Distribui\u00e7\u00e3o (Disjun\u00e7\u00f5es, Grupos relictuais, Corredores\/filtros\/sweepstakes, Endemismo e cosmopolitismo, Padr\u00f5es de raridade, Padr\u00f5es de biodiversidade &#8211; hotspots, regras biogeogr\u00e1ficas; Terminologia biogeogr\u00e1fica associada aos padr\u00f5es de distribui\u00e7\u00e3o); Padr\u00f5es no passado (Tect\u00f4nica de placas, O grande interc\u00e2mbio americano, Grandes eventos de extin\u00e7\u00e3o); Ilhas e ambientes insulares (Biogeografia de Ilhas, Ref\u00fagios pleistoc\u00eanicos); Biogeografia anal\u00edtica (Biogeografia Dispersionista e Biogeografia Vicariante, Panbiogeografia, Biogeografia Filogen\u00e9tica, Biogeografia Clad\u00edstica, An\u00e1lise Parcimoniosa de Endemismo, Filogeografia); Biogeografia Aplicada \u00e0 Conserva\u00e7\u00e3o (M\u00e9todos de Sele\u00e7\u00e3o de \u00c1reas Priorit\u00e1rias, Planejamento Sistem\u00e1tico de Conserva\u00e7\u00e3o).\n<\/p><\/div>\n","protected":false},"excerpt":{"rendered":"<p>Biogeografia e Conserva\u00e7\u00e3o de Fauna Aqu\u00e1tica 2017-2 PROGRAMA\u00c7\u00c3O DAS AULAS PROGRAMA DE P\u00d3S-GRADUA\u00c7\u00c3O EM CI\u00caNCIAS BIOL\u00d3GICAS- CENTRO DE CI\u00caNCIAS HUMANAS E NATURAIS UNIVERSIDADE FEDERAL DO ESP\u00cdRITO SANTO DISCIPLINA: Biogeografia e conserva\u00e7\u00e3o da fauna aqu\u00e1tica. PBAN 9526 T\u00f3picos Especiais em Biologia &hellip; <a href=\"http:\/\/nossacasa.net\/nossosriachos\/pos\/ementa-2017\/\">Continue lendo <span class=\"meta-nav\">&rarr;<\/span><\/a><\/p>\n","protected":false},"author":1,"featured_media":71,"parent":0,"menu_order":0,"comment_status":"closed","ping_status":"closed","template":"","meta":{"footnotes":""},"class_list":["post-44","page","type-page","status-publish","has-post-thumbnail","hentry"],"_links":{"self":[{"href":"http:\/\/nossacasa.net\/nossosriachos\/pos\/wp-json\/wp\/v2\/pages\/44","targetHints":{"allow":["GET"]}}],"collection":[{"href":"http:\/\/nossacasa.net\/nossosriachos\/pos\/wp-json\/wp\/v2\/pages"}],"about":[{"href":"http:\/\/nossacasa.net\/nossosriachos\/pos\/wp-json\/wp\/v2\/types\/page"}],"author":[{"embeddable":true,"href":"http:\/\/nossacasa.net\/nossosriachos\/pos\/wp-json\/wp\/v2\/users\/1"}],"replies":[{"embeddable":true,"href":"http:\/\/nossacasa.net\/nossosriachos\/pos\/wp-json\/wp\/v2\/comments?post=44"}],"version-history":[{"count":3,"href":"http:\/\/nossacasa.net\/nossosriachos\/pos\/wp-json\/wp\/v2\/pages\/44\/revisions"}],"predecessor-version":[{"id":972,"href":"http:\/\/nossacasa.net\/nossosriachos\/pos\/wp-json\/wp\/v2\/pages\/44\/revisions\/972"}],"wp:featuredmedia":[{"embeddable":true,"href":"http:\/\/nossacasa.net\/nossosriachos\/pos\/wp-json\/wp\/v2\/media\/71"}],"wp:attachment":[{"href":"http:\/\/nossacasa.net\/nossosriachos\/pos\/wp-json\/wp\/v2\/media?parent=44"}],"curies":[{"name":"wp","href":"https:\/\/api.w.org\/{rel}","templated":true}]}}