{"id":489,"date":"2018-10-01T15:40:17","date_gmt":"2018-10-01T18:40:17","guid":{"rendered":"http:\/\/nossacasa.net\/nossosriachos\/pos\/?page_id=489"},"modified":"2019-08-14T11:53:14","modified_gmt":"2019-08-14T14:53:14","slug":"aula-2018","status":"publish","type":"page","link":"http:\/\/nossacasa.net\/nossosriachos\/pos\/aula-2018\/","title":{"rendered":"Aula 2018"},"content":{"rendered":"<div style=\"text-align: justify;\">\n<div style=\"text-align: center;\">\n<img loading=\"lazy\" decoding=\"async\" src=\"http:\/\/nossacasa.net\/nossosriachos\/pos\/wp-content\/uploads\/sites\/5\/2017\/09\/aula-300x219.jpg\" alt=\"\" width=\"300\" height=\"219\" class=\"alignleft size-medium wp-image-56\" srcset=\"http:\/\/nossacasa.net\/nossosriachos\/pos\/wp-content\/uploads\/sites\/5\/2017\/09\/aula-300x219.jpg 300w, http:\/\/nossacasa.net\/nossosriachos\/pos\/wp-content\/uploads\/sites\/5\/2017\/09\/aula-768x560.jpg 768w, http:\/\/nossacasa.net\/nossosriachos\/pos\/wp-content\/uploads\/sites\/5\/2017\/09\/aula-1024x747.jpg 1024w, http:\/\/nossacasa.net\/nossosriachos\/pos\/wp-content\/uploads\/sites\/5\/2017\/09\/aula-411x300.jpg 411w, http:\/\/nossacasa.net\/nossosriachos\/pos\/wp-content\/uploads\/sites\/5\/2017\/09\/aula.jpg 1600w\" sizes=\"auto, (max-width: 300px) 100vw, 300px\" \/><\/p>\n<hr>\n<hr>\n<hr>\n<p><strong>Biogeografia e Conserva\u00e7\u00e3o de Fauna Aqu\u00e1tica 2018-2<br \/>\nPROGRAMA\u00c7\u00c3O DAS AULAS<\/strong><\/p>\n<hr>\n<hr>\n<hr>\n<hr>\n<p>PROGRAMA DE P\u00d3S-GRADUA\u00c7\u00c3O EM CI\u00caNCIAS BIOL\u00d3GICAS- CENTRO DE CI\u00caNCIAS HUMANAS E NATURAIS<br \/>\nUNIVERSIDADE FEDERAL DO ESP\u00cdRITO SANTO<br \/>\nDISCIPLINA: Biogeografia e conserva\u00e7\u00e3o da fauna aqu\u00e1tica.<br \/>\nPBAN 9526 T\u00f3picos Especiais em Biologia Animal I<br \/>\nRESPONS\u00c1VEL: Luisa Maria Sarmento Soares\n<\/p><\/div>\n<p><strong>Carga hor\u00e1ria: 60 hs<br \/>\nCr\u00e9ditos: 4<\/p>\n<p>AVALIA\u00c7\u00c3O:<\/strong><\/p>\n<ul>\nA avalia\u00e7\u00e3o do desempenho dos alunos ser\u00e1 feita atrav\u00e9s dos seguintes instrumentos:<\/p>\n<li>Participa\u00e7\u00e3o na resolu\u00e7\u00e3o dos exerc\u00edcios em biogeografia.<\/li>\n<li>Interatividade nas aulas pr\u00e1ticas e leitura complementar.<\/li>\n<li>Reda\u00e7\u00e3o e interatividade em debate a partir de textos selecionados tem\u00e1ticos em biogeografia da conserva\u00e7\u00e3o.<\/li>\n<\/ul>\n<p><strong>CRONOGRAMA DE EXECU\u00c7\u00c3O DA DISCIPLINA<\/strong><\/p>\n<p><strong>1\u00ba. Dia<\/strong> &#8211; 11\/10\/2017 &#8211; Aulas 1 e 2<br \/>\n<strong>Aulas:<\/strong><\/p>\n<ul>\n<li>Regi\u00f5es zoogeogr\u00e1ficas &#8211; exemplos da fauna aqu\u00e1tica &#8211; Regi\u00e3o Neotropical e forma\u00e7\u00e3o das bacias continentais na Am\u00e9rica Sul (aula 1 \u2013 manh\u00e3).<\/li>\n<li>Bacias austrais (aula 2 &#8211; manh\u00e3).<\/li>\n<li>Distribui\u00e7\u00e3o dos Temas para Debates (manh\u00e3).<\/li>\n<\/ul>\n<p><strong>Leitura complementar 1<\/strong>:<br \/>\nAntonelli, A. 2016. Biogeografia Neotropical. Poss\u00edveis metas e desafios para os pr\u00f3ximos dez anos. In: Carvalho, C.J.B. &#038; E.A.B. Almeida (Orgs.). Biogeografia da Am\u00e9rica do Sul. An\u00e1lise de Tempo, Espa\u00e7o e Forma. 2a. ed.. Roca.(<a href=\"http:\/\/www.nossacasa.net\/nossosriachos\/posgraduacao\/doc\/2016_antonelli_biogeografia-da-america do-sul.pdf\" target=\"_blank\" rel=\"noopener noreferrer\">pdf<\/a>) <\/p>\n<p><strong>Exerc\u00edcio 1<\/strong>:<br \/>\nInterpreta\u00e7\u00f5es globais de padr\u00f5es de distribui\u00e7\u00e3o e endemismo (exerc\u00edcio com mapas).<br \/>\n<strong><em>Texto de refer\u00eancia para o exerc\u00edcio 1:<\/em><\/strong> Da Silva, M.B. 2011. \u00c1reas de endemismo: as esp\u00e9cies vivem em qualquer lugar, onde podem ou onde historicamente evolu\u00edram?(<a href=\"http:\/\/www.nossacasa.net\/nossosriachos\/posgraduacao\/doc\/2011_dasilva-endemismo.pdf\" target=\"_blank\" rel=\"noopener noreferrer\">pdf<\/a>)<\/p>\n<p><strong>2\u00ba. Dia<\/strong> &#8211; 16\/10\/2017 &#8211; Aulas 3, 4 e 5<br \/>\n<strong>Aulas:<\/strong><\/p>\n<ul>\n<li>Bacias do Atl\u00e2ntico Sul (aula 3 &#8211; manh\u00e3).<\/li>\n<li>Bacias do Uruguai (aula 4 &#8211; manh\u00e3).<\/li>\n<li>Bacias do Atl\u00e2ntico Sudeste (aula 5 &#8211; manh\u00e3).<\/li>\n<\/ul>\n<p><strong>Leitura complementar 2:<\/strong><br \/>\nZanella, F.C.V. 2011. Evolu\u00e7\u00e3o da Biota da Diagonal de Forma\u00e7\u00f5es Abertas Secas da Am\u00e9rica do Sul.  In: Carvalho, C.J.B. &#038; E.A.B. Almeida (Orgs.). Biogeografia da Am\u00e9rica do Sul. Padr\u00f5es e Processos.(<a href=\"http:\/\/www.nossacasa.net\/nossosriachos\/posgraduacao\/doc\/2011_zanella-diagonal-seca.pdf\" target=\"_blank\" rel=\"noopener noreferrer\">pdf<\/a>)<\/p>\n<p><strong>Exerc\u00edcio 2<\/strong>:<br \/>\nPanbiogeografia e conserva\u00e7\u00e3o (exerc\u00edcio com mapas e texto).<br \/>\n<strong><em>Textos de refer\u00eancia para o exerc\u00edcio 2<\/em><\/strong>: Goldani, A. 2010. Aplicabilidades e estudo comparativo da biogeografia hist\u00f3rica na regi\u00e3o Neotropical como ferramentas para conserva\u00e7\u00e3o: os m\u00e9todos &#8220;an\u00e1lise de parcim\u00f4nia de endemismo&#8221; e &#8220;panbiogeografia&#8221;. Tese de Doutorado. Bioci\u00eancias. PUCRS cap. 3(<a href=\"http:\/\/www.nossacasa.net\/nossosriachos\/posgraduacao\/doc\/2010_goldani-panbiogeografia-cap-3.pdf\" target=\"_blank\" rel=\"noopener noreferrer\">pdf<\/a>)<\/p>\n<p><strong>3\u00ba. Dia<\/strong> &#8211; 17\/10\/2017 &#8211; Aulas 6, 7 e 8<br \/>\n<strong>Aulas:<\/strong><\/p>\n<ul>\n<li>Orogenia do Atl\u00e2ntico e Bacia do S\u00e3o Francisco (aula 6 &#8211; manh\u00e3).<\/li>\n<li>Bacias do Atl\u00e2ntico Leste (aula 7 &#8211; manh\u00e3).<\/li>\n<li>Escudo cristalino e Bacias do Atl\u00e2ntico Nordeste (aula 8 &#8211; manh\u00e3).<\/li>\n<\/ul>\n<p><strong>Leitura complementar 3:<\/strong><br \/>\n2011 Lima &#038; Caires. Peixes da Esta\u00e7\u00e3o Ecol\u00f3gica Serra Geral do Tocantins, bacias dos Rios Tocantins e S\u00e3o Francisco, com observa\u00e7\u00f5es sobre as implica\u00e7\u00f5es biogeogr\u00e1ficas das &#8220;\u00e1guas emendadas&#8221; dos Rios Sap\u00e3o e Galheiros. Biota Neotropica 11(1).(<a href=\"http:\/\/www.nossacasa.net\/nossosriachos\/posgraduacao\/doc\/2011_lima_caires-peixes-da-estacao-ecologica-serra-geral-do-tocantins.pdf\" target=\"_blank\" rel=\"noopener noreferrer\">pdf<\/a>)<\/p>\n<p><strong>Exerc\u00edcio 3<\/strong>:<br \/>\nAvalia\u00e7\u00e3o de cladogramas gerais de \u00e1rea. Um estudo de caso com bagres marinhos Ariidae.<br \/>\n<strong><em>Textos de refer\u00eancia para o exerc\u00edcio 3<\/em><\/strong>: Betancur, R. 2010. Molecular phylogenetics supports multiple evolutionary transitions from marine to freshwater habitats in ariid catfishes. Molecular Phylogenetics and Evolution 55: 249-258.(<a href=\"http:\/\/www.nossacasa.net\/nossosriachos\/posgraduacao\/doc\/2010_betancur-biogeography-ariidae.pdf\" target=\"_blank\" rel=\"noopener noreferrer\">pdf<\/a>)<\/p>\n<p><strong>4\u00ba. Dia<\/strong> &#8211; 18\/10\/2017 &#8211; Aulas 9, 10 e 11<br \/>\n<strong>Aulas:<\/strong><\/p>\n<ul>\n<li> Orogenia andina e Amazonas (aula 9 &#8211; manh\u00e3).<\/li>\n<li> Bacia do Amazonas (aula 10 &#8211; manh\u00e3).<\/li>\n<li> Bacia do Tocantins\/Araguaia (aula 11 &#8211; manh\u00e3).<\/li>\n<\/ul>\n<p><strong>Leituras complementares 4:<\/strong><br \/>\nRosa, R.S. &#038; Groth, F. 2004. Ictiofauna dos ecossistemas de Brejos de Altitude de Pernambuco e Para\u00edba. In Brejos de Altitude em Pernambuco e Para\u00edba, Hist\u00f3ria Natural, Ecologia e Conserva\u00e7\u00e3o (K.C. Porto, J.J.P. Cabral &#038; M. Tabarelli, eds.). Minist\u00e9rio do Meio Ambiente (s\u00e9rie Biodiversidade, 9), Bras\u00edlia, p.201-210. (<a href=\"http:\/\/www.nossacasa.net\/nossosriachos\/posgraduacao\/doc\/2004_rosa_groth-ecossistemas-de-brejos-de-altitude-de-pernambuco-e-paraiba.pdf\" target=\"_blank\" rel=\"noopener noreferrer\">pdf<\/a>)<br \/>\nRosa, RS., Meneses, NA., Britski, HA., Costa, WJEM. and Groth, F., 2003. Diversidade, padr\u00f5es de distribui\u00e7\u00e3o e conserva\u00e7\u00e3o dos peixes da Caatinga. In Leal, IR., Tabarelli, M. and Silva, JMC. (Eds.). Ecologia e Conserva\u00e7\u00e3o da Caatinga. Recife: Editora Universit\u00e1ria da UFPE. p. 135-162..(<a href=\"http:\/\/www.nossacasa.net\/nossosriachos\/posgraduacao\/doc\/2003_rosa_et-al-diversidade-padroes-de-distribuicao-e-conservacao-dos-peixes-da-caatinga.pdf\" target=\"_blank\" rel=\"noopener noreferrer\">pdf<\/a>)<\/p>\n<p><strong>Pr\u00e1ticas<\/strong>:<br \/>\n<strong>Pr\u00e1tica 1:<\/strong> Identifica\u00e7\u00e3o de peixes continentais por ecorregi\u00e3o.<br \/>\n<strong>Pr\u00e1tica 2:<\/strong> Identifica\u00e7\u00e3o das linhagens derivadas marinhas (LDM) com incurs\u00e3o em \u00e1gua doce (tarde).<\/p>\n<p><strong>Exerc\u00edcio 4:<\/strong> Padr\u00f5es de distribui\u00e7\u00e3o America do Sul-Austral<\/p>\n<p><strong>5\u00ba. Dia<\/strong> &#8211; 19\/09\/2017 &#8211; Aulas 12, 13, 14 e 15<br \/>\n<strong>Aulas:<\/strong><\/p>\n<ul>\n<li> Escudo das Guianas (aula 12 \u2013 manh\u00e3).<\/li>\n<li> Bacia do Orenoco (aula 13 &#8211; manh\u00e3).<\/li>\n<li> Bacia do Madalena (aula 14 \u2013 manh\u00e3).<\/li>\n<li> Pantanal (aula 15 &#8211; manh\u00e3).<\/li>\n<\/ul>\n<p><strong>Exerc\u00edcio 5<\/strong>:<br \/>\nPAE- An\u00e1lise Parcimoniosa de Endemismo e conserva\u00e7\u00e3o de peixes. <\/p>\n<p><strong><em>Textos de refer\u00eancia para o exerc\u00edcio 5<\/em><\/strong>: Bizerril, C.R.S.F. 1999. A ictiofauna da bacia do rio Para\u00edba do Sul. Biodiversidade e Padr\u00f5es Biogeogr\u00e1ficos. Brazilian Archives of Biology and Technology 42: 233\u2013250. (doi: 10.1590\/S1516-89131999000200014).(<a href=\"http:\/\/www.nossacasa.net\/nossosriachos\/posgraduacao\/doc\/1999_bizerril-a-ictiofauna-da-bacia-do-rio-paraiba-do-sul.pdf\" target=\"_blank\" rel=\"noopener noreferrer\">pdf<\/a>)\n<\/div>\n","protected":false},"excerpt":{"rendered":"<p>Biogeografia e Conserva\u00e7\u00e3o de Fauna Aqu\u00e1tica 2018-2 PROGRAMA\u00c7\u00c3O DAS AULAS PROGRAMA DE P\u00d3S-GRADUA\u00c7\u00c3O EM CI\u00caNCIAS BIOL\u00d3GICAS- CENTRO DE CI\u00caNCIAS HUMANAS E NATURAIS UNIVERSIDADE FEDERAL DO ESP\u00cdRITO SANTO DISCIPLINA: Biogeografia e conserva\u00e7\u00e3o da fauna aqu\u00e1tica. PBAN 9526 T\u00f3picos Especiais em Biologia &hellip; <a href=\"http:\/\/nossacasa.net\/nossosriachos\/pos\/aula-2018\/\">Continue lendo <span class=\"meta-nav\">&rarr;<\/span><\/a><\/p>\n","protected":false},"author":1,"featured_media":56,"parent":0,"menu_order":0,"comment_status":"closed","ping_status":"closed","template":"","meta":{"footnotes":""},"class_list":["post-489","page","type-page","status-publish","has-post-thumbnail","hentry"],"_links":{"self":[{"href":"http:\/\/nossacasa.net\/nossosriachos\/pos\/wp-json\/wp\/v2\/pages\/489","targetHints":{"allow":["GET"]}}],"collection":[{"href":"http:\/\/nossacasa.net\/nossosriachos\/pos\/wp-json\/wp\/v2\/pages"}],"about":[{"href":"http:\/\/nossacasa.net\/nossosriachos\/pos\/wp-json\/wp\/v2\/types\/page"}],"author":[{"embeddable":true,"href":"http:\/\/nossacasa.net\/nossosriachos\/pos\/wp-json\/wp\/v2\/users\/1"}],"replies":[{"embeddable":true,"href":"http:\/\/nossacasa.net\/nossosriachos\/pos\/wp-json\/wp\/v2\/comments?post=489"}],"version-history":[{"count":3,"href":"http:\/\/nossacasa.net\/nossosriachos\/pos\/wp-json\/wp\/v2\/pages\/489\/revisions"}],"predecessor-version":[{"id":957,"href":"http:\/\/nossacasa.net\/nossosriachos\/pos\/wp-json\/wp\/v2\/pages\/489\/revisions\/957"}],"wp:featuredmedia":[{"embeddable":true,"href":"http:\/\/nossacasa.net\/nossosriachos\/pos\/wp-json\/wp\/v2\/media\/56"}],"wp:attachment":[{"href":"http:\/\/nossacasa.net\/nossosriachos\/pos\/wp-json\/wp\/v2\/media?parent=489"}],"curies":[{"name":"wp","href":"https:\/\/api.w.org\/{rel}","templated":true}]}}