{"id":507,"date":"2018-10-01T16:03:19","date_gmt":"2018-10-01T19:03:19","guid":{"rendered":"http:\/\/nossacasa.net\/nossosriachos\/pos\/?page_id=507"},"modified":"2018-10-20T18:27:02","modified_gmt":"2018-10-20T21:27:02","slug":"fotos-2018","status":"publish","type":"page","link":"http:\/\/nossacasa.net\/nossosriachos\/pos\/fotos-2018\/","title":{"rendered":"Fotos 2018"},"content":{"rendered":"<p><img loading=\"lazy\" decoding=\"async\" src=\"http:\/\/nossacasa.net\/nossosriachos\/pos\/wp-content\/uploads\/sites\/5\/2017\/09\/foto-150x150.jpg\" alt=\"\" width=\"150\" height=\"150\" class=\"alignleft size-thumbnail wp-image-204\" srcset=\"http:\/\/nossacasa.net\/nossosriachos\/pos\/wp-content\/uploads\/sites\/5\/2017\/09\/foto-150x150.jpg 150w, http:\/\/nossacasa.net\/nossosriachos\/pos\/wp-content\/uploads\/sites\/5\/2017\/09\/foto.jpg 200w\" sizes=\"auto, (max-width: 150px) 100vw, 150px\" \/><\/p>\n<hr>\n<hr>\n<hr>\n<hr>\n<hr>\n<hr>\n<hr>\n<hr>\n<p><strong>BIOGEOGRAFIA:<br \/>\nBiogeografia e Conserva\u00e7\u00e3o de Fauna Aqu\u00e1tica (PPGBAN 2018-2<\/strong>)<\/p>\n<div style=\"text-align: justify;\">\n[metaslider id=&#8221;521&#8243;]\n<\/div>\n","protected":false},"excerpt":{"rendered":"<p>BIOGEOGRAFIA: Biogeografia e Conserva\u00e7\u00e3o de Fauna Aqu\u00e1tica (PPGBAN 2018-2) [metaslider id=&#8221;521&#8243;]<\/p>\n","protected":false},"author":1,"featured_media":204,"parent":0,"menu_order":0,"comment_status":"closed","ping_status":"closed","template":"","meta":{"footnotes":""},"class_list":["post-507","page","type-page","status-publish","has-post-thumbnail","hentry"],"_links":{"self":[{"href":"http:\/\/nossacasa.net\/nossosriachos\/pos\/wp-json\/wp\/v2\/pages\/507","targetHints":{"allow":["GET"]}}],"collection":[{"href":"http:\/\/nossacasa.net\/nossosriachos\/pos\/wp-json\/wp\/v2\/pages"}],"about":[{"href":"http:\/\/nossacasa.net\/nossosriachos\/pos\/wp-json\/wp\/v2\/types\/page"}],"author":[{"embeddable":true,"href":"http:\/\/nossacasa.net\/nossosriachos\/pos\/wp-json\/wp\/v2\/users\/1"}],"replies":[{"embeddable":true,"href":"http:\/\/nossacasa.net\/nossosriachos\/pos\/wp-json\/wp\/v2\/comments?post=507"}],"version-history":[{"count":7,"href":"http:\/\/nossacasa.net\/nossosriachos\/pos\/wp-json\/wp\/v2\/pages\/507\/revisions"}],"predecessor-version":[{"id":528,"href":"http:\/\/nossacasa.net\/nossosriachos\/pos\/wp-json\/wp\/v2\/pages\/507\/revisions\/528"}],"wp:featuredmedia":[{"embeddable":true,"href":"http:\/\/nossacasa.net\/nossosriachos\/pos\/wp-json\/wp\/v2\/media\/204"}],"wp:attachment":[{"href":"http:\/\/nossacasa.net\/nossosriachos\/pos\/wp-json\/wp\/v2\/media?parent=507"}],"curies":[{"name":"wp","href":"https:\/\/api.w.org\/{rel}","templated":true}]}}