{"id":52,"date":"2017-09-02T19:24:10","date_gmt":"2017-09-02T22:24:10","guid":{"rendered":"http:\/\/nossacasa.net\/nossosriachos\/pos\/?page_id=52"},"modified":"2019-08-14T11:34:55","modified_gmt":"2019-08-14T14:34:55","slug":"aula-2011","status":"publish","type":"page","link":"http:\/\/nossacasa.net\/nossosriachos\/pos\/aula-2011\/","title":{"rendered":"Aula 2011"},"content":{"rendered":"<div style=\"text-align: justify;\">\n<div style=\"text-align: center;\">\n<img loading=\"lazy\" decoding=\"async\" src=\"http:\/\/nossacasa.net\/nossosriachos\/pos\/wp-content\/uploads\/sites\/5\/2017\/09\/aula2011.jpg\" alt=\"\" width=\"200\" height=\"200\" class=\"alignleft size-full wp-image-57\" srcset=\"http:\/\/nossacasa.net\/nossosriachos\/pos\/wp-content\/uploads\/sites\/5\/2017\/09\/aula2011.jpg 200w, http:\/\/nossacasa.net\/nossosriachos\/pos\/wp-content\/uploads\/sites\/5\/2017\/09\/aula2011-150x150.jpg 150w\" sizes=\"auto, (max-width: 200px) 100vw, 200px\" \/><\/p>\n<hr>\n<hr>\n<hr>\n<p><strong>Biogeografia e Conserva\u00e7\u00e3o de Fauna Aqu\u00e1tica 2011-2<br \/>\nPROGRAMA\u00c7\u00c3O DAS AULAS<\/strong><\/p>\n<hr>\n<hr>\n<hr>\n<p>PROGRAMA DE P\u00d3S-GRADUA\u00c7\u00c3O EM CI\u00caNCIAS BIOL\u00d3GICAS- CENTRO DE CI\u00caNCIAS HUMANAS E NATURAIS<br \/>\nUNIVERSIDADE FEDERAL DO ESP\u00cdRITO SANTO<br \/>\nDISCIPLINA: Biogeografia e conserva\u00e7\u00e3o da fauna aqu\u00e1tica.<br \/>\nPBAN 9526 T\u00f3picos Especiais em Biologia Animal I<br \/>\nRESPONS\u00c1VEL: Luisa Maria Sarmento Soares\n<\/p><\/div>\n<p><strong>AVALIA\u00c7\u00c3O:<\/strong><\/p>\n<ul>\nA avalia\u00e7\u00e3o do desempenho dos alunos ser\u00e1 feita atrav\u00e9s dos seguintes instrumentos:<\/p>\n<li>Participa\u00e7\u00e3o na resolu\u00e7\u00e3o dos exerc\u00edcios em biogeografia.<\/li>\n<li>Relat\u00f3rios das aulas pr\u00e1ticas e estudos de caso.<\/li>\n<li>Reda\u00e7\u00e3o e apresenta\u00e7\u00e3o de semin\u00e1rio a partir de textos selecionados tem\u00e1ticos em biogeografia.<\/li>\n<\/ul>\n<p>CRONOGRAMA DE EXECUA\u00c7\u00c3O DA DISCIPLINA<\/p>\n<p><strong>1\u00ba. Dia<\/strong> &#8211; 15\/8 &#8211; Aulas 1, 2 e 3<br \/>\nRegi\u00f5es zoogeograficas &#8211; exemplos da fauna aqu\u00e1tica &#8211; Regi\u00e3o Neotropical e forma\u00e7\u00e3o das bacias continentais na Am\u00e9rica Sul (aula 1 &#8211; manh\u00e3)<br \/>\nOrogenia andina (aula 2 &#8211; manh\u00e3)<br \/>\nDistribui\u00e7\u00e3o dos semin\u00e1rios (manh\u00e3)<br \/>\nBacia do Rio Amazonas (aula 3 &#8211; tarde)<br \/>\nPr\u00e1tica: ictiofauna amaz\u00f4nica e Guianas &#8211; Linhagens derivadas marinhas (LDM)- Charcharinidae (Charcharinus leucas), Batrachoididae, Tetraodontidae (tarde).<\/p>\n<p><strong><em>Leituras complementares:<\/em><\/strong><\/p>\n<p>2011 Albert et al. Aquatic Biodiversity in the Amazon: Habitat Specialization and Geographic Isolation Promote Species Richness. Animals 1: 205-241.<\/p>\n<p>2003 Schnack &#038; L\u00f3pez. Biodiversidad, iniciativa taxon\u00f3mica global y elaboraci\u00f3n de inventarios sistem\u00e1ticos. Probiota, La Plata.<\/p>\n<p><strong>2\u00ba. Dia<\/strong>&#8211; 16\/8 &#8211; Aulas 4, 5 e 6<br \/>\nBacia do Madalena (aula 4 &#8211; manh\u00e3)<br \/>\nBacia do Orenoco (aula 5 &#8211; manh\u00e3)<br \/>\nBacia do Pantanal (aula 6 &#8211; manh\u00e3)<br \/>\nPr\u00e1tica: ictiofauna Pantanal &#8211; bacia Paran\u00e1 &#8211; Linhagens derivadas marinhas (LDM)- Potamotrygonidae, Belonidae, Hemirhamphidae (tarde).<\/p>\n<p><strong><em>Leituras complementares:<\/em><\/strong><\/p>\n<p>2011 Lima &#038; Caires. Peixes da Esta\u00e7\u00e3o Ecol\u00f3gica Serra Geral do Tocantins, bacias dos Rios Tocantins e S\u00e3o Francisco, com observa\u00e7\u00f5es sobre as implica\u00e7\u00f5es biogeogr\u00e1ficas das &#8220;\u00e1guas emendadas&#8221; dos Rios Sap\u00e3o e Galheiros. Biota Neotropica 11(1).<\/p>\n<p><strong>3\u00ba. Dia<\/strong> &#8211; 17\/8 &#8211; Aulas 7 e 8<br \/>\nBacia do Tocantins- Araguaia (aula 7 &#8211; manh\u00e3)<br \/>\nBacia do S\u00e3o Francisco (aula 8 &#8211; manh\u00e3)<br \/>\nPr\u00e1tica: ictiofauna Tocantins-Araguaia -Linhagens derivadas marinhas (LDM)- Clupeidae, Pristigasteridae, Engraulidae, Belonidae. (tarde).<\/p>\n<p><strong><em>Leituras complementares:<\/em><\/strong><\/p>\n<p>1999. Bizerril. A Ictiofauna da Bacia do Rio Para\u00edba do Sul. Biodiversidade e Padr\u00f5es Biogeogr\u00e1ficos.Rosa &#038; Groth. Ictiofauna dos ecossistemas de brejos de altitude de Pernambuco e Para\u00edba<\/p>\n<p>Rosa et al. Diversidade, padr\u00f5es de distribui\u00e7\u00e3o e conserva\u00e7\u00e3o dos peixes da caatinga<\/p>\n<p><strong>4\u00ba. Dia<\/strong>&#8211; 18\/8 &#8211; Aulas 9 e 10<br \/>\nAbertura do Atl\u00e2ntico Sul e Bacias do Atl\u00e2ntico nordeste e Parna\u00edba (aula 9 &#8211; manh\u00e3)<br \/>\nBacia do Atl\u00e2ntico Leste (aula 10 &#8211; manh\u00e3)<br \/>\nPr\u00e1tica: ictiofauna Atl\u00e2ntico Nordeste, Parna\u00edba, S\u00e3o Francisco e Atl\u00e2ntico leste &#8211; Linhagens derivadas marinhas (LDM)- Sciaenidae, Pleuronectiformes.(tarde).<\/p>\n<p><strong><em>Leituras complementares:<\/em><\/strong><\/p>\n<p>2007 Kavalco &#038; Pazza. Aspectos biogeogr\u00e1ficos de componentes da ictiofauna da Am\u00e9rica Central. Conscientiae Sa\u00fade.<\/p>\n<p><strong>5\u00ba. Dia<\/strong>&#8211; 19\/8 &#8211; Aulas 11, 12 e 13<br \/>\nBacia do Atl\u00e2ntico Sudeste (aula 11 &#8211; manh\u00e3)<br \/>\nBacia do Atl\u00e2ntico Sul e Uruguai(aula 12 &#8211; manh\u00e3)<br \/>\nBacias austrais (aula 13 &#8211; manh\u00e3)<br \/>\nPr\u00e1tica: ictiofauna Atl\u00e2ntico Sudeste e Sul Linhagens derivadas marinhas (LDM)- Gobiidae, Syngnathidae.(tarde).<br \/>\nSemin\u00e1rios (tarde).<\/p>\n<p><strong>6\u00ba. Dia<\/strong>&#8211; 20\/8 &#8211; Semin\u00e1rios\n<\/div>\n","protected":false},"excerpt":{"rendered":"<p>Biogeografia e Conserva\u00e7\u00e3o de Fauna Aqu\u00e1tica 2011-2 PROGRAMA\u00c7\u00c3O DAS AULAS PROGRAMA DE P\u00d3S-GRADUA\u00c7\u00c3O EM CI\u00caNCIAS BIOL\u00d3GICAS- CENTRO DE CI\u00caNCIAS HUMANAS E NATURAIS UNIVERSIDADE FEDERAL DO ESP\u00cdRITO SANTO DISCIPLINA: Biogeografia e conserva\u00e7\u00e3o da fauna aqu\u00e1tica. PBAN 9526 T\u00f3picos Especiais em Biologia &hellip; <a href=\"http:\/\/nossacasa.net\/nossosriachos\/pos\/aula-2011\/\">Continue lendo <span class=\"meta-nav\">&rarr;<\/span><\/a><\/p>\n","protected":false},"author":1,"featured_media":57,"parent":0,"menu_order":0,"comment_status":"closed","ping_status":"closed","template":"","meta":{"footnotes":""},"class_list":["post-52","page","type-page","status-publish","has-post-thumbnail","hentry"],"_links":{"self":[{"href":"http:\/\/nossacasa.net\/nossosriachos\/pos\/wp-json\/wp\/v2\/pages\/52","targetHints":{"allow":["GET"]}}],"collection":[{"href":"http:\/\/nossacasa.net\/nossosriachos\/pos\/wp-json\/wp\/v2\/pages"}],"about":[{"href":"http:\/\/nossacasa.net\/nossosriachos\/pos\/wp-json\/wp\/v2\/types\/page"}],"author":[{"embeddable":true,"href":"http:\/\/nossacasa.net\/nossosriachos\/pos\/wp-json\/wp\/v2\/users\/1"}],"replies":[{"embeddable":true,"href":"http:\/\/nossacasa.net\/nossosriachos\/pos\/wp-json\/wp\/v2\/comments?post=52"}],"version-history":[{"count":5,"href":"http:\/\/nossacasa.net\/nossosriachos\/pos\/wp-json\/wp\/v2\/pages\/52\/revisions"}],"predecessor-version":[{"id":949,"href":"http:\/\/nossacasa.net\/nossosriachos\/pos\/wp-json\/wp\/v2\/pages\/52\/revisions\/949"}],"wp:featuredmedia":[{"embeddable":true,"href":"http:\/\/nossacasa.net\/nossosriachos\/pos\/wp-json\/wp\/v2\/media\/57"}],"wp:attachment":[{"href":"http:\/\/nossacasa.net\/nossosriachos\/pos\/wp-json\/wp\/v2\/media?parent=52"}],"curies":[{"name":"wp","href":"https:\/\/api.w.org\/{rel}","templated":true}]}}