{"id":610,"date":"2019-06-10T08:41:17","date_gmt":"2019-06-10T11:41:17","guid":{"rendered":"http:\/\/nossacasa.net\/nossosriachos\/pos\/?page_id=610"},"modified":"2019-06-10T08:41:17","modified_gmt":"2019-06-10T11:41:17","slug":"seminario-2019_1-1","status":"publish","type":"page","link":"http:\/\/nossacasa.net\/nossosriachos\/pos\/seminario-2019_1-1\/","title":{"rendered":"Semin\u00e1rio 2019_1-1"},"content":{"rendered":"<div style=\"text-align: justify;\"><img loading=\"lazy\" decoding=\"async\" src=\"http:\/\/nossacasa.net\/nossosriachos\/pos\/wp-content\/uploads\/sites\/5\/2017\/09\/seminario--150x150.jpg\" alt=\"\" width=\"150\" height=\"150\" class=\"alignleft size-thumbnail wp-image-213\" srcset=\"http:\/\/nossacasa.net\/nossosriachos\/pos\/wp-content\/uploads\/sites\/5\/2017\/09\/seminario--150x150.jpg 150w, http:\/\/nossacasa.net\/nossosriachos\/pos\/wp-content\/uploads\/sites\/5\/2017\/09\/seminario-.jpg 200w\" sizes=\"auto, (max-width: 150px) 100vw, 150px\" \/><\/p>\n<h1>\u00a0Conserva\u00e7\u00e3o de Fauna Aqu\u00e1tica 2019-2<\/h1>\n<h1>SEMIN\u00c1RIOS &#8211; DEBATES<\/h1>\n<div><b>Tema norteador para o debate:<\/b> Conserva\u00e7\u00e3o em \u00e1reas protegidas.<\/p>\n<p><strong>Objetivos:<\/strong> Com base nas leituras sugeridas, destacar pontos positivos e negativos em cada tema. Apontar caminhos. Propor solu\u00e7\u00f5es.<\/div>\n<h4>GRUPO 1 &#8211; Impactos e desafios a conserva\u00e7\u00e3o em \u00e1reas protegidas<\/h4>\n<p><strong>Tema 1- Decl\u00ednio da Biodiversidade<\/strong><\/p>\n<p><strong>Uma avalia\u00e7\u00e3o sobre o texto:<\/strong><br \/>\n<b><i>2018. SILVA, Priscila Lemes de Azevedo. Biodiversidade e mudan\u00e7as clim\u00e1ticas no Brasil: levantamento e sistematiza\u00e7\u00e3o de refer\u00eancias. WWF Brasil (Relat\u00f3rio). Bras\u00edlia.(<a href=\"http:\/\/www.nossacasa.net\/nossosriachos\/posgraduacao\/doc\/Tema 1_Biodiversidade e mudan\u00e7as clim\u00e1ticas.pdf\" target=\"_blank\" rel=\"noopener noreferrer\">pdf<\/a>)<\/h4>\n<p><strong>Tema 2- Homogeniza\u00e7\u00e3o da biodiversidades<\/strong><\/p>\n<p><strong>Uma avalia\u00e7\u00e3o sobre os textos:<\/strong><br \/>\n<b><i>2013. Wildlife in decline: Earth&#8217;s vertebrates fall 58% in past four decadess<\/i><\/b> de Jos\u00e9 Edimar Vieira Costa J\u00fanior, Cl\u00e1udia de Oliveira Gon\u00e7alves Nogueira e Lu\u00eds Ant\u00f4nio Borges Coimbra &#8211; IX F\u00f3rum Ambiental da Alta Paulista, v. 9, n. 3, 2013, pp. 179-182(<a href=\"http:\/\/www.nossacasa.net\/nossosriachos\/posgraduacao\/doc\/Tema 1_Wildlife in decline_ Nature.pdf\" target=\"_blank\" rel=\"noopener noreferrer\">pdf<\/a>).<\/p>\n<p><b><i>2017. Transposi\u00e7\u00e3o do Rio S\u00e3o Francisco: Risco de invas\u00e3o da ictiofauna da bacia doadora nas bacias receptoras da Ecorregi\u00e3o Nordeste M\u00e9dio-Oriental, Brasil<\/i><\/b> de Marcio Joaquim da Silva. Tese de doutorado, UFRN. (<a href=\"http:\/\/www.nossacasa.net\/nossosriachos\/posgraduacao\/doc\/2017_Silva-tese.pdf\" target=\"_blank\" rel=\"noopener noreferrer\">pdf<\/a>)<\/p>\n<ul type=\"circle\">\n<li>Endemismo <\/li>\n<li>Conserva\u00e7\u00e3o <\/li>\n<li>Perda de habitat <\/li>\n<li>Invas\u00e3o biol\u00f3gica <\/li>\n<\/ul>\n<p><b>APRESENTA\u00c7\u00c3O:<\/b>\u00a0S\u00e1bado.<\/p>\n<p><b>ALUNOS:<\/b><\/p>\n<ol type=\"1\">\n<li><\/li>\n<li><\/li>\n<li><\/li>\n<\/ol>\n<\/div>\n","protected":false},"excerpt":{"rendered":"<p>\u00a0Conserva\u00e7\u00e3o de Fauna Aqu\u00e1tica 2019-2 SEMIN\u00c1RIOS &#8211; DEBATES Tema norteador para o debate: Conserva\u00e7\u00e3o em \u00e1reas protegidas. Objetivos: Com base nas leituras sugeridas, destacar pontos positivos e negativos em cada tema. Apontar caminhos. Propor solu\u00e7\u00f5es. GRUPO 1 &#8211; Impactos e &hellip; <a href=\"http:\/\/nossacasa.net\/nossosriachos\/pos\/seminario-2019_1-1\/\">Continue lendo <span class=\"meta-nav\">&rarr;<\/span><\/a><\/p>\n","protected":false},"author":1,"featured_media":0,"parent":0,"menu_order":0,"comment_status":"closed","ping_status":"closed","template":"","meta":{"footnotes":""},"class_list":["post-610","page","type-page","status-publish","hentry"],"_links":{"self":[{"href":"http:\/\/nossacasa.net\/nossosriachos\/pos\/wp-json\/wp\/v2\/pages\/610","targetHints":{"allow":["GET"]}}],"collection":[{"href":"http:\/\/nossacasa.net\/nossosriachos\/pos\/wp-json\/wp\/v2\/pages"}],"about":[{"href":"http:\/\/nossacasa.net\/nossosriachos\/pos\/wp-json\/wp\/v2\/types\/page"}],"author":[{"embeddable":true,"href":"http:\/\/nossacasa.net\/nossosriachos\/pos\/wp-json\/wp\/v2\/users\/1"}],"replies":[{"embeddable":true,"href":"http:\/\/nossacasa.net\/nossosriachos\/pos\/wp-json\/wp\/v2\/comments?post=610"}],"version-history":[{"count":1,"href":"http:\/\/nossacasa.net\/nossosriachos\/pos\/wp-json\/wp\/v2\/pages\/610\/revisions"}],"predecessor-version":[{"id":611,"href":"http:\/\/nossacasa.net\/nossosriachos\/pos\/wp-json\/wp\/v2\/pages\/610\/revisions\/611"}],"wp:attachment":[{"href":"http:\/\/nossacasa.net\/nossosriachos\/pos\/wp-json\/wp\/v2\/media?parent=610"}],"curies":[{"name":"wp","href":"https:\/\/api.w.org\/{rel}","templated":true}]}}