{"id":615,"date":"2019-06-10T08:52:02","date_gmt":"2019-06-10T11:52:02","guid":{"rendered":"http:\/\/nossacasa.net\/nossosriachos\/pos\/?page_id=615"},"modified":"2019-06-10T08:52:02","modified_gmt":"2019-06-10T11:52:02","slug":"seminario-2019_1-2","status":"publish","type":"page","link":"http:\/\/nossacasa.net\/nossosriachos\/pos\/seminario-2019_1-2\/","title":{"rendered":"Semin\u00e1rio 2019_1-2"},"content":{"rendered":"<div style=\"text-align: justify;\"><img loading=\"lazy\" decoding=\"async\" src=\"http:\/\/nossacasa.net\/nossosriachos\/pos\/wp-content\/uploads\/sites\/5\/2017\/09\/seminario--150x150.jpg\" alt=\"\" width=\"150\" height=\"150\" class=\"alignleft size-thumbnail wp-image-213\" srcset=\"http:\/\/nossacasa.net\/nossosriachos\/pos\/wp-content\/uploads\/sites\/5\/2017\/09\/seminario--150x150.jpg 150w, http:\/\/nossacasa.net\/nossosriachos\/pos\/wp-content\/uploads\/sites\/5\/2017\/09\/seminario-.jpg 200w\" sizes=\"auto, (max-width: 150px) 100vw, 150px\" \/><\/p>\n<h1>\u00a0Conserva\u00e7\u00e3o de Fauna Aqu\u00e1tica 2019-2<\/h1>\n<h1>SEMIN\u00c1RIOS &#8211; DEBATES<\/h1>\n<div><b>Tema norteador para o debate:<\/b> Biogeografia da conserva\u00e7\u00e3o em \u00e1reas protegidas.<\/p>\n<p><strong>Objetivos:<\/strong> Com base nas leituras sugeridas, destacar pontos positivos e negativos em cada tema. Apontar caminhos. Propor solu\u00e7\u00f5es.<\/div>\n<h4>GRUPO 2 &#8211; Perspectivas e novos paradigmas<\/h4>\n<p><strong>Tema 3- Ocupa\u00e7\u00e3o humana e as \u00e1reas protegidas- press\u00f5es e desafios.<\/strong><\/p>\n<p><strong>Uma avalia\u00e7\u00e3o sobre os textos:<\/strong><br \/>\n<b><i>1999. Popula\u00e7\u00f5es tradicionais e a prote\u00e7\u00e3o dos recursos Naturais em unidades de conserva\u00e7\u00e3o<\/i><\/b> de Rinaldo Arruda (<a href=\"http:\/\/www.nossacasa.net\/nossosriachos\/posgraduacao\/doc\/1999_Arruda-populacoes-tradicionais-e-a- protecao-dos-recursos-naturais-em-unidades-de-conservacao.pdf\" target=\"_blank\" rel=\"noopener noreferrer\">pdf<\/a>).<\/p>\n<p><b><i>2011. Agricultural expansion and the fate of global conservation priorities de Ricardo Dobrovolski e colaboradores.<\/i><\/b> Biodiversity and Conservation. Volume 20, Issue 11, pp 2445\u20132459 (<a href=\"http:\/\/www.nossacasa.net\/nossosriachos\/posgraduacao\/doc\/2011_dobrovolsk-agricultural-expansion.pdf\" target=\"_blank\" rel=\"noopener noreferrer\">pdf<\/a>).<\/p>\n<p><strong>Tema 4- Paisagens a conservar e prioridades<\/strong><\/p>\n<p><strong>Uma avalia\u00e7\u00e3o sobre os textos:<\/strong><br \/>\n<b><i>2016. Biogeografia da Conserva\u00e7\u00e3o<\/i><\/b> de Peter L\u00f6wenberg Neto &#038; Rafael Dias Loyola &#8211; Cap\u00edtulo 11 do Livro(<a href=\"http:\/\/www.nossacasa.net\/nossosriachos\/posgraduacao\/doc\/2016_neto_loyola-biogeografia-da-conservacao.pdf\" target=\"_blank\" rel=\"noopener noreferrer\">pdf<\/a>).<\/p>\n<p><b><i>2017. \u00c1gua e conserva\u00e7\u00e3o- um outro olhar<\/i><\/b> de Luisa Sarmento Soares e Ronaldo Martins Pinheiro.Boletim da SBI. (<a href=\"http:\/\/www.nossacasa.net\/nossosriachos\/posgraduacao\/doc\/2017_Sarmento-Soares_ Martins-Pinheiro-agua-e-conservacao-um-outro-olhar.pdf\" target=\"_blank\" rel=\"noopener noreferrer\">pdf<\/a>)<\/p>\n<ul type=\"circle\">\n<li>Produ\u00e7\u00e3o cient\u00edfica e aplica\u00e7\u00e3o em \u00e1reas protegidas<\/li>\n<li>A crise h\u00eddrica<\/li>\n<li>A hip\u00f3tese da perman\u00eancia<\/li>\n<li>A fronteira agr\u00edcola<\/li>\n<li>Mudan\u00e7a de paradigmas- Direitos da Natureza<\/li>\n<\/ul>\n<p><b>APRESENTA\u00c7\u00c3O:<\/b>\u00a0S\u00e1bado.<\/p>\n<p><b>ALUNOS:<\/b><\/p>\n<ol type=\"1\">\n<li><\/li>\n<li><\/li>\n<li><\/li>\n<\/ol>\n<\/div>\n","protected":false},"excerpt":{"rendered":"<p>\u00a0Conserva\u00e7\u00e3o de Fauna Aqu\u00e1tica 2019-2 SEMIN\u00c1RIOS &#8211; DEBATES Tema norteador para o debate: Biogeografia da conserva\u00e7\u00e3o em \u00e1reas protegidas. Objetivos: Com base nas leituras sugeridas, destacar pontos positivos e negativos em cada tema. Apontar caminhos. Propor solu\u00e7\u00f5es. GRUPO 2 &#8211; &hellip; <a href=\"http:\/\/nossacasa.net\/nossosriachos\/pos\/seminario-2019_1-2\/\">Continue lendo <span class=\"meta-nav\">&rarr;<\/span><\/a><\/p>\n","protected":false},"author":1,"featured_media":0,"parent":0,"menu_order":0,"comment_status":"closed","ping_status":"closed","template":"","meta":{"footnotes":""},"class_list":["post-615","page","type-page","status-publish","hentry"],"_links":{"self":[{"href":"http:\/\/nossacasa.net\/nossosriachos\/pos\/wp-json\/wp\/v2\/pages\/615","targetHints":{"allow":["GET"]}}],"collection":[{"href":"http:\/\/nossacasa.net\/nossosriachos\/pos\/wp-json\/wp\/v2\/pages"}],"about":[{"href":"http:\/\/nossacasa.net\/nossosriachos\/pos\/wp-json\/wp\/v2\/types\/page"}],"author":[{"embeddable":true,"href":"http:\/\/nossacasa.net\/nossosriachos\/pos\/wp-json\/wp\/v2\/users\/1"}],"replies":[{"embeddable":true,"href":"http:\/\/nossacasa.net\/nossosriachos\/pos\/wp-json\/wp\/v2\/comments?post=615"}],"version-history":[{"count":1,"href":"http:\/\/nossacasa.net\/nossosriachos\/pos\/wp-json\/wp\/v2\/pages\/615\/revisions"}],"predecessor-version":[{"id":616,"href":"http:\/\/nossacasa.net\/nossosriachos\/pos\/wp-json\/wp\/v2\/pages\/615\/revisions\/616"}],"wp:attachment":[{"href":"http:\/\/nossacasa.net\/nossosriachos\/pos\/wp-json\/wp\/v2\/media?parent=615"}],"curies":[{"name":"wp","href":"https:\/\/api.w.org\/{rel}","templated":true}]}}