{"id":635,"date":"2019-08-13T13:24:39","date_gmt":"2019-08-13T16:24:39","guid":{"rendered":"http:\/\/nossacasa.net\/nossosriachos\/pos\/?page_id=635"},"modified":"2023-09-04T14:56:11","modified_gmt":"2023-09-04T17:56:11","slug":"alunos-2019-2","status":"publish","type":"page","link":"http:\/\/nossacasa.net\/nossosriachos\/pos\/alunos-2019-2\/","title":{"rendered":"Alunos 2019-2"},"content":{"rendered":"<div style=\"text-align: justify;\">\n<div style=\"text-align: center;\"><img loading=\"lazy\" decoding=\"async\" class=\"alignleft size-full wp-image-105\" src=\"http:\/\/nossacasa.net\/nossosriachos\/pos\/wp-content\/uploads\/sites\/5\/2017\/09\/alunos.jpg\" alt=\"\" width=\"200\" height=\"200\" srcset=\"http:\/\/nossacasa.net\/nossosriachos\/pos\/wp-content\/uploads\/sites\/5\/2017\/09\/alunos.jpg 200w, http:\/\/nossacasa.net\/nossosriachos\/pos\/wp-content\/uploads\/sites\/5\/2017\/09\/alunos-150x150.jpg 150w\" sizes=\"auto, (max-width: 200px) 100vw, 200px\" \/><\/p>\n<hr \/>\n<hr \/>\n<hr \/>\n<p><strong>Biogeografia e Conserva\u00e7\u00e3o de Fauna Aqu\u00e1tica 2019-2<br \/>\nALUNOS DA TURMA<\/strong><\/p>\n<hr \/>\n<hr \/>\n<hr \/>\n<p>PROGRAMA DE P\u00d3S-GRADUA\u00c7\u00c3O EM CI\u00caNCIAS BIOL\u00d3GICAS- CENTRO DE CI\u00caNCIAS HUMANAS E NATURAIS<br \/>\nUNIVERSIDADE FEDERAL DO ESP\u00cdRITO SANTO<br \/>\nDISCIPLINA: Biogeografia e conserva\u00e7\u00e3o da fauna aqu\u00e1tica.<br \/>\nPBAN 9526 T\u00f3picos Especiais em Biologia Animal I<br \/>\nRESPONS\u00c1VEL: Luisa Maria Sarmento Soares<\/p>\n<\/div>\n<hr \/>\n<h4><b>ALUNOS REGULARES<\/b><\/h4>\n<ol type=\"1\">\n<li style=\"list-style-type: none;\">\n<ol type=\"1\">\n<li><a href=\"mailto:aa.bolzan@hotmail.com\"><b>Angelica Aparecida Sim\u00f5es Bolzan<\/b><\/a><\/li>\n<li><a href=\"mailto:hcebruno@gmail.com\"><b>Bruno Henrique de Castro Evaldt<\/b><\/a><\/li>\n<li><a href=\"mailto:daros.bruno@gmail.com\"><b>Bruno Neres Daros<\/b><\/a><\/li>\n<li><a href=\"mailto:dieg.dsbretas@gmail.com\"><b>Diego de Souza Bretas<\/b><\/a><\/li>\n<li><a href=\"mailto:eduardohbarros@elloambiental.com.br\"><b>Eduardo Hoffmam de Barros<\/b><\/a><\/li>\n<li><a href=\"mailto:fernanda_bioufes@hotmail.com\"><b>Fernanda Lopes Teixeira<\/b><\/a><\/li>\n<li><a href=\"mailto:francyne_lyrio@hotmail.com\"><b>Francyne Lyrio Mischiatti<\/b><\/a><\/li>\n<li><a href=\"mailto:gabrielabioufes@gmail.com\"><b>Gabriela Colombo de Mendon\u00e7a<\/b><\/a><\/li>\n<li><a href=\"mailto:guisanchescn@gmail.com\"><b>Guilherme Sanches Corr\u00eaa do Nascimento<\/b><\/a><\/li>\n<li><a href=\"mailto:iago.ornellas@yahoo.com\"><b>Iago Ornellas<\/b><\/a><\/li>\n<li><a href=\"mailto:izabellabrunelli@hotmail.com\"><b>Izabella Brunelli Andrade<\/b><\/a><\/li>\n<li><a href=\"mailto:joanazorzal@gmail.com\"><b>Joana Zorzal Nodari<\/b><\/a><\/li>\n<li><a href=\"mailto:jpinheirosn@gmail.com\"><b>Jos\u00e9 Pinheiro dos Santos Neto<\/b><\/a><\/li>\n<li><a href=\"mailto:maridiessemorais@gmail.com\"><b>Maridiesse Morais Lopes<\/b><\/a><\/li>\n<li><a href=\"mailto:m.melottimartins@gmail.com\"><b>Mateus Melotti Martins<\/b><\/a><\/li>\n<li><a href=\"mailto:araujofmillena@hotmail.com\"><b>Millena Fran\u00e7a<\/b><\/a><\/li>\n<li><a href=\"mailto:bellonpp@gmail.com\"><b>Patricia Palmeira Bellon<\/b><\/a><\/li>\n<li><a href=\"mailto:patriciasstelzer@gmail.com\"><b>Patricia Sarcinelli Stelzer<\/b><\/a><\/li>\n<li><a href=\"mailto:paulahelo56@gmail.com\"><b>Paula Helo\u00edsa<\/b><\/a><\/li>\n<li><a href=\"mailto:moraesraquel.bio@gmail.com\"><b>Raquel Soares de Moraes<\/b><\/a><\/li>\n<li><a href=\"mailto:renatapasini@gmail.com\"><b>Renata Pasini<\/b><\/a><\/li>\n<li><a href=\"mailto:thaislquintao@hotmail.com\"><b>Thais Lemos Quint\u00e3o<\/b><\/a><\/li>\n<li><a href=\"mailto:mizatbl@gmail.com\"><b>Thamilla Barcellos<\/b><\/a><\/li>\n<li><a href=\"mailto:tb_amorim@hotmail.com\"><b>Thiago Barros de Amorim<\/b><\/a><\/li>\n<li><a href=\"mailto:92.tomas@gmail.com\"><b>Tomas de Lima Rocha<\/b><\/a><\/li>\n<li><a href=\"mailto:victorvalebiologia@gmail.com\"><b>Victor Vale<\/b><\/a><\/li>\n<li><a href=\"mailto:viniciussoceano@gmail.com\"><b>Vinicius Soares<\/b><\/a><\/li>\n<\/ol>\n<\/li>\n<\/ol>\n<h4><b>MONITORIA<\/b><\/h4>\n<ol type=\"1\">\n<li><\/li>\n<\/ol>\n<\/div>\n","protected":false},"excerpt":{"rendered":"<p>Biogeografia e Conserva\u00e7\u00e3o de Fauna Aqu\u00e1tica 2019-2 ALUNOS DA TURMA PROGRAMA DE P\u00d3S-GRADUA\u00c7\u00c3O EM CI\u00caNCIAS BIOL\u00d3GICAS- CENTRO DE CI\u00caNCIAS HUMANAS E NATURAIS UNIVERSIDADE FEDERAL DO ESP\u00cdRITO SANTO DISCIPLINA: Biogeografia e conserva\u00e7\u00e3o da fauna aqu\u00e1tica. PBAN 9526 T\u00f3picos Especiais em Biologia &hellip; <a href=\"http:\/\/nossacasa.net\/nossosriachos\/pos\/alunos-2019-2\/\">Continue lendo <span class=\"meta-nav\">&rarr;<\/span><\/a><\/p>\n","protected":false},"author":1,"featured_media":105,"parent":0,"menu_order":0,"comment_status":"closed","ping_status":"closed","template":"","meta":{"footnotes":""},"class_list":["post-635","page","type-page","status-publish","has-post-thumbnail","hentry"],"_links":{"self":[{"href":"http:\/\/nossacasa.net\/nossosriachos\/pos\/wp-json\/wp\/v2\/pages\/635","targetHints":{"allow":["GET"]}}],"collection":[{"href":"http:\/\/nossacasa.net\/nossosriachos\/pos\/wp-json\/wp\/v2\/pages"}],"about":[{"href":"http:\/\/nossacasa.net\/nossosriachos\/pos\/wp-json\/wp\/v2\/types\/page"}],"author":[{"embeddable":true,"href":"http:\/\/nossacasa.net\/nossosriachos\/pos\/wp-json\/wp\/v2\/users\/1"}],"replies":[{"embeddable":true,"href":"http:\/\/nossacasa.net\/nossosriachos\/pos\/wp-json\/wp\/v2\/comments?post=635"}],"version-history":[{"count":6,"href":"http:\/\/nossacasa.net\/nossosriachos\/pos\/wp-json\/wp\/v2\/pages\/635\/revisions"}],"predecessor-version":[{"id":1548,"href":"http:\/\/nossacasa.net\/nossosriachos\/pos\/wp-json\/wp\/v2\/pages\/635\/revisions\/1548"}],"wp:featuredmedia":[{"embeddable":true,"href":"http:\/\/nossacasa.net\/nossosriachos\/pos\/wp-json\/wp\/v2\/media\/105"}],"wp:attachment":[{"href":"http:\/\/nossacasa.net\/nossosriachos\/pos\/wp-json\/wp\/v2\/media?parent=635"}],"curies":[{"name":"wp","href":"https:\/\/api.w.org\/{rel}","templated":true}]}}