{"id":705,"date":"2019-08-14T10:48:36","date_gmt":"2019-08-14T13:48:36","guid":{"rendered":"http:\/\/nossacasa.net\/nossosriachos\/pos\/?page_id=705"},"modified":"2019-08-14T10:48:36","modified_gmt":"2019-08-14T13:48:36","slug":"alunos-2019-1","status":"publish","type":"page","link":"http:\/\/nossacasa.net\/nossosriachos\/pos\/alunos-2019-1\/","title":{"rendered":"Alunos 2019-1"},"content":{"rendered":"<div style=\"text-align: justify;\">\n<hr>\n<hr>\n<hr>\n<div style=\"text-align: center;\">\n<strong>Programa de P\u00f3s-Gradua\u00e7\u00e3o em Ecologia e Evolu\u00e7\u00e3o da Universidade Estadual de Feira de Santana<br \/>\nPPGEcolEvol\/UEFS.<\/strong><\/p>\n<hr>\n<\/div>\n<p>Padr\u00f5es de Distribui\u00e7\u00e3o na regi\u00e3o Neotropical (disjun\u00e7\u00f5es, grupos relictuais, endemismo, padr\u00f5es de biodiversidade \u2013 hotspots); as amea\u00e7as a fauna aqu\u00e1tica (bioinvas\u00e3o; barragens e peixes; polui\u00e7\u00e3o; res\u00edduos); os desafios a conserva\u00e7\u00e3o (crise h\u00eddrica; agricultura sintr\u00f3pica; preserva\u00e7\u00e3o de nascentes); m\u00e9todos de Sele\u00e7\u00e3o de \u00c1reas Priorit\u00e1rias a conservar; Planejamento Sistem\u00e1tico de Conserva\u00e7\u00e3o.<\/p>\n<hr>\n<ol type=\"1\">\n<h4><b>ALUNOS REGULARES<\/b><\/h4>\n<li><a href=\"mailto:e-mail@gmail.com\"><b>1<\/b><\/a><\/li>\n<li><a href=\"mailto:e-mail@yahoo.com.br\"><b>2<\/b><\/a><\/li>\n<li><a href=\"mailto:e-mail@gmail.com\"><b>3<\/b><\/a><\/li>\n<li><a href=\"mailto:e-mail@hotmail.com\"><b>4<\/b><\/a><\/li>\n<li><a href=\"mailto:e-mail@gmail.com\"><b>5<\/b><\/a><\/li>\n<li><a href=\"mailto:e-mail@gmail.com\"><b>6<\/b><\/a><\/li>\n<li><a href=\"mailto:e-mail@hotmail.com\"><b>7<\/b><\/a><\/li>\n<li><a href=\"mailto:e-mail@gmail.com\"><b>8<\/b><\/a><\/li>\n<li><a href=\"mailto:e-mail@gmail.com\"><b>9<\/b><\/a><\/li>\n<li><a href=\"mailto:e-mail@gmail.com\"><b>10<\/b><\/a><\/li>\n<li><a href=\"mailto:e-mail@gmail.com\"><b>11<\/b><\/a><\/li>\n<h4><b>MONITORIA<\/b><\/h4>\n<li><\/li>\n<\/ol>\n<\/div>\n","protected":false},"excerpt":{"rendered":"<p>Programa de P\u00f3s-Gradua\u00e7\u00e3o em Ecologia e Evolu\u00e7\u00e3o da Universidade Estadual de Feira de Santana PPGEcolEvol\/UEFS. Padr\u00f5es de Distribui\u00e7\u00e3o na regi\u00e3o Neotropical (disjun\u00e7\u00f5es, grupos relictuais, endemismo, padr\u00f5es de biodiversidade \u2013 hotspots); as amea\u00e7as a fauna aqu\u00e1tica (bioinvas\u00e3o; barragens e peixes; polui\u00e7\u00e3o; &hellip; <a href=\"http:\/\/nossacasa.net\/nossosriachos\/pos\/alunos-2019-1\/\">Continue lendo <span class=\"meta-nav\">&rarr;<\/span><\/a><\/p>\n","protected":false},"author":1,"featured_media":105,"parent":0,"menu_order":0,"comment_status":"closed","ping_status":"closed","template":"","meta":{"footnotes":""},"class_list":["post-705","page","type-page","status-publish","has-post-thumbnail","hentry"],"_links":{"self":[{"href":"http:\/\/nossacasa.net\/nossosriachos\/pos\/wp-json\/wp\/v2\/pages\/705","targetHints":{"allow":["GET"]}}],"collection":[{"href":"http:\/\/nossacasa.net\/nossosriachos\/pos\/wp-json\/wp\/v2\/pages"}],"about":[{"href":"http:\/\/nossacasa.net\/nossosriachos\/pos\/wp-json\/wp\/v2\/types\/page"}],"author":[{"embeddable":true,"href":"http:\/\/nossacasa.net\/nossosriachos\/pos\/wp-json\/wp\/v2\/users\/1"}],"replies":[{"embeddable":true,"href":"http:\/\/nossacasa.net\/nossosriachos\/pos\/wp-json\/wp\/v2\/comments?post=705"}],"version-history":[{"count":1,"href":"http:\/\/nossacasa.net\/nossosriachos\/pos\/wp-json\/wp\/v2\/pages\/705\/revisions"}],"predecessor-version":[{"id":706,"href":"http:\/\/nossacasa.net\/nossosriachos\/pos\/wp-json\/wp\/v2\/pages\/705\/revisions\/706"}],"wp:featuredmedia":[{"embeddable":true,"href":"http:\/\/nossacasa.net\/nossosriachos\/pos\/wp-json\/wp\/v2\/media\/105"}],"wp:attachment":[{"href":"http:\/\/nossacasa.net\/nossosriachos\/pos\/wp-json\/wp\/v2\/media?parent=705"}],"curies":[{"name":"wp","href":"https:\/\/api.w.org\/{rel}","templated":true}]}}