{"id":72,"date":"2017-09-02T19:25:17","date_gmt":"2017-09-02T22:25:17","guid":{"rendered":"http:\/\/nossacasa.net\/nossosriachos\/pos\/?page_id=72"},"modified":"2019-08-14T11:36:55","modified_gmt":"2019-08-14T14:36:55","slug":"aula-2012","status":"publish","type":"page","link":"http:\/\/nossacasa.net\/nossosriachos\/pos\/aula-2012\/","title":{"rendered":"Aula 2012"},"content":{"rendered":"<div style=\"text-align: justify;\">\n<div style=\"text-align: center;\">\n<img loading=\"lazy\" decoding=\"async\" src=\"http:\/\/nossacasa.net\/nossosriachos\/pos\/wp-content\/uploads\/sites\/5\/2017\/09\/aula2012.jpg\" alt=\"\" width=\"200\" height=\"200\" class=\"alignleft size-full wp-image-58\" srcset=\"http:\/\/nossacasa.net\/nossosriachos\/pos\/wp-content\/uploads\/sites\/5\/2017\/09\/aula2012.jpg 200w, http:\/\/nossacasa.net\/nossosriachos\/pos\/wp-content\/uploads\/sites\/5\/2017\/09\/aula2012-150x150.jpg 150w\" sizes=\"auto, (max-width: 200px) 100vw, 200px\" \/><\/p>\n<hr>\n<hr>\n<hr>\n<p><strong>Biogeografia e Conserva\u00e7\u00e3o de Fauna Aqu\u00e1tica 2012-2<br \/>\nPROGRAMA\u00c7\u00c3O DAS AULAS<\/strong><\/p>\n<hr>\n<hr>\n<hr>\n<p>PROGRAMA DE P\u00d3S-GRADUA\u00c7\u00c3O EM CI\u00caNCIAS BIOL\u00d3GICAS- CENTRO DE CI\u00caNCIAS HUMANAS E NATURAIS<br \/>\nUNIVERSIDADE FEDERAL DO ESP\u00cdRITO SANTO<br \/>\nDISCIPLINA: Biogeografia e conserva\u00e7\u00e3o da fauna aqu\u00e1tica.<br \/>\nPBAN 9526 T\u00f3picos Especiais em Biologia Animal I<br \/>\nRESPONS\u00c1VEL: Luisa Maria Sarmento Soares\n<\/p><\/div>\n<p><strong>AVALIA\u00c7\u00c3O:<\/strong><\/p>\n<ul>\nA avalia\u00e7\u00e3o do desempenho dos alunos ser\u00e1 feita atrav\u00e9s dos seguintes instrumentos:<\/p>\n<li>Participa\u00e7\u00e3o na resolu\u00e7\u00e3o dos exerc\u00edcios em biogeografia.<\/li>\n<li>Relat\u00f3rios das aulas pr\u00e1ticas e estudos de caso.<\/li>\n<li>Reda\u00e7\u00e3o e apresenta\u00e7\u00e3o de semin\u00e1rio a partir de textos selecionados tem\u00e1ticos em biogeografia.<\/li>\n<\/ul>\n<p><strong>CRONOGRAMA DE EXECU\u00c7\u00c3O DA DISCIPLINA<\/strong><\/p>\n<p><strong>1\u00ba. Dia<\/strong> &#8211; 27\/08 &#8211; Aulas 1, 2 e 3<br \/>\nAulas:<br \/>\nRegi\u00f5es zoogeogr\u00e1ficas &#8211; exemplos da fauna aqu\u00e1tica &#8211; Regi\u00e3o Neotropical e forma\u00e7\u00e3o das bacias continentais na Am\u00e9rica Sul (aula 1 &#8211; manh\u00e3)<br \/>\nOrogenia andina (aula 2 &#8211; manh\u00e3)<br \/>\nDistribui\u00e7\u00e3o dos semin\u00e1rios (manh\u00e3)<br \/>\nBacia do Rio Amazonas (aula 3 &#8211; tarde)<br \/>\nPr\u00e1tica 1: Reconhecimento das principais linhagens de peixes. Linhagens derivadas marinhas (LDM)- Charcharinidae (Charcharinus leucas), Potamotrygonidae, Tetraodontidae (tarde).<br \/>\nLeitura complementar 1: 2003 Schnack &#038; L\u00f3pez. Biodiversidad, iniciativa taxon\u00f3mica global y elaboraci\u00f3n de inventarios sistem\u00e1ticos. Probiota, La Plata.<br \/>\nExerc\u00edcio 1: Padr\u00f5es de distribui\u00e7\u00e3o e endemismo (exerc\u00edcio com mapas).<\/p>\n<p><strong>2\u00ba. Dia<\/strong> &#8211; 28\/08 &#8211; Aulas 4, 5 e 6<br \/>\nAulas:<br \/>\nBacia do Madalena (aula 4 &#8211; manh\u00e3)<br \/>\nBacia do Orenoco (aula 5 &#8211; manh\u00e3)<br \/>\nBacia do Pantanal (aula 6 &#8211; manh\u00e3)<br \/>\nPr\u00e1tica 2: Ictiofauna Amaz\u00f4nica e Pantanal. Linhagens derivadas marinhas (LDM)- Belonidae, Hemirhamphidae, Batrachoididae (tarde).<br \/>\nLeitura complementar 2: 2007 Kavalco &#038; Pazza. Aspectos biogeogr\u00e1ficos de componentes da ictiofauna da Am\u00e9rica Central. Conscientiae Sa\u00fade.<br \/>\nExerc\u00edcio 2: Endemismo (exerc\u00edcio com mapas)..<\/p>\n<p><strong>3\u00ba. Dia<\/strong> &#8211; 29\/08 &#8211; Aulas 7 e 8<br \/>\nAulas:<br \/>\nBacia do Tocantins- Araguaia (aula 7 &#8211; manh\u00e3)<br \/>\nBacia do S\u00e3o Francisco (aula 8 &#8211; manh\u00e3)<br \/>\nPr\u00e1tica 3: Ictiofauna Tocantins-Araguaia -Linhagens derivadas marinhas (LDM)- Clupeidae, Pristigasteridae, Engraulidae. (tarde).<br \/>\nLeitura complementar 3: 2011 Lima &#038; Caires. Peixes da Esta\u00e7\u00e3o Ecol\u00f3gica Serra Geral do Tocantins, bacias dos Rios Tocantins e S\u00e3o Francisco, com observa\u00e7\u00f5es sobre as implica\u00e7\u00f5es biogeogr\u00e1ficas das &#8220;\u00e1guas emendadas&#8221; dos Rios Sap\u00e3o e Galheiros. Biota Neotropica 11(1).<br \/>\nExerc\u00edcio 3: Zoogeografia (exerc\u00edcio com mapas e texto) &#8211; Texto de refer\u00eancia para o exerc\u00edcio 3: Ringuelet, R. A. 1961. Rasgos fundamentales de la Zoogeograf\u00eda de la Argentina. Physis 22 (63): 151-170.<\/p>\n<p><strong>4\u00ba. Dia<\/strong> &#8211; 30\/08 &#8211; Aulas 9 e 10<br \/>\nAulas:<br \/>\nAbertura do Atl\u00e2ntico Sul e Bacias do Atl\u00e2ntico nordeste e Parna\u00edba (aula 9 &#8211; manh\u00e3)<br \/>\nBacia do Atl\u00e2ntico Leste (aula 10 &#8211; manh\u00e3)<br \/>\nBacia do Atl\u00e2ntico Sudeste (aula 11 &#8211; manh\u00e3)<br \/>\nPr\u00e1tica 4: Ictiofauna Atl\u00e2ntico Nordeste, Parna\u00edba, S\u00e3o Francisco e Atl\u00e2ntico leste &#8211; Linhagens derivadas marinhas (LDM)- Sciaenidae, Pleuronectiformes(tarde).<br \/>\nLeituras complementares 4: Rosa &#038; Groth. Ictiofauna dos ecossistemas de brejos de altitude de Pernambuco e Para\u00edba e Rosa et al. Diversidade, padr\u00f5es de distribui\u00e7\u00e3o e conserva\u00e7\u00e3o dos peixes da caatinga.<br \/>\nExerc\u00edcio 4: Panbiogeografia e conserva\u00e7\u00e3o (exerc\u00edcio com mapas e texto). &#8211; Textos de refer\u00eancia para o exerc\u00edcio 4: Goldani, A. 2010. Aplicabilidades e estudo comparativo da biogeografia hist\u00f3rica na regi\u00e3o Neotropical como ferramentas para conserva\u00e7\u00e3o: os m\u00e9todos &#8220;an\u00e1lise de parcim\u00f4nia de endemismo&#8221; e &#8220;panbiogeografia&#8221;. Tese de Doutorado. Bioci\u00eancias. PUCRS e Abell et al. 2008. Freshwater Ecoregions of the World: A New Map of Biogeographic Units for Freshwater Biodiversity Conservation. BioScience 58(5): 403-414<\/p>\n<p><strong>5\u00ba. Dia<\/strong> &#8211; 31\/08 &#8211; Aulas 12 e 13<br \/>\nAulas:<br \/>\nBacia do Atl\u00e2ntico Sul e Uruguai (aula 12 &#8211; manh\u00e3)<br \/>\nBacias austrais (aula 13 &#8211; manh\u00e3)<br \/>\nPr\u00e1tica 5: Ictiofauna Atl\u00e2ntico Sudeste e Sul Linhagens derivadas marinhas (LDM)- Gobiidae, Syngnathidae.(tarde).<br \/>\nLeitura complementar 5: 1999. Bizerril. A Ictiofauna da Bacia do Rio Para\u00edba do Sul. Biodiversidade e Padr\u00f5es Biogeogr\u00e1fico<br \/>\nExerc\u00edcio 5: Avalia\u00e7\u00e3o de Cladogramas gerais de \u00e1rea (exerc\u00edcio com mapas e texto).Texto de refer\u00eancia para o exerc\u00edcio 5: Betancur, R. 2010. Molecular phylogenetics supports multiple evolutionary transitions from marine to freshwater habitats in ariid catfishes. Molecular Phylogenetics and Evolution 55: 249-258.<\/p>\n<p><strong>6\u00ba. Dia<\/strong>&#8211; 01\/09 SEMIN\u00c1RIOS E ENCERRAMENTO\n<\/div>\n","protected":false},"excerpt":{"rendered":"<p>Biogeografia e Conserva\u00e7\u00e3o de Fauna Aqu\u00e1tica 2012-2 PROGRAMA\u00c7\u00c3O DAS AULAS PROGRAMA DE P\u00d3S-GRADUA\u00c7\u00c3O EM CI\u00caNCIAS BIOL\u00d3GICAS- CENTRO DE CI\u00caNCIAS HUMANAS E NATURAIS UNIVERSIDADE FEDERAL DO ESP\u00cdRITO SANTO DISCIPLINA: Biogeografia e conserva\u00e7\u00e3o da fauna aqu\u00e1tica. PBAN 9526 T\u00f3picos Especiais em Biologia &hellip; <a href=\"http:\/\/nossacasa.net\/nossosriachos\/pos\/aula-2012\/\">Continue lendo <span class=\"meta-nav\">&rarr;<\/span><\/a><\/p>\n","protected":false},"author":1,"featured_media":58,"parent":0,"menu_order":0,"comment_status":"closed","ping_status":"closed","template":"","meta":{"footnotes":""},"class_list":["post-72","page","type-page","status-publish","has-post-thumbnail","hentry"],"_links":{"self":[{"href":"http:\/\/nossacasa.net\/nossosriachos\/pos\/wp-json\/wp\/v2\/pages\/72","targetHints":{"allow":["GET"]}}],"collection":[{"href":"http:\/\/nossacasa.net\/nossosriachos\/pos\/wp-json\/wp\/v2\/pages"}],"about":[{"href":"http:\/\/nossacasa.net\/nossosriachos\/pos\/wp-json\/wp\/v2\/types\/page"}],"author":[{"embeddable":true,"href":"http:\/\/nossacasa.net\/nossosriachos\/pos\/wp-json\/wp\/v2\/users\/1"}],"replies":[{"embeddable":true,"href":"http:\/\/nossacasa.net\/nossosriachos\/pos\/wp-json\/wp\/v2\/comments?post=72"}],"version-history":[{"count":5,"href":"http:\/\/nossacasa.net\/nossosriachos\/pos\/wp-json\/wp\/v2\/pages\/72\/revisions"}],"predecessor-version":[{"id":950,"href":"http:\/\/nossacasa.net\/nossosriachos\/pos\/wp-json\/wp\/v2\/pages\/72\/revisions\/950"}],"wp:featuredmedia":[{"embeddable":true,"href":"http:\/\/nossacasa.net\/nossosriachos\/pos\/wp-json\/wp\/v2\/media\/58"}],"wp:attachment":[{"href":"http:\/\/nossacasa.net\/nossosriachos\/pos\/wp-json\/wp\/v2\/media?parent=72"}],"curies":[{"name":"wp","href":"https:\/\/api.w.org\/{rel}","templated":true}]}}