{"id":76,"date":"2017-09-02T19:26:23","date_gmt":"2017-09-02T22:26:23","guid":{"rendered":"http:\/\/nossacasa.net\/nossosriachos\/pos\/?page_id=76"},"modified":"2019-08-14T11:40:25","modified_gmt":"2019-08-14T14:40:25","slug":"aula-2014","status":"publish","type":"page","link":"http:\/\/nossacasa.net\/nossosriachos\/pos\/aula-2014\/","title":{"rendered":"Aula 2014"},"content":{"rendered":"<div style=\"text-align: justify;\">\n<div style=\"text-align: center;\">\n<img loading=\"lazy\" decoding=\"async\" src=\"http:\/\/nossacasa.net\/nossosriachos\/pos\/wp-content\/uploads\/sites\/5\/2017\/09\/aula2014.jpg\" alt=\"\" width=\"200\" height=\"200\" class=\"alignleft size-full wp-image-60\" srcset=\"http:\/\/nossacasa.net\/nossosriachos\/pos\/wp-content\/uploads\/sites\/5\/2017\/09\/aula2014.jpg 200w, http:\/\/nossacasa.net\/nossosriachos\/pos\/wp-content\/uploads\/sites\/5\/2017\/09\/aula2014-150x150.jpg 150w\" sizes=\"auto, (max-width: 200px) 100vw, 200px\" \/><\/p>\n<hr>\n<hr>\n<hr>\n<p><strong>Biogeografia e Conserva\u00e7\u00e3o de Fauna Aqu\u00e1tica 2014-2<br \/>\nPROGRAMA\u00c7\u00c3O DAS AULAS<\/strong><\/p>\n<hr>\n<hr>\n<hr>\n<p>PROGRAMA DE P\u00d3S-GRADUA\u00c7\u00c3O EM CI\u00caNCIAS BIOL\u00d3GICAS- CENTRO DE CI\u00caNCIAS HUMANAS E NATURAIS<br \/>\nUNIVERSIDADE FEDERAL DO ESP\u00cdRITO SANTO<br \/>\nDISCIPLINA: Biogeografia e conserva\u00e7\u00e3o da fauna aqu\u00e1tica.<br \/>\nPBAN 9526 T\u00f3picos Especiais em Biologia Animal I<br \/>\nRESPONS\u00c1VEL: Luisa Maria Sarmento Soares\n<\/p><\/div>\n<p><strong>AVALIA\u00c7\u00c3O:<\/strong><\/p>\n<ul>\nA avalia\u00e7\u00e3o do desempenho dos alunos ser\u00e1 feita atrav\u00e9s dos seguintes instrumentos:<\/p>\n<li>Participa\u00e7\u00e3o na resolu\u00e7\u00e3o dos exerc\u00edcios em biogeografia.<\/li>\n<li>Relat\u00f3rios das aulas pr\u00e1ticas e estudos de caso.<\/li>\n<li>Reda\u00e7\u00e3o e apresenta\u00e7\u00e3o de semin\u00e1rio a partir de textos selecionados tem\u00e1ticos em biogeografia.<\/li>\n<\/ul>\n<p><strong>CRONOGRAMA DE EXECU\u00c7\u00c3O DA DISCIPLINA<\/strong><\/p>\n<p><strong>1\u00ba. Dia<\/strong> &#8211; 22\/9\/2014 &#8211; Aulas 1 e 2<br \/>\nAulas:<br \/>\nRegi\u00f5es zoogeogr\u00e1ficas &#8211; exemplos da fauna aqu\u00e1tica &#8211; Regi\u00e3o Neotropical e forma\u00e7\u00e3o das bacias continentais na Am\u00e9rica Sul (aula 1 &#8211; manh\u00e3)<br \/>\nBacias austrais (aula 2 &#8211; manh\u00e3)<br \/>\nDistribui\u00e7\u00e3o dos semin\u00e1rios (manh\u00e3)<br \/>\nPr\u00e1tica 1: Identifica\u00e7\u00e3o das ordens de peixe no Atl\u00e2ntico Sul e na regi\u00e3o Austral (tarde).<br \/>\nLeitura complementar 1: Holt, B.G.et al, 2013. An Update of Wallace&#8217;s Zoogeographic Regions of the World. Science 339, 74 (2013).<br \/>\nExerc\u00edcio 1: Padr\u00f5es de distribui\u00e7\u00e3o e endemismo (exerc\u00edcio com mapas).<\/p>\n<p><strong>2\u00ba. Dia<\/strong> &#8211; 23\/9\/2014 &#8211; Aulas 3, 4 e 5<br \/>\nAulas:<br \/>\nBacias do Atl\u00e2ntico Sul (aula 3 &#8211; manh\u00e3)<br \/>\nBacias do Uruguai (aula 4 &#8211; manh\u00e3)<br \/>\nBacias do Atl\u00e2ntico Sudeste (aula 5 &#8211; manh\u00e3)<br \/>\nPr\u00e1tica 2: Identifica\u00e7\u00e3o das linhagens derivadas marinhas (LDM) com incurs\u00e3o em \u00e1gua doce (tarde).<br \/>\nLeitura complementar 2: 2007 Kavalco &#038; Pazza. Aspectos biogeogr\u00e1ficos de componentes da ictiofauna da Am\u00e9rica Central. Conscientiae Sa\u00fade.<br \/>\nExerc\u00edcio 2: Endemismo (exerc\u00edcio com mapas).<\/p>\n<p><strong>3\u00ba. Dia<\/strong> &#8211; 24\/9\/2014 &#8211; Aulas 6, 7 e 8<br \/>\nAulas:<br \/>\nOrogenia do Atl\u00e2ntico e Bacia do S\u00e3o Francisco (aula 6 &#8211; manh\u00e3)<br \/>\nBacias do Atl\u00e2ntico Leste (aula 7 &#8211; manh\u00e3)<br \/>\nEscudo cristalino e Bacias do Atl\u00e2ntico Nordeste (aula 8 &#8211; manh\u00e3)<br \/>\nPr\u00e1tica 3: Identifica\u00e7\u00e3o de peixes Ostariophysi &#8211; parte 1. (tarde).<br \/>\nLeitura complementar 3: 2011 Lima &#038; Caires. Peixes da Esta\u00e7\u00e3o Ecol\u00f3gica Serra Geral do Tocantins, bacias dos Rios Tocantins e S\u00e3o Francisco, com observa\u00e7\u00f5es sobre as implica\u00e7\u00f5es biogeogr\u00e1ficas das &#8220;\u00e1guas emendadas&#8221; dos Rios Sap\u00e3o e Galheiros. Biota Neotropica 11(1).<br \/>\nExerc\u00edcio 3: Zoogeografia (exerc\u00edcio com mapas e texto) &#8211; Texto de refer\u00eancia para o exerc\u00edcio 3: Ringuelet, R. A. 1961. Rasgos fundamentales de la Zoogeograf\u00eda de la Argentina. Physis 22 (63): 151-170.<\/p>\n<p><strong>4\u00ba. Dia<\/strong> &#8211; 25\/9\/2014 &#8211; Aulas 9, 10 e 11<br \/>\nAulas:<br \/>\nBacia do Tocantins\/Araguaia (aula 9 &#8211; manh\u00e3)<br \/>\nEscudo das Guianas (aula 10 &#8211; manh\u00e3)<br \/>\nPantanal (aula 11 &#8211; manh\u00e3)<br \/>\nPr\u00e1tica 4: Identifica\u00e7\u00e3o de peixes Ostariophysi &#8211; parte 1. (tarde).<br \/>\nLeituras complementares 4: Rosa &#038; Groth. Ictiofauna dos ecossistemas de brejos de altitude de Pernambuco e Para\u00edba e Rosa et al. Diversidade, padr\u00f5es de distribui\u00e7\u00e3o e conserva\u00e7\u00e3o dos peixes da caatinga.<br \/>\nExerc\u00edcio 4: Panbiogeografia e conserva\u00e7\u00e3o (exerc\u00edcio com mapas e texto). &#8211; Textos de refer\u00eancia para o exerc\u00edcio 4: Goldani, A. 2010. Aplicabilidades e estudo comparativo da biogeografia hist\u00f3rica na regi\u00e3o Neotropical como ferramentas para conserva\u00e7\u00e3o: os m\u00e9todos &#8220;an\u00e1lise de parcim\u00f4nia de endemismo&#8221; e &#8220;panbiogeografia&#8221;. Tese de Doutorado. Bioci\u00eancias. PUCRS e Abell et al. 2008. Freshwater Ecoregions of the World: A New Map of Biogeographic Units for Freshwater Biodiversity Conservation. BioScience 58(5): 403-414<\/p>\n<p><strong>5\u00ba. Dia<\/strong> &#8211; 26\/9\/2014 &#8211; Aulas 12, 13, 14 e 15<br \/>\nAulas:<br \/>\nOrogenia andina e Amazonas (aula 12 &#8211; manh\u00e3)<br \/>\nBacia do Amazonas (aula 13 &#8211; manh\u00e3)<br \/>\nBacia do Orenoco (aula 14 &#8211; manh\u00e3)<br \/>\nBacia do Madalena (aula 15 &#8211; manh\u00e3)<br \/>\nPr\u00e1tica 5: Identifica\u00e7\u00e3o das ordens de peixes amaz\u00f4nicos.(tarde).<br \/>\nLeitura complementar 5: 1999. Bizerril. A Ictiofauna da Bacia do Rio Para\u00edba do Sul. Biodiversidade e Padr\u00f5es Biogeogr\u00e1fico<br \/>\nExerc\u00edcio 5: Avalia\u00e7\u00e3o de Cladogramas gerais de \u00e1rea (exerc\u00edcio com mapas e texto).Texto de refer\u00eancia para o exerc\u00edcio 5: Betancur, R. 2010. Molecular phylogenetics supports multiple evolutionary transitions from marine to freshwater habitats in ariid catfishes. Molecular Phylogenetics and Evolution 55: 249-258.<\/p>\n<p><strong>6\u00ba. Dia<\/strong> &#8211; 27\/9\/2014 SEMIN\u00c1RIOS E ENCERRAMENTO\n<\/div>\n","protected":false},"excerpt":{"rendered":"<p>Biogeografia e Conserva\u00e7\u00e3o de Fauna Aqu\u00e1tica 2014-2 PROGRAMA\u00c7\u00c3O DAS AULAS PROGRAMA DE P\u00d3S-GRADUA\u00c7\u00c3O EM CI\u00caNCIAS BIOL\u00d3GICAS- CENTRO DE CI\u00caNCIAS HUMANAS E NATURAIS UNIVERSIDADE FEDERAL DO ESP\u00cdRITO SANTO DISCIPLINA: Biogeografia e conserva\u00e7\u00e3o da fauna aqu\u00e1tica. PBAN 9526 T\u00f3picos Especiais em Biologia &hellip; <a href=\"http:\/\/nossacasa.net\/nossosriachos\/pos\/aula-2014\/\">Continue lendo <span class=\"meta-nav\">&rarr;<\/span><\/a><\/p>\n","protected":false},"author":1,"featured_media":60,"parent":0,"menu_order":0,"comment_status":"closed","ping_status":"closed","template":"","meta":{"footnotes":""},"class_list":["post-76","page","type-page","status-publish","has-post-thumbnail","hentry"],"_links":{"self":[{"href":"http:\/\/nossacasa.net\/nossosriachos\/pos\/wp-json\/wp\/v2\/pages\/76","targetHints":{"allow":["GET"]}}],"collection":[{"href":"http:\/\/nossacasa.net\/nossosriachos\/pos\/wp-json\/wp\/v2\/pages"}],"about":[{"href":"http:\/\/nossacasa.net\/nossosriachos\/pos\/wp-json\/wp\/v2\/types\/page"}],"author":[{"embeddable":true,"href":"http:\/\/nossacasa.net\/nossosriachos\/pos\/wp-json\/wp\/v2\/users\/1"}],"replies":[{"embeddable":true,"href":"http:\/\/nossacasa.net\/nossosriachos\/pos\/wp-json\/wp\/v2\/comments?post=76"}],"version-history":[{"count":4,"href":"http:\/\/nossacasa.net\/nossosriachos\/pos\/wp-json\/wp\/v2\/pages\/76\/revisions"}],"predecessor-version":[{"id":952,"href":"http:\/\/nossacasa.net\/nossosriachos\/pos\/wp-json\/wp\/v2\/pages\/76\/revisions\/952"}],"wp:featuredmedia":[{"embeddable":true,"href":"http:\/\/nossacasa.net\/nossosriachos\/pos\/wp-json\/wp\/v2\/media\/60"}],"wp:attachment":[{"href":"http:\/\/nossacasa.net\/nossosriachos\/pos\/wp-json\/wp\/v2\/media?parent=76"}],"curies":[{"name":"wp","href":"https:\/\/api.w.org\/{rel}","templated":true}]}}