{"id":1085,"date":"2019-09-03T11:26:42","date_gmt":"2019-09-03T14:26:42","guid":{"rendered":"http:\/\/nossacasa.net\/nossosriachos\/rios\/?page_id=1085"},"modified":"2019-09-03T11:26:42","modified_gmt":"2019-09-03T14:26:42","slug":"rivulidae","status":"publish","type":"page","link":"http:\/\/nossacasa.net\/nossosriachos\/rios\/rivulidae\/","title":{"rendered":"Rivulidae"},"content":{"rendered":"<div style=\"text-align: justify;\">\n<strong>Os Rivulidae<\/strong> (Peixes anuais, das nuvens ou das po\u00e7as.)<\/p>\n<p><img loading=\"lazy\" decoding=\"async\" src=\"http:\/\/nossacasa.net\/nossosriachos\/rios\/wp-content\/uploads\/sites\/8\/2019\/09\/rivulidae.png\" alt=\"\" width=\"800\" height=\"310\" class=\"aligncenter size-full wp-image-1086\" srcset=\"http:\/\/nossacasa.net\/nossosriachos\/rios\/wp-content\/uploads\/sites\/8\/2019\/09\/rivulidae.png 800w, http:\/\/nossacasa.net\/nossosriachos\/rios\/wp-content\/uploads\/sites\/8\/2019\/09\/rivulidae-300x116.png 300w, http:\/\/nossacasa.net\/nossosriachos\/rios\/wp-content\/uploads\/sites\/8\/2019\/09\/rivulidae-768x298.png 768w, http:\/\/nossacasa.net\/nossosriachos\/rios\/wp-content\/uploads\/sites\/8\/2019\/09\/rivulidae-500x194.png 500w\" sizes=\"auto, (max-width: 800px) 100vw, 800px\" \/><\/p>\n<p>Algumas caracter\u00edsticas da fam\u00edlia <strong>Rivulidae<\/strong> s\u00e3o ilustradas na figura acima.<\/p>\n<p>A fam\u00edlia <strong>Rivulidae<\/strong> \u00e9 uma das quatro mais diversificadas entre as pouco mais de 40 fam\u00edlias de peixes de \u00e1gua doce do Brasil. S\u00e3o peixes pertencentes a ordem dos Cyprinodontiformes, ordem que abriga tamb\u00e9m os barrigudinhos. <\/p>\n<p>A membrana branquial e opercular cont\u00ednuas, e a redu\u00e7\u00e3o dos canais sensoriais na cabe\u00e7a s\u00e3o caracter\u00edsticas externas capazes de distinguir esses peixes (Costa, 2018). <\/p>\n<p>Peixes da fam\u00edlia <strong>Rivulidae<\/strong> s\u00e3o pequenos, raramente chegam a 10 cent\u00edmetros de comprimento padr\u00e3o, e habitam ambientes brejosos e tempor\u00e1rios, especialmente em \u00e1reas de baixada.<br \/>\nO tipo de desenvolvimento destes peixes se caracteriza em anual, com ciclo de vida em riachos sazonais, e n\u00e3o anual, com ciclo de vida em riachos perenes. Muitos rivul\u00eddeos da floresta de tabuleiro tem o ciclo de vida anual, ou seja, tem sua vida limitada a esta\u00e7\u00e3o chuvosa, em po\u00e7as tempor\u00e1rias. Quando a po\u00e7a seca no inverno, esses peixes morrem deixando seus ovos em diapausa para eclodirem nas chuvas seguintes (Costa, 2003).<\/p>\n<p>S\u00e3o peixes tipicamente ov\u00edparos, com fertiliza\u00e7\u00e3o externa. Entre as esp\u00e9cies n\u00e3o anuais, h\u00e1 uma hermafrodita, que tamb\u00e9m tolera a varia\u00e7\u00e3o de salinidade e sobrevive em pequenos c\u00f3rregos com influ\u00eancia estuarina, <em>Kryptolebias ocellatus<\/em>.(Sarmento-Soares et al., 2015).<\/p>\n<p>De colorido exuberante, esses peixes se ocultam nas \u00e1guas escuras dos rios e brejos, sendo portanto pouco conhecidos da popula\u00e7\u00e3o em geral, mas que por outro lado sua beleza singular atrai aquaristas do mundo inteiro a cultiv\u00e1-los. <\/p>\n<p>A regi\u00e3o dos tabuleiros da Mata Atl\u00e2ntica \u00e9 habitada por peixes da fam\u00edlia <strong>Rivulidae<\/strong>, distribuidos em quatro g\u00eaneros: <em>Atlantivulus<\/em>, <em>Kryptolebiass<\/em>, <em>Mucurilebias<\/em> e <em>Xenurolebias<\/em>.<\/p>\n<hr>\n<p><a href=\"http:\/\/nossacasa.net\/nossosriachos\/rios\/chave-de-rivulidae\/\">CHAVE DE RIVULIDAE<\/a><\/p>\n<hr>\n<\/div>\n","protected":false},"excerpt":{"rendered":"<p>Os Rivulidae (Peixes anuais, das nuvens ou das po\u00e7as.) Algumas caracter\u00edsticas da fam\u00edlia Rivulidae s\u00e3o ilustradas na figura acima. A fam\u00edlia Rivulidae \u00e9 uma das quatro mais diversificadas entre as pouco mais de 40 fam\u00edlias de peixes de \u00e1gua doce &hellip; <a href=\"http:\/\/nossacasa.net\/nossosriachos\/rios\/rivulidae\/\">Continue lendo <span class=\"meta-nav\">&rarr;<\/span><\/a><\/p>\n","protected":false},"author":1,"featured_media":0,"parent":0,"menu_order":0,"comment_status":"closed","ping_status":"closed","template":"","meta":{"footnotes":""},"class_list":["post-1085","page","type-page","status-publish","hentry"],"_links":{"self":[{"href":"http:\/\/nossacasa.net\/nossosriachos\/rios\/wp-json\/wp\/v2\/pages\/1085","targetHints":{"allow":["GET"]}}],"collection":[{"href":"http:\/\/nossacasa.net\/nossosriachos\/rios\/wp-json\/wp\/v2\/pages"}],"about":[{"href":"http:\/\/nossacasa.net\/nossosriachos\/rios\/wp-json\/wp\/v2\/types\/page"}],"author":[{"embeddable":true,"href":"http:\/\/nossacasa.net\/nossosriachos\/rios\/wp-json\/wp\/v2\/users\/1"}],"replies":[{"embeddable":true,"href":"http:\/\/nossacasa.net\/nossosriachos\/rios\/wp-json\/wp\/v2\/comments?post=1085"}],"version-history":[{"count":1,"href":"http:\/\/nossacasa.net\/nossosriachos\/rios\/wp-json\/wp\/v2\/pages\/1085\/revisions"}],"predecessor-version":[{"id":1091,"href":"http:\/\/nossacasa.net\/nossosriachos\/rios\/wp-json\/wp\/v2\/pages\/1085\/revisions\/1091"}],"wp:attachment":[{"href":"http:\/\/nossacasa.net\/nossosriachos\/rios\/wp-json\/wp\/v2\/media?parent=1085"}],"curies":[{"name":"wp","href":"https:\/\/api.w.org\/{rel}","templated":true}]}}