{"id":1121,"date":"2019-09-03T14:57:23","date_gmt":"2019-09-03T17:57:23","guid":{"rendered":"http:\/\/nossacasa.net\/nossosriachos\/rios\/?page_id=1121"},"modified":"2019-09-03T15:09:50","modified_gmt":"2019-09-03T18:09:50","slug":"synbranchidae","status":"publish","type":"page","link":"http:\/\/nossacasa.net\/nossosriachos\/rios\/synbranchidae\/","title":{"rendered":"Synbranchidae"},"content":{"rendered":"<div style=\"text-align: justify;\">\n<strong>Os Synbranchidae<\/strong> (Mu\u00e7uns)<\/p>\n<p><img loading=\"lazy\" decoding=\"async\" src=\"http:\/\/nossacasa.net\/nossosriachos\/rios\/wp-content\/uploads\/sites\/8\/2019\/09\/Synbranchidae.png\" alt=\"\" width=\"800\" height=\"246\" class=\"aligncenter size-full wp-image-1127\" srcset=\"http:\/\/nossacasa.net\/nossosriachos\/rios\/wp-content\/uploads\/sites\/8\/2019\/09\/Synbranchidae.png 800w, http:\/\/nossacasa.net\/nossosriachos\/rios\/wp-content\/uploads\/sites\/8\/2019\/09\/Synbranchidae-300x92.png 300w, http:\/\/nossacasa.net\/nossosriachos\/rios\/wp-content\/uploads\/sites\/8\/2019\/09\/Synbranchidae-768x236.png 768w, http:\/\/nossacasa.net\/nossosriachos\/rios\/wp-content\/uploads\/sites\/8\/2019\/09\/Synbranchidae-500x154.png 500w\" sizes=\"auto, (max-width: 800px) 100vw, 800px\" \/><\/p>\n<p>Algumas caracter\u00edsticas da fam\u00edlia <strong>Synbranchidae<\/strong> s\u00e3o ilustradas na figura acima.<\/p>\n<p>Os peixes da fam\u00edlia <strong>Synbranchidae<\/strong> ocorrem em uma variedade de ambientes, incluindo riachos, e p\u00e2ntanos de \u00e1guas escuras e acidificadas, ricas em mat\u00e9ria org\u00e2nica. Possuem \u00f3rg\u00e3os respirat\u00f3rios acess\u00f3rios, que lhes permite respirar ar atmosf\u00e9rico e sobreviver em \u00e1guas pouco oxigenadas (Favorito et al., 2005).<\/p>\n<p>Estes peixes s\u00e3o facilmente reconhecidos pelo corpo alongado, com aus\u00eancia de nadadeiras peitorais, p\u00e9lvicas. As nadadeiras dorsal e anal s\u00e3o rudimentares, limitadas a uma dobra de pele cont\u00edgua a caudal. As membranas branquiais s\u00e3o fusionadas entre si, em uma fenda \u00fanica, funcionando como uma abertura branquial ventral. Possuem olhos pequenos cobertos por pele fina.<br \/>\nPor possu\u00edrem a apar\u00eancia externa muito conservativa, a separa\u00e7\u00e3o de esp\u00e9cies entre si \u00e9 dificultosa, baseada principalmente em caracter\u00edsticas associadas as v\u00e9rtebras, e  o n\u00famero de esp\u00e9cies reconhecidas em <em>Synbranchus<\/em> ainda est\u00e1 por ser definida (T. Roberts, com. pessoal). Na floresta de tabuleiro uma \u00fanica esp\u00e9cie \u00e9 reconhecida, . <\/p>\n<p>A regi\u00e3o dos tabuleiros da Mata Atl\u00e2ntica \u00e9 habitada por peixes da fam\u00edlia <strong>Synbranchidae<\/strong>, pertecentes a um \u00fanico g\u00eanero: <em>Synbranchus<\/em>.<\/p>\n<hr>\n<p><a href=\"http:\/\/nossacasa.net\/nossosriachos\/rios\/chave-de-synbranchidae\/\">CHAVE DE SYNBRANCHIDAE<\/a><\/p>\n<hr>\n<\/div>\n","protected":false},"excerpt":{"rendered":"<p>Os Synbranchidae (Mu\u00e7uns) Algumas caracter\u00edsticas da fam\u00edlia Synbranchidae s\u00e3o ilustradas na figura acima. Os peixes da fam\u00edlia Synbranchidae ocorrem em uma variedade de ambientes, incluindo riachos, e p\u00e2ntanos de \u00e1guas escuras e acidificadas, ricas em mat\u00e9ria org\u00e2nica. Possuem \u00f3rg\u00e3os respirat\u00f3rios &hellip; <a href=\"http:\/\/nossacasa.net\/nossosriachos\/rios\/synbranchidae\/\">Continue lendo <span class=\"meta-nav\">&rarr;<\/span><\/a><\/p>\n","protected":false},"author":1,"featured_media":0,"parent":0,"menu_order":0,"comment_status":"closed","ping_status":"closed","template":"","meta":{"footnotes":""},"class_list":["post-1121","page","type-page","status-publish","hentry"],"_links":{"self":[{"href":"http:\/\/nossacasa.net\/nossosriachos\/rios\/wp-json\/wp\/v2\/pages\/1121","targetHints":{"allow":["GET"]}}],"collection":[{"href":"http:\/\/nossacasa.net\/nossosriachos\/rios\/wp-json\/wp\/v2\/pages"}],"about":[{"href":"http:\/\/nossacasa.net\/nossosriachos\/rios\/wp-json\/wp\/v2\/types\/page"}],"author":[{"embeddable":true,"href":"http:\/\/nossacasa.net\/nossosriachos\/rios\/wp-json\/wp\/v2\/users\/1"}],"replies":[{"embeddable":true,"href":"http:\/\/nossacasa.net\/nossosriachos\/rios\/wp-json\/wp\/v2\/comments?post=1121"}],"version-history":[{"count":4,"href":"http:\/\/nossacasa.net\/nossosriachos\/rios\/wp-json\/wp\/v2\/pages\/1121\/revisions"}],"predecessor-version":[{"id":1130,"href":"http:\/\/nossacasa.net\/nossosriachos\/rios\/wp-json\/wp\/v2\/pages\/1121\/revisions\/1130"}],"wp:attachment":[{"href":"http:\/\/nossacasa.net\/nossosriachos\/rios\/wp-json\/wp\/v2\/media?parent=1121"}],"curies":[{"name":"wp","href":"https:\/\/api.w.org\/{rel}","templated":true}]}}