{"id":1171,"date":"2019-09-05T10:39:47","date_gmt":"2019-09-05T13:39:47","guid":{"rendered":"http:\/\/nossacasa.net\/nossosriachos\/rios\/?page_id=1171"},"modified":"2019-09-13T16:27:49","modified_gmt":"2019-09-13T19:27:49","slug":"paralichthyidae","status":"publish","type":"page","link":"http:\/\/nossacasa.net\/nossosriachos\/rios\/paralichthyidae\/","title":{"rendered":"Paralichthyidae"},"content":{"rendered":"<div style=\"text-align: justify;\">\n<h1>Os Paralichthydae (Marama\u00e7\u00e1 e linguados)<\/h1>\n<p><img loading=\"lazy\" decoding=\"async\" src=\"http:\/\/nossacasa.net\/nossosriachos\/rios\/wp-content\/uploads\/sites\/8\/2019\/09\/Paralichthydae.png\" alt=\"\" width=\"800\" height=\"376\" class=\"aligncenter size-full wp-image-1172\" \/><\/p>\n<p>Algumas caracter\u00edsticas da fam\u00edlia <strong>Paralichthydae<\/strong>, s\u00e3o ilustradas na figura acima.<\/p>\n<p>Peixes da fam\u00edlia <strong>Paralichthydae<\/strong> s\u00e3o os mais diversificados na regi\u00e3o dos tabuleiros. Possuem os olhos do lado esquerdo do corpo (sinistrais), e a boca ampla, prolongando-se al\u00e9m da vertical da posi\u00e7\u00e3o dos olhos. Os dentes na maxila e mand\u00edbula s\u00e3o bem desenvolvidos e caniniformes. Possuem as nadadeiras p\u00e9lvicas com a base curta, e aproximadamente sim\u00e9tricas.<\/p>\n<p>Muitos linguados desta fam\u00edlia tem pequenas dimens\u00f5es, com tamanho inferior a 20 cent\u00edmetros. S\u00e3o esses pequenos peixes que adentram os estu\u00e1rios de riachos em pequenas bacias e lagoas da floresta de tabuleiros. <\/p>\n<p>S\u00e3o peixes predadores e vivem semi-enterrados em fundos arenosos ou lamosos, se ocultando sobre o fundo. Ocorrem em \u00e1guas estuarinas na baixada litor\u00e2nea incluindo mangues e principalmente em mares rasos. <\/p>\n<p>Os tabuleiros da Mata Atl\u00e2ntica s\u00e3o povoados por peixes pertencentes a quatro g\u00eaneros da fam\u00edlia <strong>Paralichthydae<\/strong>: <em>Citharichthys<\/em>, <em>Etropus<\/em>, <em>Paralichthys<\/em> e <em>Syacium<\/em>. <\/p>\n<hr>\n<p><strong><a href=\"http:\/\/nossacasa.net\/nossosriachos\/rios\/chave-de-paralichthydae\">CHAVE DE PARALICHTHYDAE<\/a><\/strong><\/p>\n<hr>\n<\/div>\n","protected":false},"excerpt":{"rendered":"<p>Os Paralichthydae (Marama\u00e7\u00e1 e linguados) Algumas caracter\u00edsticas da fam\u00edlia Paralichthydae, s\u00e3o ilustradas na figura acima. Peixes da fam\u00edlia Paralichthydae s\u00e3o os mais diversificados na regi\u00e3o dos tabuleiros. Possuem os olhos do lado esquerdo do corpo (sinistrais), e a boca ampla, &hellip; <a href=\"http:\/\/nossacasa.net\/nossosriachos\/rios\/paralichthyidae\/\">Continue lendo <span class=\"meta-nav\">&rarr;<\/span><\/a><\/p>\n","protected":false},"author":1,"featured_media":0,"parent":0,"menu_order":0,"comment_status":"closed","ping_status":"closed","template":"","meta":{"footnotes":""},"class_list":["post-1171","page","type-page","status-publish","hentry"],"_links":{"self":[{"href":"http:\/\/nossacasa.net\/nossosriachos\/rios\/wp-json\/wp\/v2\/pages\/1171","targetHints":{"allow":["GET"]}}],"collection":[{"href":"http:\/\/nossacasa.net\/nossosriachos\/rios\/wp-json\/wp\/v2\/pages"}],"about":[{"href":"http:\/\/nossacasa.net\/nossosriachos\/rios\/wp-json\/wp\/v2\/types\/page"}],"author":[{"embeddable":true,"href":"http:\/\/nossacasa.net\/nossosriachos\/rios\/wp-json\/wp\/v2\/users\/1"}],"replies":[{"embeddable":true,"href":"http:\/\/nossacasa.net\/nossosriachos\/rios\/wp-json\/wp\/v2\/comments?post=1171"}],"version-history":[{"count":5,"href":"http:\/\/nossacasa.net\/nossosriachos\/rios\/wp-json\/wp\/v2\/pages\/1171\/revisions"}],"predecessor-version":[{"id":2218,"href":"http:\/\/nossacasa.net\/nossosriachos\/rios\/wp-json\/wp\/v2\/pages\/1171\/revisions\/2218"}],"wp:attachment":[{"href":"http:\/\/nossacasa.net\/nossosriachos\/rios\/wp-json\/wp\/v2\/media?parent=1171"}],"curies":[{"name":"wp","href":"https:\/\/api.w.org\/{rel}","templated":true}]}}