{"id":1254,"date":"2019-09-05T20:29:04","date_gmt":"2019-09-05T23:29:04","guid":{"rendered":"http:\/\/nossacasa.net\/nossosriachos\/rios\/?page_id=1254"},"modified":"2019-09-05T20:29:32","modified_gmt":"2019-09-05T23:29:32","slug":"chave-de-anguilliformes","status":"publish","type":"page","link":"http:\/\/nossacasa.net\/nossosriachos\/rios\/chave-de-anguilliformes\/","title":{"rendered":"Chave de Anguilliformes"},"content":{"rendered":"\n<table id=\"tablepress-2\" class=\"tablepress tablepress-id-2 tbody-has-connected-cells\">\n<tbody class=\"row-striping row-hover\">\n<tr class=\"row-1\">\n\t<td colspan=\"4\" class=\"column-1\"><h1>Chave de Anguilliformes<\/h1>. Os <strong><a href=\"http:\/\/nossacasa.net\/nossosriachos\/rios\/anguilliformes\/\">Anguilliformes<\/a><\/strong> do Tabuleiro s\u00e3o representados por uma \u00fanica  fam\u00edlia:<strong><a href=\"http:\/\/nossacasa.net\/nossosriachos\/rios\/ophichthidae\/\"> Ophichthidae<\/a><\/strong>.<\/td>\n<\/tr>\n<tr class=\"row-2\">\n\t<td class=\"column-1\"><strong>1A<\/strong><\/td><td class=\"column-2\">Narina posterior junto l\u00e1bio superior, na abertura bucal; aberturas branquiais em fendas obl\u00edquas em rela\u00e7\u00e3o a cabe\u00e7a.<\/td><td class=\"column-3\"><strong>Ophichthidae<\/strong><\/td><td class=\"column-4\"><img loading=\"lazy\" decoding=\"async\" src=\"http:\/\/nossacasa.net\/nossosriachos\/rios\/wp-content\/uploads\/sites\/8\/2019\/08\/Anguilliformes.png\" alt=\"\" width=\"800\" height=\"235\" class=\"aligncenter size-full wp-image-469\" srcset=\"http:\/\/nossacasa.net\/nossosriachos\/rios\/wp-content\/uploads\/sites\/8\/2019\/08\/Anguilliformes.png 800w, http:\/\/nossacasa.net\/nossosriachos\/rios\/wp-content\/uploads\/sites\/8\/2019\/08\/Anguilliformes-300x88.png 300w, http:\/\/nossacasa.net\/nossosriachos\/rios\/wp-content\/uploads\/sites\/8\/2019\/08\/Anguilliformes-768x226.png 768w, http:\/\/nossacasa.net\/nossosriachos\/rios\/wp-content\/uploads\/sites\/8\/2019\/08\/Anguilliformes-500x147.png 500w\" sizes=\"auto, (max-width: 800px) 100vw, 800px\" \/><\/td>\n<\/tr>\n<tr class=\"row-3\">\n\t<td class=\"column-1\"><strong>1B<\/strong><\/td><td class=\"column-2\">Narina posterior circular, em frente aos olhos; abertura branquial em fendas branquiais perpendiculares a cabe\u00e7a.<\/td><td class=\"column-3\"><strong>Outras Fam\u00edlia<\/strong><\/td><td class=\"column-4\"><\/td>\n<\/tr>\n<tr class=\"row-4\">\n\t<td colspan=\"4\" class=\"column-1\"><hr><br \/>\n<strong>Organiza\u00e7\u00e3o:<\/strong> L.M. Sarmento-Soares e R.F. Martins-Pinheiro.<br \/>\n<strong>Adaptado de:<\/strong> Figueiredo &amp; Menezes (1978).  <br \/>\n<strong>Imagens:<\/strong> L.M. Sarmento-Soares.<br \/>\n<hr><\/td>\n<\/tr>\n<\/tbody>\n<\/table>\n\n","protected":false},"excerpt":{"rendered":"","protected":false},"author":1,"featured_media":0,"parent":0,"menu_order":0,"comment_status":"closed","ping_status":"closed","template":"template-page-builder-no-header-footer.php","meta":{"footnotes":""},"class_list":["post-1254","page","type-page","status-publish","hentry"],"_links":{"self":[{"href":"http:\/\/nossacasa.net\/nossosriachos\/rios\/wp-json\/wp\/v2\/pages\/1254","targetHints":{"allow":["GET"]}}],"collection":[{"href":"http:\/\/nossacasa.net\/nossosriachos\/rios\/wp-json\/wp\/v2\/pages"}],"about":[{"href":"http:\/\/nossacasa.net\/nossosriachos\/rios\/wp-json\/wp\/v2\/types\/page"}],"author":[{"embeddable":true,"href":"http:\/\/nossacasa.net\/nossosriachos\/rios\/wp-json\/wp\/v2\/users\/1"}],"replies":[{"embeddable":true,"href":"http:\/\/nossacasa.net\/nossosriachos\/rios\/wp-json\/wp\/v2\/comments?post=1254"}],"version-history":[{"count":1,"href":"http:\/\/nossacasa.net\/nossosriachos\/rios\/wp-json\/wp\/v2\/pages\/1254\/revisions"}],"predecessor-version":[{"id":1256,"href":"http:\/\/nossacasa.net\/nossosriachos\/rios\/wp-json\/wp\/v2\/pages\/1254\/revisions\/1256"}],"wp:attachment":[{"href":"http:\/\/nossacasa.net\/nossosriachos\/rios\/wp-json\/wp\/v2\/media?parent=1254"}],"curies":[{"name":"wp","href":"https:\/\/api.w.org\/{rel}","templated":true}]}}