{"id":1269,"date":"2019-09-05T22:19:50","date_gmt":"2019-09-06T01:19:50","guid":{"rendered":"http:\/\/nossacasa.net\/nossosriachos\/rios\/?page_id=1269"},"modified":"2019-09-05T22:20:19","modified_gmt":"2019-09-06T01:20:19","slug":"chave-de-characiformes","status":"publish","type":"page","link":"http:\/\/nossacasa.net\/nossosriachos\/rios\/chave-de-characiformes\/","title":{"rendered":"Chave de Characiformes"},"content":{"rendered":"\n<table id=\"tablepress-3\" class=\"tablepress tablepress-id-3 tbody-has-connected-cells\">\n<tbody class=\"row-striping row-hover\">\n<tr class=\"row-1\">\n\t<td colspan=\"4\" class=\"column-1\"><h1>Chave de Characiformes<\/h1><br \/>\nOs <a href=\"http:\/\/nossacasa.net\/nossosriachos\/rios\/characiformes\/\">Characiformes<\/a> do Tabuleiro est\u00e3o distribu\u00eddos em oito fam\u00edlias: <a href=\"http:\/\/nossacasa.net\/nossosriachos\/rios\/anostomidae\/\">Anostomidae<\/a>,<a href=\"http:\/\/nossacasa.net\/nossosriachos\/rios\/bryconidae\/\"> Bryconidae<\/a>, <a href=\"http:\/\/nossacasa.net\/nossosriachos\/rios\/characidae\/\">Characidae<\/a>, <a href=\"http:\/\/nossacasa.net\/nossosriachos\/rios\/crenuchidae\/\">Crenuchidae<\/a>, <a href=\"http:\/\/nossacasa.net\/nossosriachos\/rios\/curimatidae\/\">Curimatidae<\/a>, <a href=\"http:\/\/nossacasa.net\/nossosriachos\/rios\/erythrinidae\/\">Erythrinidae<\/a>, <a href=\"http:\/\/nossacasa.net\/nossosriachos\/rios\/prochilodontidae\/\">Prochilodontidae<\/a> e <a href=\"http:\/\/nossacasa.net\/nossosriachos\/rios\/serrasalmidae\/\">Serrasalmidae<\/a>.<\/td>\n<\/tr>\n<tr class=\"row-2\">\n\t<td class=\"column-1\"><strong>1A<\/strong><\/td><td class=\"column-2\">Maxila e mand\u00edbula totalmente desprovidas de dentes formada lateralmente pelo osso maxilar que \u00e9 provido de dentes.<\/td><td class=\"column-3\"><strong><a href=\"http:\/\/nossacasa.net\/nossosriachos\/rios\/curimatidae\/\">Curimatidae<\/a><\/strong><\/td><td class=\"column-4\"><img loading=\"lazy\" decoding=\"async\" src=\"http:\/\/nossacasa.net\/nossosriachos\/rios\/wp-content\/uploads\/sites\/8\/2019\/08\/Characiforme_1A.png\" alt=\"\" width=\"800\" height=\"555\" class=\"aligncenter size-full wp-image-259\" srcset=\"http:\/\/nossacasa.net\/nossosriachos\/rios\/wp-content\/uploads\/sites\/8\/2019\/08\/Characiforme_1A.png 800w, http:\/\/nossacasa.net\/nossosriachos\/rios\/wp-content\/uploads\/sites\/8\/2019\/08\/Characiforme_1A-300x208.png 300w, http:\/\/nossacasa.net\/nossosriachos\/rios\/wp-content\/uploads\/sites\/8\/2019\/08\/Characiforme_1A-768x533.png 768w, http:\/\/nossacasa.net\/nossosriachos\/rios\/wp-content\/uploads\/sites\/8\/2019\/08\/Characiforme_1A-432x300.png 432w\" sizes=\"auto, (max-width: 800px) 100vw, 800px\" \/><\/td>\n<\/tr>\n<tr class=\"row-3\">\n\t<td class=\"column-1\"><strong>1B<\/strong><\/td><td class=\"column-2\">Maxila e mand\u00edbula providas de dentes, \u00e0s vezes pequenos, pelo menos parcialmente.<\/td><td class=\"column-3\"><strong><a href=\"#2\">2<\/a><\/strong><\/td><td class=\"column-4\"><img loading=\"lazy\" decoding=\"async\" src=\"http:\/\/nossacasa.net\/nossosriachos\/rios\/wp-content\/uploads\/sites\/8\/2019\/08\/Characiforme_1B.png\" alt=\"\" width=\"800\" height=\"707\" class=\"aligncenter size-full wp-image-261\" srcset=\"http:\/\/nossacasa.net\/nossosriachos\/rios\/wp-content\/uploads\/sites\/8\/2019\/08\/Characiforme_1B.png 800w, http:\/\/nossacasa.net\/nossosriachos\/rios\/wp-content\/uploads\/sites\/8\/2019\/08\/Characiforme_1B-300x265.png 300w, http:\/\/nossacasa.net\/nossosriachos\/rios\/wp-content\/uploads\/sites\/8\/2019\/08\/Characiforme_1B-768x679.png 768w, http:\/\/nossacasa.net\/nossosriachos\/rios\/wp-content\/uploads\/sites\/8\/2019\/08\/Characiforme_1B-339x300.png 339w\" sizes=\"auto, (max-width: 800px) 100vw, 800px\" \/><\/td>\n<\/tr>\n<tr class=\"row-4\">\n\t<td class=\"column-1\"><strong id=\"2\">2A<\/strong><\/td><td class=\"column-2\">Dentes depress\u00edveis, muito pequenos pouco vis\u00edveis, dispostos em fileiras e implantados nos l\u00e1bios grossos e m\u00f3veis.<\/td><td class=\"column-3\"><strong><a href=\"http:\/\/nossacasa.net\/nossosriachos\/rios\/prochilodontidae\/\">Prochilodontidae<\/a><\/strong><\/td><td class=\"column-4\"><img loading=\"lazy\" decoding=\"async\" src=\"http:\/\/nossacasa.net\/nossosriachos\/rios\/wp-content\/uploads\/sites\/8\/2019\/08\/Characiforme_2A.png\" alt=\"\" width=\"800\" height=\"362\" class=\"aligncenter size-full wp-image-266\" srcset=\"http:\/\/nossacasa.net\/nossosriachos\/rios\/wp-content\/uploads\/sites\/8\/2019\/08\/Characiforme_2A.png 800w, http:\/\/nossacasa.net\/nossosriachos\/rios\/wp-content\/uploads\/sites\/8\/2019\/08\/Characiforme_2A-300x136.png 300w, http:\/\/nossacasa.net\/nossosriachos\/rios\/wp-content\/uploads\/sites\/8\/2019\/08\/Characiforme_2A-768x348.png 768w, http:\/\/nossacasa.net\/nossosriachos\/rios\/wp-content\/uploads\/sites\/8\/2019\/08\/Characiforme_2A-500x226.png 500w\" sizes=\"auto, (max-width: 800px) 100vw, 800px\" \/><\/td>\n<\/tr>\n<tr class=\"row-5\">\n\t<td class=\"column-1\"><strong>2B<\/strong><\/td><td class=\"column-2\">Dentes normais, geralmente vis\u00edveis, implantados nos ossos da maxila.<\/td><td class=\"column-3\"><strong><a href=\"#3\">3<\/a><\/strong><\/td><td class=\"column-4\"><img loading=\"lazy\" decoding=\"async\" src=\"http:\/\/nossacasa.net\/nossosriachos\/rios\/wp-content\/uploads\/sites\/8\/2019\/08\/Characiforme_2B.png\" alt=\"\" width=\"800\" height=\"662\" class=\"aligncenter size-full wp-image-274\" srcset=\"http:\/\/nossacasa.net\/nossosriachos\/rios\/wp-content\/uploads\/sites\/8\/2019\/08\/Characiforme_2B.png 800w, http:\/\/nossacasa.net\/nossosriachos\/rios\/wp-content\/uploads\/sites\/8\/2019\/08\/Characiforme_2B-300x248.png 300w, http:\/\/nossacasa.net\/nossosriachos\/rios\/wp-content\/uploads\/sites\/8\/2019\/08\/Characiforme_2B-768x636.png 768w, http:\/\/nossacasa.net\/nossosriachos\/rios\/wp-content\/uploads\/sites\/8\/2019\/08\/Characiforme_2B-363x300.png 363w\" sizes=\"auto, (max-width: 800px) 100vw, 800px\" \/><\/td>\n<\/tr>\n<tr class=\"row-6\">\n\t<td class=\"column-1\"><strong id=\"3\">3A<\/strong><\/td><td class=\"column-2\">Com dentes incisivos (comprimidos), truncados ou multicuspidados, \u00e0s vezes, associados a dentes c\u00f4nicos. Dentes c\u00f4nicos em <em>Oligosarcus<\/em>.<\/td><td class=\"column-3\"><strong><a href=\"#4\">4<\/a><\/strong><\/td><td class=\"column-4\"><img loading=\"lazy\" decoding=\"async\" src=\"http:\/\/nossacasa.net\/nossosriachos\/rios\/wp-content\/uploads\/sites\/8\/2019\/08\/Characiforme_3A.png\" alt=\"\" width=\"800\" height=\"742\" class=\"aligncenter size-full wp-image-275\" srcset=\"http:\/\/nossacasa.net\/nossosriachos\/rios\/wp-content\/uploads\/sites\/8\/2019\/08\/Characiforme_3A.png 800w, http:\/\/nossacasa.net\/nossosriachos\/rios\/wp-content\/uploads\/sites\/8\/2019\/08\/Characiforme_3A-300x278.png 300w, http:\/\/nossacasa.net\/nossosriachos\/rios\/wp-content\/uploads\/sites\/8\/2019\/08\/Characiforme_3A-768x712.png 768w, http:\/\/nossacasa.net\/nossosriachos\/rios\/wp-content\/uploads\/sites\/8\/2019\/08\/Characiforme_3A-323x300.png 323w\" sizes=\"auto, (max-width: 800px) 100vw, 800px\" \/><\/td>\n<\/tr>\n<tr class=\"row-7\">\n\t<td class=\"column-1\"><strong>3B<\/strong><\/td><td class=\"column-2\">Dentes c\u00f4nicos e\/ou caninos presentes.<\/td><td class=\"column-3\"><strong><a href=\"#11\">11<\/a><\/strong><\/td><td class=\"column-4\"><img loading=\"lazy\" decoding=\"async\" src=\"http:\/\/nossacasa.net\/nossosriachos\/rios\/wp-content\/uploads\/sites\/8\/2019\/08\/Characiforme_3B.png\" alt=\"\" width=\"800\" height=\"653\" class=\"aligncenter size-full wp-image-276\" srcset=\"http:\/\/nossacasa.net\/nossosriachos\/rios\/wp-content\/uploads\/sites\/8\/2019\/08\/Characiforme_3B.png 800w, http:\/\/nossacasa.net\/nossosriachos\/rios\/wp-content\/uploads\/sites\/8\/2019\/08\/Characiforme_3B-300x245.png 300w, http:\/\/nossacasa.net\/nossosriachos\/rios\/wp-content\/uploads\/sites\/8\/2019\/08\/Characiforme_3B-768x627.png 768w, http:\/\/nossacasa.net\/nossosriachos\/rios\/wp-content\/uploads\/sites\/8\/2019\/08\/Characiforme_3B-368x300.png 368w\" sizes=\"auto, (max-width: 800px) 100vw, 800px\" \/><\/td>\n<\/tr>\n<tr class=\"row-8\">\n\t<td class=\"column-1\"><strong id=\"4\">4A<\/strong><\/td><td class=\"column-2\">Abdome comprimindo, pelo menos \u00e0 frente das ventrais; abdome forma quilha, com espinhos ou n\u00e3o.<\/td><td class=\"column-3\"><strong><a href=\"http:\/\/nossacasa.net\/nossosriachos\/rios\/serrasalmidae\/\">Serrasalmidae<\/a><\/strong><\/td><td class=\"column-4\"><img loading=\"lazy\" decoding=\"async\" src=\"http:\/\/nossacasa.net\/nossosriachos\/rios\/wp-content\/uploads\/sites\/8\/2019\/08\/Characiforme_4A.png\" alt=\"\" width=\"278\" height=\"505\" class=\"aligncenter size-full wp-image-278\" srcset=\"http:\/\/nossacasa.net\/nossosriachos\/rios\/wp-content\/uploads\/sites\/8\/2019\/08\/Characiforme_4A.png 278w, http:\/\/nossacasa.net\/nossosriachos\/rios\/wp-content\/uploads\/sites\/8\/2019\/08\/Characiforme_4A-165x300.png 165w\" sizes=\"auto, (max-width: 278px) 100vw, 278px\" \/><\/td>\n<\/tr>\n<tr class=\"row-9\">\n\t<td class=\"column-1\"><strong>4B<\/strong><\/td><td class=\"column-2\">Abdome arredondado ou achatado; sem quilha ou espinhos no abdome.<\/td><td class=\"column-3\"><strong><a href=\"#5\">5<\/a><\/strong><\/td><td class=\"column-4\"><img loading=\"lazy\" decoding=\"async\" src=\"http:\/\/nossacasa.net\/nossosriachos\/rios\/wp-content\/uploads\/sites\/8\/2019\/08\/Characiforme_4B.png\" alt=\"\" width=\"800\" height=\"916\" class=\"aligncenter size-full wp-image-280\" srcset=\"http:\/\/nossacasa.net\/nossosriachos\/rios\/wp-content\/uploads\/sites\/8\/2019\/08\/Characiforme_4B.png 800w, http:\/\/nossacasa.net\/nossosriachos\/rios\/wp-content\/uploads\/sites\/8\/2019\/08\/Characiforme_4B-262x300.png 262w, http:\/\/nossacasa.net\/nossosriachos\/rios\/wp-content\/uploads\/sites\/8\/2019\/08\/Characiforme_4B-768x879.png 768w\" sizes=\"auto, (max-width: 800px) 100vw, 800px\" \/><\/td>\n<\/tr>\n<tr class=\"row-10\">\n\t<td class=\"column-1\"><strong id=\"5\">5A<\/strong><\/td><td class=\"column-2\">Pr\u00e9-maxilar e dent\u00e1rio com uma \u00fanica s\u00e9rie de dentes.<\/td><td class=\"column-3\"><strong><a href=\"#6\">6<\/a><\/strong><\/td><td class=\"column-4\"><img loading=\"lazy\" decoding=\"async\" src=\"http:\/\/nossacasa.net\/nossosriachos\/rios\/wp-content\/uploads\/sites\/8\/2019\/08\/Characiforme_5A.png\" alt=\"\" width=\"800\" height=\"506\" class=\"aligncenter size-full wp-image-282\" srcset=\"http:\/\/nossacasa.net\/nossosriachos\/rios\/wp-content\/uploads\/sites\/8\/2019\/08\/Characiforme_5A.png 800w, http:\/\/nossacasa.net\/nossosriachos\/rios\/wp-content\/uploads\/sites\/8\/2019\/08\/Characiforme_5A-300x190.png 300w, http:\/\/nossacasa.net\/nossosriachos\/rios\/wp-content\/uploads\/sites\/8\/2019\/08\/Characiforme_5A-768x486.png 768w, http:\/\/nossacasa.net\/nossosriachos\/rios\/wp-content\/uploads\/sites\/8\/2019\/08\/Characiforme_5A-474x300.png 474w\" sizes=\"auto, (max-width: 800px) 100vw, 800px\" \/><\/td>\n<\/tr>\n<tr class=\"row-11\">\n\t<td class=\"column-1\"><strong>5B<\/strong><\/td><td class=\"column-2\">Pr\u00e9-maxilar com duas s\u00e9ries de dentes.<<\/td><td class=\"column-3\"><strong><a href=\"#8\">8<\/a><\/strong><\/td><td class=\"column-4\"><img loading=\"lazy\" decoding=\"async\" src=\"http:\/\/nossacasa.net\/nossosriachos\/rios\/wp-content\/uploads\/sites\/8\/2019\/08\/Characiforme_5B.png\" alt=\"\" width=\"800\" height=\"568\" class=\"aligncenter size-full wp-image-283\" srcset=\"http:\/\/nossacasa.net\/nossosriachos\/rios\/wp-content\/uploads\/sites\/8\/2019\/08\/Characiforme_5B.png 800w, http:\/\/nossacasa.net\/nossosriachos\/rios\/wp-content\/uploads\/sites\/8\/2019\/08\/Characiforme_5B-300x213.png 300w, http:\/\/nossacasa.net\/nossosriachos\/rios\/wp-content\/uploads\/sites\/8\/2019\/08\/Characiforme_5B-768x545.png 768w, http:\/\/nossacasa.net\/nossosriachos\/rios\/wp-content\/uploads\/sites\/8\/2019\/08\/Characiforme_5B-423x300.png 423w\" sizes=\"auto, (max-width: 800px) 100vw, 800px\" \/><\/td>\n<\/tr>\n<tr class=\"row-12\">\n\t<td class=\"column-1\"><strong id=\"6\">6A<\/strong><\/td><td class=\"column-2\">Pr\u00e9-maxilar provido de dentes grandes, incisiviformes; membranas branquiais unidas ao istmo; esp\u00e9cies de porte m\u00e9dio a grande: 15 a 50cm de comprimento.<\/td><td class=\"column-3\"><strong><a href=\"http:\/\/nossacasa.net\/nossosriachos\/rios\/anostomidae\/\">Anostomidae<\/a><\/strong><\/td><td class=\"column-4\"><img loading=\"lazy\" decoding=\"async\" src=\"http:\/\/nossacasa.net\/nossosriachos\/rios\/wp-content\/uploads\/sites\/8\/2019\/08\/Characiforme_6A.png\" alt=\"\" width=\"800\" height=\"336\" class=\"aligncenter size-full wp-image-284\" srcset=\"http:\/\/nossacasa.net\/nossosriachos\/rios\/wp-content\/uploads\/sites\/8\/2019\/08\/Characiforme_6A.png 800w, http:\/\/nossacasa.net\/nossosriachos\/rios\/wp-content\/uploads\/sites\/8\/2019\/08\/Characiforme_6A-300x126.png 300w, http:\/\/nossacasa.net\/nossosriachos\/rios\/wp-content\/uploads\/sites\/8\/2019\/08\/Characiforme_6A-768x323.png 768w, http:\/\/nossacasa.net\/nossosriachos\/rios\/wp-content\/uploads\/sites\/8\/2019\/08\/Characiforme_6A-500x210.png 500w\" sizes=\"auto, (max-width: 800px) 100vw, 800px\" \/><\/td>\n<\/tr>\n<tr class=\"row-13\">\n\t<td class=\"column-1\"><strong>6B<\/strong><\/td><td class=\"column-2\">Pr\u00e9-maxilar provido de dentes diminutos, espatulados ou cuspidados; membranas branquiais livres do istmo; esp\u00e9cies de porte pequeno: inferior a 10cm de comprimento).<\/td><td class=\"column-3\"><strong><a href=\"#7\">7<\/a><\/strong><\/td><td class=\"column-4\"><\/td>\n<\/tr>\n<tr class=\"row-14\">\n\t<td class=\"column-1\"><strong id=\"7\">7A<\/strong><\/td><td class=\"column-2\">Maxilas providas de 8 ou mais pequenos dentes pentacuspidados; pseudot\u00edmpano triangular, vis\u00edvel externamente.<\/td><td class=\"column-3\"><strong><a href=\"http:\/\/nossacasa.net\/nossosriachos\/rios\/characidae\/\">Characidae<\/a><\/strong><\/td><td class=\"column-4\"><img loading=\"lazy\" decoding=\"async\" src=\"http:\/\/nossacasa.net\/nossosriachos\/rios\/wp-content\/uploads\/sites\/8\/2019\/08\/Characiforme_7A.png\" alt=\"\" width=\"800\" height=\"236\" class=\"aligncenter size-full wp-image-286\" srcset=\"http:\/\/nossacasa.net\/nossosriachos\/rios\/wp-content\/uploads\/sites\/8\/2019\/08\/Characiforme_7A.png 800w, http:\/\/nossacasa.net\/nossosriachos\/rios\/wp-content\/uploads\/sites\/8\/2019\/08\/Characiforme_7A-300x89.png 300w, http:\/\/nossacasa.net\/nossosriachos\/rios\/wp-content\/uploads\/sites\/8\/2019\/08\/Characiforme_7A-768x227.png 768w, http:\/\/nossacasa.net\/nossosriachos\/rios\/wp-content\/uploads\/sites\/8\/2019\/08\/Characiforme_7A-500x148.png 500w\" sizes=\"auto, (max-width: 800px) 100vw, 800px\" \/><\/td>\n<\/tr>\n<tr class=\"row-15\">\n\t<td class=\"column-1\"><strong>7B<\/strong><\/td><td class=\"column-2\">Maxila com 7-11 dentes diminutos unic\u00faspides ou tric\u00faspides; pseudot\u00edmpano ovalado, vis\u00edvel somente por dissec\u00e7\u00e3o.<\/td><td class=\"column-3\"><strong><a href=\"http:\/\/nossacasa.net\/nossosriachos\/rios\/crenuchidae\/\">Crenuchidae<\/a><\/strong><\/td><td class=\"column-4\"><img loading=\"lazy\" decoding=\"async\" src=\"http:\/\/nossacasa.net\/nossosriachos\/rios\/wp-content\/uploads\/sites\/8\/2019\/08\/Characiforme_7B.png\" alt=\"\" width=\"800\" height=\"465\" class=\"aligncenter size-full wp-image-288\" srcset=\"http:\/\/nossacasa.net\/nossosriachos\/rios\/wp-content\/uploads\/sites\/8\/2019\/08\/Characiforme_7B.png 800w, http:\/\/nossacasa.net\/nossosriachos\/rios\/wp-content\/uploads\/sites\/8\/2019\/08\/Characiforme_7B-300x174.png 300w, http:\/\/nossacasa.net\/nossosriachos\/rios\/wp-content\/uploads\/sites\/8\/2019\/08\/Characiforme_7B-768x446.png 768w, http:\/\/nossacasa.net\/nossosriachos\/rios\/wp-content\/uploads\/sites\/8\/2019\/08\/Characiforme_7B-500x291.png 500w\" sizes=\"auto, (max-width: 800px) 100vw, 800px\" \/><\/td>\n<\/tr>\n<tr class=\"row-16\">\n\t<td class=\"column-1\"><strong id=\"8\">8A<\/strong><\/td><td class=\"column-2\">Maxila com tr\u00eas s\u00e9ries de dentes; mand\u00edbula com duas s\u00e9ries de dentes; esp\u00e9cies de porte m\u00e9dio a grande.<\/td><td class=\"column-3\"><strong><a href=\"http:\/\/nossacasa.net\/nossosriachos\/rios\/bryconidae\/\">Bryconidae<\/a><\/strong><\/td><td class=\"column-4\"><img loading=\"lazy\" decoding=\"async\" src=\"http:\/\/nossacasa.net\/nossosriachos\/rios\/wp-content\/uploads\/sites\/8\/2019\/08\/Characiforme_8A.png\" alt=\"\" width=\"800\" height=\"602\" class=\"aligncenter size-full wp-image-291\" srcset=\"http:\/\/nossacasa.net\/nossosriachos\/rios\/wp-content\/uploads\/sites\/8\/2019\/08\/Characiforme_8A.png 800w, http:\/\/nossacasa.net\/nossosriachos\/rios\/wp-content\/uploads\/sites\/8\/2019\/08\/Characiforme_8A-300x226.png 300w, http:\/\/nossacasa.net\/nossosriachos\/rios\/wp-content\/uploads\/sites\/8\/2019\/08\/Characiforme_8A-768x578.png 768w, http:\/\/nossacasa.net\/nossosriachos\/rios\/wp-content\/uploads\/sites\/8\/2019\/08\/Characiforme_8A-399x300.png 399w\" sizes=\"auto, (max-width: 800px) 100vw, 800px\" \/><\/td>\n<\/tr>\n<tr class=\"row-17\">\n\t<td class=\"column-1\"><strong>8B<\/strong><\/td><td class=\"column-2\">Maxila com duas s\u00e9ries de dentes; mand\u00edbula com uma s\u00e9rie de dentes; esp\u00e9cies de porte pequeno a m\u00e9dio.<\/td><td class=\"column-3\"><strong><a href=\"#9\">9<\/a><\/strong><\/td><td class=\"column-4\"><\/td>\n<\/tr>\n<tr class=\"row-18\">\n\t<td class=\"column-1\"><strong id=\"9\">9A<\/strong><\/td><td class=\"column-2\">Premaxilar com apenas 4 dentes na s\u00e9rie interna; osso infraorbital 3 geralmente extendendo-se at\u00e9 a superf\u00edcie externa do preop\u00e9rculo; esp\u00e9cies de porte pequeno.<\/td><td class=\"column-3\"><strong><a href=\"http:\/\/nossacasa.net\/nossosriachos\/rios\/characidae\/\">Characidae<\/a><\/strong><\/td><td class=\"column-4\"><img loading=\"lazy\" decoding=\"async\" src=\"http:\/\/nossacasa.net\/nossosriachos\/rios\/wp-content\/uploads\/sites\/8\/2019\/08\/Characiforme_9A.png\" alt=\"\" width=\"800\" height=\"695\" class=\"aligncenter size-full wp-image-294\" srcset=\"http:\/\/nossacasa.net\/nossosriachos\/rios\/wp-content\/uploads\/sites\/8\/2019\/08\/Characiforme_9A.png 800w, http:\/\/nossacasa.net\/nossosriachos\/rios\/wp-content\/uploads\/sites\/8\/2019\/08\/Characiforme_9A-300x261.png 300w, http:\/\/nossacasa.net\/nossosriachos\/rios\/wp-content\/uploads\/sites\/8\/2019\/08\/Characiforme_9A-768x667.png 768w, http:\/\/nossacasa.net\/nossosriachos\/rios\/wp-content\/uploads\/sites\/8\/2019\/08\/Characiforme_9A-345x300.png 345w\" sizes=\"auto, (max-width: 800px) 100vw, 800px\" \/><\/td>\n<\/tr>\n<tr class=\"row-19\">\n\t<td class=\"column-1\"><strong>9B<\/strong><\/td><td class=\"column-2\">Premaxilar com mais de 4 dentes na s\u00e9rie interna; osso infraorbital 3 (io3) geralmente separado do preop\u00e9rculo por uma \u00e1rea de pele nua (seta); esp\u00e9cies de porte vari\u00e1vel, de pequeno a m\u00e9dio.<\/td><td class=\"column-3\"><strong><a href=\"#10\">10<\/a><\/strong><\/td><td class=\"column-4\"><img loading=\"lazy\" decoding=\"async\" src=\"http:\/\/nossacasa.net\/nossosriachos\/rios\/wp-content\/uploads\/sites\/8\/2019\/08\/Characiforme_9B.png\" alt=\"\" width=\"800\" height=\"484\" class=\"aligncenter size-full wp-image-295\" srcset=\"http:\/\/nossacasa.net\/nossosriachos\/rios\/wp-content\/uploads\/sites\/8\/2019\/08\/Characiforme_9B.png 800w, http:\/\/nossacasa.net\/nossosriachos\/rios\/wp-content\/uploads\/sites\/8\/2019\/08\/Characiforme_9B-300x182.png 300w, http:\/\/nossacasa.net\/nossosriachos\/rios\/wp-content\/uploads\/sites\/8\/2019\/08\/Characiforme_9B-768x465.png 768w, http:\/\/nossacasa.net\/nossosriachos\/rios\/wp-content\/uploads\/sites\/8\/2019\/08\/Characiforme_9B-496x300.png 496w\" sizes=\"auto, (max-width: 800px) 100vw, 800px\" \/><\/td>\n<\/tr>\n<tr class=\"row-20\">\n\t<td class=\"column-1\"><strong id=\"10\">10A<\/strong><\/td><td class=\"column-2\">Dentes no premaxilar n\u00e3o alinhados; nadadeira p\u00e9lvica com 6 ou menos raios ramificados; p\u00e9lvica com ganchos nos raios ramificados anteriores (imagem ampliada).<\/td><td class=\"column-3\"><strong><a href=\"http:\/\/nossacasa.net\/nossosriachos\/rios\/characidae\/\">Characidae<\/a><\/strong><\/td><td class=\"column-4\"><img loading=\"lazy\" decoding=\"async\" src=\"http:\/\/nossacasa.net\/nossosriachos\/rios\/wp-content\/uploads\/sites\/8\/2019\/08\/Characiforme_10A.png\" alt=\"\" width=\"800\" height=\"627\" class=\"aligncenter size-full wp-image-298\" srcset=\"http:\/\/nossacasa.net\/nossosriachos\/rios\/wp-content\/uploads\/sites\/8\/2019\/08\/Characiforme_10A.png 800w, http:\/\/nossacasa.net\/nossosriachos\/rios\/wp-content\/uploads\/sites\/8\/2019\/08\/Characiforme_10A-300x235.png 300w, http:\/\/nossacasa.net\/nossosriachos\/rios\/wp-content\/uploads\/sites\/8\/2019\/08\/Characiforme_10A-768x602.png 768w, http:\/\/nossacasa.net\/nossosriachos\/rios\/wp-content\/uploads\/sites\/8\/2019\/08\/Characiforme_10A-383x300.png 383w\" sizes=\"auto, (max-width: 800px) 100vw, 800px\" \/><\/td>\n<\/tr>\n<tr class=\"row-21\">\n\t<td class=\"column-1\"><strong>10B<\/strong><\/td><td class=\"column-2\">Dentes no premaxilar alinhados; nadadeira p\u00e9lvica com 6 ou 7 raios ramificados; p\u00e9lvica sem ganchos nos raios ramificados anteriores.<\/td><td class=\"column-3\"><strong><a href=\"http:\/\/nossacasa.net\/nossosriachos\/rios\/characidae\/\">Characidae<\/a><\/strong><\/td><td class=\"column-4\"><\/td>\n<\/tr>\n<tr class=\"row-22\">\n\t<td class=\"column-1\"><strong id=\"11\">11A<\/strong><\/td><td class=\"column-2\">Adiposa ausente; dentes dispostos em uma \u00fanica s\u00e9ries tanto no pr\u00e9-maxilar quanto no dent\u00e1rio.<\/td><td class=\"column-3\"><strong><a href=\"http:\/\/nossacasa.net\/nossosriachos\/rios\/erythrinidae\/\">Erythrinidae<\/a><\/strong><\/td><td class=\"column-4\"><img loading=\"lazy\" decoding=\"async\" src=\"http:\/\/nossacasa.net\/nossosriachos\/rios\/wp-content\/uploads\/sites\/8\/2019\/08\/Characiforme_11A.png\" alt=\"\" width=\"800\" height=\"245\" class=\"aligncenter size-full wp-image-302\" srcset=\"http:\/\/nossacasa.net\/nossosriachos\/rios\/wp-content\/uploads\/sites\/8\/2019\/08\/Characiforme_11A.png 800w, http:\/\/nossacasa.net\/nossosriachos\/rios\/wp-content\/uploads\/sites\/8\/2019\/08\/Characiforme_11A-300x92.png 300w, http:\/\/nossacasa.net\/nossosriachos\/rios\/wp-content\/uploads\/sites\/8\/2019\/08\/Characiforme_11A-768x235.png 768w, http:\/\/nossacasa.net\/nossosriachos\/rios\/wp-content\/uploads\/sites\/8\/2019\/08\/Characiforme_11A-500x153.png 500w\" sizes=\"auto, (max-width: 800px) 100vw, 800px\" \/><\/td>\n<\/tr>\n<tr class=\"row-23\">\n\t<td class=\"column-1\"><strong>11B<\/strong><\/td><td class=\"column-2\">Adiposa geralmente presente; dentes dispostos em duas s\u00e9ries tanto no pr\u00e9-maxilar quanto no dent\u00e1rio.<\/td><td class=\"column-3\"><strong><a href=\"http:\/\/nossacasa.net\/nossosriachos\/rios\/bryconidae\/\">Bryconidae<\/a><\/strong><\/td><td class=\"column-4\"><img loading=\"lazy\" decoding=\"async\" src=\"http:\/\/nossacasa.net\/nossosriachos\/rios\/wp-content\/uploads\/sites\/8\/2019\/08\/Characiforme_11B.png\" alt=\"\" width=\"800\" height=\"270\" class=\"aligncenter size-full wp-image-303\" srcset=\"http:\/\/nossacasa.net\/nossosriachos\/rios\/wp-content\/uploads\/sites\/8\/2019\/08\/Characiforme_11B.png 800w, http:\/\/nossacasa.net\/nossosriachos\/rios\/wp-content\/uploads\/sites\/8\/2019\/08\/Characiforme_11B-300x101.png 300w, http:\/\/nossacasa.net\/nossosriachos\/rios\/wp-content\/uploads\/sites\/8\/2019\/08\/Characiforme_11B-768x259.png 768w, http:\/\/nossacasa.net\/nossosriachos\/rios\/wp-content\/uploads\/sites\/8\/2019\/08\/Characiforme_11B-500x169.png 500w\" sizes=\"auto, (max-width: 800px) 100vw, 800px\" \/><\/td>\n<\/tr>\n<tr class=\"row-24\">\n\t<td colspan=\"4\" class=\"column-1\"><hr><br \/>\n<strong>Organiza\u00e7\u00e3o:<\/strong> L.M. Sarmento-Soares e R.F. Martins-Pinheiro. <br \/>\n<strong>Imagens:<\/strong> L.M. Sarmento-Soares e T. C. Pessali.<br \/>\n<hr><\/td>\n<\/tr>\n<\/tbody>\n<\/table>\n\n","protected":false},"excerpt":{"rendered":"","protected":false},"author":1,"featured_media":0,"parent":0,"menu_order":0,"comment_status":"closed","ping_status":"closed","template":"template-page-builder-no-header-footer.php","meta":{"footnotes":""},"class_list":["post-1269","page","type-page","status-publish","hentry"],"_links":{"self":[{"href":"http:\/\/nossacasa.net\/nossosriachos\/rios\/wp-json\/wp\/v2\/pages\/1269","targetHints":{"allow":["GET"]}}],"collection":[{"href":"http:\/\/nossacasa.net\/nossosriachos\/rios\/wp-json\/wp\/v2\/pages"}],"about":[{"href":"http:\/\/nossacasa.net\/nossosriachos\/rios\/wp-json\/wp\/v2\/types\/page"}],"author":[{"embeddable":true,"href":"http:\/\/nossacasa.net\/nossosriachos\/rios\/wp-json\/wp\/v2\/users\/1"}],"replies":[{"embeddable":true,"href":"http:\/\/nossacasa.net\/nossosriachos\/rios\/wp-json\/wp\/v2\/comments?post=1269"}],"version-history":[{"count":1,"href":"http:\/\/nossacasa.net\/nossosriachos\/rios\/wp-json\/wp\/v2\/pages\/1269\/revisions"}],"predecessor-version":[{"id":1270,"href":"http:\/\/nossacasa.net\/nossosriachos\/rios\/wp-json\/wp\/v2\/pages\/1269\/revisions\/1270"}],"wp:attachment":[{"href":"http:\/\/nossacasa.net\/nossosriachos\/rios\/wp-json\/wp\/v2\/media?parent=1269"}],"curies":[{"name":"wp","href":"https:\/\/api.w.org\/{rel}","templated":true}]}}