{"id":130,"date":"2018-02-15T22:03:27","date_gmt":"2018-02-16T00:03:27","guid":{"rendered":"http:\/\/nossacasa.net\/nossosriachos\/rios\/?page_id=130"},"modified":"2018-02-21T16:15:10","modified_gmt":"2018-02-21T19:15:10","slug":"bacia-do-sapucaia","status":"publish","type":"page","link":"http:\/\/nossacasa.net\/nossosriachos\/rios\/bacia-do-sapucaia\/","title":{"rendered":"Bacia do Sapucaia"},"content":{"rendered":"<div style=\"text-align:justify\">\n<img loading=\"lazy\" decoding=\"async\" src=\"http:\/\/nossacasa.net\/nossosriachos\/rios\/wp-content\/uploads\/sites\/8\/2018\/02\/07_01_Bacia-do-Sapucaia.png\" alt=\"\" width=\"800\" height=\"551\" class=\"aligncenter size-full wp-image-131\" srcset=\"http:\/\/nossacasa.net\/nossosriachos\/rios\/wp-content\/uploads\/sites\/8\/2018\/02\/07_01_Bacia-do-Sapucaia.png 800w, http:\/\/nossacasa.net\/nossosriachos\/rios\/wp-content\/uploads\/sites\/8\/2018\/02\/07_01_Bacia-do-Sapucaia-300x207.png 300w, http:\/\/nossacasa.net\/nossosriachos\/rios\/wp-content\/uploads\/sites\/8\/2018\/02\/07_01_Bacia-do-Sapucaia-768x529.png 768w, http:\/\/nossacasa.net\/nossosriachos\/rios\/wp-content\/uploads\/sites\/8\/2018\/02\/07_01_Bacia-do-Sapucaia-436x300.png 436w\" sizes=\"auto, (max-width: 800px) 100vw, 800px\" \/><br \/>\n<strong>Bacia do Sapucaia (07.01)<\/strong><br \/>\nMicrobacias costeiras formadas de norte para sul pela Lagoa Grande, c\u00f3rregos sem nome, c\u00f3rrego da Cachoeira do Roncador, rio Sapucaia e c\u00f3rrego Pirambu.<br \/>\n<strong>Limites<\/strong><br \/>\nNorte: Bacia do S\u00e3o Francisco<br \/>\nOeste: Bacia do Japaratuba<br \/>\nSul: Bacia do Japaratuba<br \/>\nLeste: Oceano Atl\u00e2ntico<\/p>\n<p>Superf\u00edcie total: 144 Km<sup>2<\/sup>  Per\u00edmetro: 57 Km<br \/>\n<strong>Lagoa Grande<\/strong>:<br \/>\nCoordenadas centrais: Latitude: -10,630988\u00b0 &#8211; Longitude: -36,749296\u00b0 &#8211; altitude: 58 m<br \/>\nSuperf\u00edcie: 0,34 Km<sup>2<\/sup>  Per\u00edmetro: 3,15 Km<br \/>\n<strong>C\u00f3rrego sem nome 1<\/strong><br \/>\nComprimento: 4,3 Km<br \/>\nCoordenadas da nascente: Latitude: -10,634290\u00b0 &#8211; Longitude: -36,760326\u00b0 &#8211; altitude: 63 m<br \/>\nCoordenadas da foz: Latitude: -10,658307\u00b0 &#8211; Longitude: -36,736451\u00b0<br \/>\nCoordenadas centrais da Lagoa Seca:  -10,643812\u00b0 &#8211; Longitude: -36,748540\u00b0<br \/>\n<strong>C\u00f3rrego da Cachoeira do Roncador<\/strong><br \/>\nComprimento: 3,9 Km<br \/>\nCoordenadas da nascente: Latitude: -10,639289\u00b0 &#8211; Longitude: -36,762590\u00b0 &#8211; altitude: 70 m<br \/>\nCoordenadas da foz: Latitude: -10,665731\u00b0 &#8211; Longitude: -36,749191\u00b0<br \/>\n<strong>Rio Sapucaia<\/strong><br \/>\nComprimento: 20,4 Km<br \/>\nCoordenadas da nascente: Latitude: -10,621262\u00b0 &#8211; Longitude: -36,884560\u00b0 &#8211; altitude: 94 m<br \/>\nCoordenadas da foz: Latitude: -10,682105\u00b0 &#8211; Longitude: -36,776715\u00b0<br \/>\nCoordenadas centrais da Lagoa Redonda:  -10,648378\u00b0 &#8211; Longitude: -36,800257\u00b0- altitude: 12 m<br \/>\nSuperf\u00edcie da Lagoa Lagoa Redonda: 0,56 Km<sup>2<\/sup><br \/>\nPer\u00edmetro da Lagoa Lagoa Redonda: 10,3 Km<br \/>\n<strong>C\u00f3rrego Pirambu<\/strong><br \/>\nComprimento: 11,6 Km<br \/>\nCoordenadas da nascente: Latitude: -10,672936\u00b0 &#8211; Longitude: -36,866820\u00b0 &#8211; altitude: 77 m<br \/>\nCoordenadas da foz: Latitude: -10,689076\u00b0\u00b0 &#8211; Longitude: -36,786962\u00b0\n<\/div>\n","protected":false},"excerpt":{"rendered":"<p>Bacia do Sapucaia (07.01) Microbacias costeiras formadas de norte para sul pela Lagoa Grande, c\u00f3rregos sem nome, c\u00f3rrego da Cachoeira do Roncador, rio Sapucaia e c\u00f3rrego Pirambu. Limites Norte: Bacia do S\u00e3o Francisco Oeste: Bacia do Japaratuba Sul: Bacia do &hellip; <a href=\"http:\/\/nossacasa.net\/nossosriachos\/rios\/bacia-do-sapucaia\/\">Continue lendo <span class=\"meta-nav\">&rarr;<\/span><\/a><\/p>\n","protected":false},"author":1,"featured_media":0,"parent":0,"menu_order":0,"comment_status":"closed","ping_status":"closed","template":"","meta":{"footnotes":""},"class_list":["post-130","page","type-page","status-publish","hentry"],"_links":{"self":[{"href":"http:\/\/nossacasa.net\/nossosriachos\/rios\/wp-json\/wp\/v2\/pages\/130","targetHints":{"allow":["GET"]}}],"collection":[{"href":"http:\/\/nossacasa.net\/nossosriachos\/rios\/wp-json\/wp\/v2\/pages"}],"about":[{"href":"http:\/\/nossacasa.net\/nossosriachos\/rios\/wp-json\/wp\/v2\/types\/page"}],"author":[{"embeddable":true,"href":"http:\/\/nossacasa.net\/nossosriachos\/rios\/wp-json\/wp\/v2\/users\/1"}],"replies":[{"embeddable":true,"href":"http:\/\/nossacasa.net\/nossosriachos\/rios\/wp-json\/wp\/v2\/comments?post=130"}],"version-history":[{"count":17,"href":"http:\/\/nossacasa.net\/nossosriachos\/rios\/wp-json\/wp\/v2\/pages\/130\/revisions"}],"predecessor-version":[{"id":150,"href":"http:\/\/nossacasa.net\/nossosriachos\/rios\/wp-json\/wp\/v2\/pages\/130\/revisions\/150"}],"wp:attachment":[{"href":"http:\/\/nossacasa.net\/nossosriachos\/rios\/wp-json\/wp\/v2\/media?parent=130"}],"curies":[{"name":"wp","href":"https:\/\/api.w.org\/{rel}","templated":true}]}}