{"id":1317,"date":"2019-09-06T11:12:08","date_gmt":"2019-09-06T14:12:08","guid":{"rendered":"http:\/\/nossacasa.net\/nossosriachos\/rios\/?page_id=1317"},"modified":"2019-09-06T11:16:20","modified_gmt":"2019-09-06T14:16:20","slug":"chave-de-gobiiformes","status":"publish","type":"page","link":"http:\/\/nossacasa.net\/nossosriachos\/rios\/chave-de-gobiiformes\/","title":{"rendered":"Chave de Gobiiformes"},"content":{"rendered":"\n<table id=\"tablepress-6\" class=\"tablepress tablepress-id-6 tbody-has-connected-cells\">\n<tbody class=\"row-striping row-hover\">\n<tr class=\"row-1\">\n\t<td colspan=\"4\" class=\"column-1\"><h1>Chave de Gobiiformes<\/h1>Os <strong><a href=\"http:\/\/nossacasa.net\/nossosriachos\/rios\/gobiiformes\/\">Gobiiformes<\/a><\/strong> do Tabuleiro s\u00e3o representados por duas fam\u00edlias: <strong><a href=\"http:\/\/nossacasa.net\/nossosriachos\/rios\/gobiidae\/\">Gobiidae<\/a><\/strong> e <strong><a href=\"http:\/\/nossacasa.net\/nossosriachos\/rios\/eleotridae\/\">Eleotridae<\/a><\/strong>.<\/td>\n<\/tr>\n<tr class=\"row-2\">\n\t<td class=\"column-1\"><strong>1A<\/strong><\/td><td class=\"column-2\">Nadadeiras p\u00e9lvicas fusionadas entre si, formando um disco adesivo; segunda nadadeira dorsal com a base longa, maior que o comprimento do ped\u00fanculo caudal; nadadeira dorsal anterior com 2 a 8 espinhos flex\u00edveis e posterior com 8 a 14 raios ramificados; espinho preopercular ausente (seta).<\/td><td class=\"column-3\"><strong><a href=\"http:\/\/nossacasa.net\/nossosriachos\/rios\/ophichthidae\/\">Ophichthidae<\/a><\/strong><\/td><td class=\"column-4\"><img loading=\"lazy\" decoding=\"async\" src=\"http:\/\/nossacasa.net\/nossosriachos\/rios\/wp-content\/uploads\/sites\/8\/2019\/09\/Gobiiformes_1A.png\" alt=\"\" width=\"768\" height=\"467\" class=\"aligncenter size-full wp-image-1320\" srcset=\"http:\/\/nossacasa.net\/nossosriachos\/rios\/wp-content\/uploads\/sites\/8\/2019\/09\/Gobiiformes_1A.png 768w, http:\/\/nossacasa.net\/nossosriachos\/rios\/wp-content\/uploads\/sites\/8\/2019\/09\/Gobiiformes_1A-300x182.png 300w, http:\/\/nossacasa.net\/nossosriachos\/rios\/wp-content\/uploads\/sites\/8\/2019\/09\/Gobiiformes_1A-493x300.png 493w\" sizes=\"auto, (max-width: 768px) 100vw, 768px\" \/><\/td>\n<\/tr>\n<tr class=\"row-3\">\n\t<td class=\"column-1\"><strong>1B<\/strong><\/td><td class=\"column-2\">Nadadeiras p\u00e9lvicas individualizadas; segunda nadadeira dorsal de base curta, menor que o comprimento do ped\u00fanculo caudal; nadadeira dorsal anterior com 2 a 8 espinhos flex\u00edveis e posterior com 7 a 10 raios ramificados; espinho pr\u00e9-opercular geralmente presente (seta).<\/td><td class=\"column-3\"><strong><a href=\"http:\/\/nossacasa.net\/nossosriachos\/rios\/eleotridae\/\">Eleotridae<\/a><\/strong><\/td><td class=\"column-4\"><img loading=\"lazy\" decoding=\"async\" src=\"http:\/\/nossacasa.net\/nossosriachos\/rios\/wp-content\/uploads\/sites\/8\/2019\/09\/Gobiiformes_1B.png\" alt=\"\" width=\"590\" height=\"319\" class=\"aligncenter size-full wp-image-1321\" srcset=\"http:\/\/nossacasa.net\/nossosriachos\/rios\/wp-content\/uploads\/sites\/8\/2019\/09\/Gobiiformes_1B.png 590w, http:\/\/nossacasa.net\/nossosriachos\/rios\/wp-content\/uploads\/sites\/8\/2019\/09\/Gobiiformes_1B-300x162.png 300w, http:\/\/nossacasa.net\/nossosriachos\/rios\/wp-content\/uploads\/sites\/8\/2019\/09\/Gobiiformes_1B-500x270.png 500w\" sizes=\"auto, (max-width: 590px) 100vw, 590px\" \/><\/td>\n<\/tr>\n<tr class=\"row-4\">\n\t<td colspan=\"4\" class=\"column-1\"><hr><br \/>\n<strong>Organiza\u00e7\u00e3o:<\/strong> L.M. Sarmento-Soares e R.F. Martins-Pinheiro.<br \/>\n<strong>Imagens:<\/strong> L.M. Sarmento-Soares.<br \/>\n<hr><\/td>\n<\/tr>\n<\/tbody>\n<\/table>\n\n","protected":false},"excerpt":{"rendered":"","protected":false},"author":1,"featured_media":0,"parent":0,"menu_order":0,"comment_status":"closed","ping_status":"closed","template":"template-page-builder-no-header-footer.php","meta":{"footnotes":""},"class_list":["post-1317","page","type-page","status-publish","hentry"],"_links":{"self":[{"href":"http:\/\/nossacasa.net\/nossosriachos\/rios\/wp-json\/wp\/v2\/pages\/1317","targetHints":{"allow":["GET"]}}],"collection":[{"href":"http:\/\/nossacasa.net\/nossosriachos\/rios\/wp-json\/wp\/v2\/pages"}],"about":[{"href":"http:\/\/nossacasa.net\/nossosriachos\/rios\/wp-json\/wp\/v2\/types\/page"}],"author":[{"embeddable":true,"href":"http:\/\/nossacasa.net\/nossosriachos\/rios\/wp-json\/wp\/v2\/users\/1"}],"replies":[{"embeddable":true,"href":"http:\/\/nossacasa.net\/nossosriachos\/rios\/wp-json\/wp\/v2\/comments?post=1317"}],"version-history":[{"count":1,"href":"http:\/\/nossacasa.net\/nossosriachos\/rios\/wp-json\/wp\/v2\/pages\/1317\/revisions"}],"predecessor-version":[{"id":1318,"href":"http:\/\/nossacasa.net\/nossosriachos\/rios\/wp-json\/wp\/v2\/pages\/1317\/revisions\/1318"}],"wp:attachment":[{"href":"http:\/\/nossacasa.net\/nossosriachos\/rios\/wp-json\/wp\/v2\/media?parent=1317"}],"curies":[{"name":"wp","href":"https:\/\/api.w.org\/{rel}","templated":true}]}}