{"id":1395,"date":"2019-09-06T18:16:04","date_gmt":"2019-09-06T21:16:04","guid":{"rendered":"http:\/\/nossacasa.net\/nossosriachos\/rios\/?page_id=1395"},"modified":"2019-09-06T18:16:04","modified_gmt":"2019-09-06T21:16:04","slug":"chave-de-syngnathiformes","status":"publish","type":"page","link":"http:\/\/nossacasa.net\/nossosriachos\/rios\/chave-de-syngnathiformes\/","title":{"rendered":"Chave de Syngnathiformes"},"content":{"rendered":"\n<table id=\"tablepress-11\" class=\"tablepress tablepress-id-11 tbody-has-connected-cells\">\n<tbody class=\"row-striping row-hover\">\n<tr class=\"row-1\">\n\t<td colspan=\"4\" class=\"column-1\"><h1>Chave de Syngnathiformes<\/h1>Os <strong><a href=\"http:\/\/nossacasa.net\/nossosriachos\/rios\/syngnathiformes\/\">Syngnathiformes<\/a><\/strong> do Tabuleiro s\u00e3o representados por uma \u00fanica fam\u00edlia: <strong><a href=\"http:\/\/nossacasa.net\/nossosriachos\/rios\/syngnathidae\/\">Syngnathidae<\/a><\/strong>.<\/td>\n<\/tr>\n<tr class=\"row-2\">\n\t<td class=\"column-1\"><strong>1A<\/strong><\/td><td class=\"column-2\">Corpo alongado, encapsulado em uma s\u00e9rie de an\u00e9is \u00f3sseos; nadadeira dorsal \u00fanica, com 15 a 60 raios; aus\u00eancia de nadadeiras p\u00e9lvicas; nadadeira caudal reduzida ou ausente.<\/td><td class=\"column-3\"><strong><a href=\"http:\/\/nossacasa.net\/nossosriachos\/rios\/syngnathidae\/\">Syngnathidae<\/a><\/strong><\/td><td class=\"column-4\"><img loading=\"lazy\" decoding=\"async\" src=\"http:\/\/nossacasa.net\/nossosriachos\/rios\/wp-content\/uploads\/sites\/8\/2019\/08\/Syngnathiformes.png\" alt=\"\" width=\"800\" height=\"215\" class=\"aligncenter size-full wp-image-808\" srcset=\"http:\/\/nossacasa.net\/nossosriachos\/rios\/wp-content\/uploads\/sites\/8\/2019\/08\/Syngnathiformes.png 800w, http:\/\/nossacasa.net\/nossosriachos\/rios\/wp-content\/uploads\/sites\/8\/2019\/08\/Syngnathiformes-300x81.png 300w, http:\/\/nossacasa.net\/nossosriachos\/rios\/wp-content\/uploads\/sites\/8\/2019\/08\/Syngnathiformes-768x206.png 768w, http:\/\/nossacasa.net\/nossosriachos\/rios\/wp-content\/uploads\/sites\/8\/2019\/08\/Syngnathiformes-500x134.png 500w\" sizes=\"auto, (max-width: 800px) 100vw, 800px\" \/><\/td>\n<\/tr>\n<tr class=\"row-3\">\n\t<td class=\"column-1\"><strong>1B<\/strong><\/td><td class=\"column-2\">Corpo abreviado ou alto, encapsulado ou n\u00e3o an\u00e9is \u00f3sseos; uma ou duas nadadeiras dorsais; nadadeira p\u00e9lvica presente; nadadeira caudal presente.<\/td><td class=\"column-3\"><strong>Outras fam\u00edlias<\/strong><\/td><td class=\"column-4\"><\/td>\n<\/tr>\n<tr class=\"row-4\">\n\t<td colspan=\"4\" class=\"column-1\"><hr><br \/>\n<strong>Organiza\u00e7\u00e3o:<\/strong> L.M. Sarmento-Soares e R.F. Martins-Pinheiro.<br \/>\n<strong>Imagens:<\/strong> L.M. Sarmento-Soares.<br \/>\n<hr><\/td>\n<\/tr>\n<\/tbody>\n<\/table>\n\n","protected":false},"excerpt":{"rendered":"","protected":false},"author":1,"featured_media":0,"parent":0,"menu_order":0,"comment_status":"closed","ping_status":"closed","template":"template-page-builder-no-header-footer.php","meta":{"footnotes":""},"class_list":["post-1395","page","type-page","status-publish","hentry"],"_links":{"self":[{"href":"http:\/\/nossacasa.net\/nossosriachos\/rios\/wp-json\/wp\/v2\/pages\/1395","targetHints":{"allow":["GET"]}}],"collection":[{"href":"http:\/\/nossacasa.net\/nossosriachos\/rios\/wp-json\/wp\/v2\/pages"}],"about":[{"href":"http:\/\/nossacasa.net\/nossosriachos\/rios\/wp-json\/wp\/v2\/types\/page"}],"author":[{"embeddable":true,"href":"http:\/\/nossacasa.net\/nossosriachos\/rios\/wp-json\/wp\/v2\/users\/1"}],"replies":[{"embeddable":true,"href":"http:\/\/nossacasa.net\/nossosriachos\/rios\/wp-json\/wp\/v2\/comments?post=1395"}],"version-history":[{"count":1,"href":"http:\/\/nossacasa.net\/nossosriachos\/rios\/wp-json\/wp\/v2\/pages\/1395\/revisions"}],"predecessor-version":[{"id":1396,"href":"http:\/\/nossacasa.net\/nossosriachos\/rios\/wp-json\/wp\/v2\/pages\/1395\/revisions\/1396"}],"wp:attachment":[{"href":"http:\/\/nossacasa.net\/nossosriachos\/rios\/wp-json\/wp\/v2\/media?parent=1395"}],"curies":[{"name":"wp","href":"https:\/\/api.w.org\/{rel}","templated":true}]}}