{"id":1412,"date":"2019-09-07T11:34:37","date_gmt":"2019-09-07T14:34:37","guid":{"rendered":"http:\/\/nossacasa.net\/nossosriachos\/rios\/?page_id=1412"},"modified":"2019-09-09T12:10:10","modified_gmt":"2019-09-09T15:10:10","slug":"ophichthus","status":"publish","type":"page","link":"http:\/\/nossacasa.net\/nossosriachos\/rios\/ophichthus\/","title":{"rendered":"Ophichthus"},"content":{"rendered":"<div style=\"text-align: justify;\">\n<h1>Os <em>Ophichthus<\/em> Ahl, 17892<\/h1>\n<p><img loading=\"lazy\" decoding=\"async\" src=\"http:\/\/nossacasa.net\/nossosriachos\/rios\/wp-content\/uploads\/sites\/8\/2019\/09\/Ophichthus.png\" alt=\"\" width=\"800\" height=\"249\" class=\"aligncenter size-full wp-image-1413\" srcset=\"http:\/\/nossacasa.net\/nossosriachos\/rios\/wp-content\/uploads\/sites\/8\/2019\/09\/Ophichthus.png 800w, http:\/\/nossacasa.net\/nossosriachos\/rios\/wp-content\/uploads\/sites\/8\/2019\/09\/Ophichthus-300x93.png 300w, http:\/\/nossacasa.net\/nossosriachos\/rios\/wp-content\/uploads\/sites\/8\/2019\/09\/Ophichthus-768x239.png 768w, http:\/\/nossacasa.net\/nossosriachos\/rios\/wp-content\/uploads\/sites\/8\/2019\/09\/Ophichthus-500x156.png 500w\" sizes=\"auto, (max-width: 800px) 100vw, 800px\" \/><\/p>\n<p>Algumas caracter\u00edsticas do g\u00eanero <em>Ophichthus<\/em> est\u00e3o indicadas na figura acima.<\/p>\n<p>S\u00e3o os maiores Ophichthidae nos tabuleiros, alcan\u00e7ando 70 a 90 cm de comprimento. Possuem as nadadeiras peitorais amplas e a cauda r\u00edgida. A esp\u00e9cie local se diferencia por possuir um prolongamento d\u00e9rmico na narina anterior.<\/p>\n<p>O g\u00eanero <em>Ophichthus<\/em> e um dos tr\u00eas g\u00eaneros da fam\u00edlia <a href=\"http:\/\/nossacasa.net\/nossosriachos\/rios\/ophichthidae\/\">Ophichthidae<\/a> representante dos <a href=\"http:\/\/nossacasa.net\/nossosriachos\/rios\/anguilliformes\/\">Anguilliformes<\/a> nas regi\u00f5es dos tabuleiros, sendo encontrada pr\u00f3ximo a foz dos pequenos riachos que desembocam no Oceano Atl\u00e2ntico. <\/p>\n<p>Nos rios e c\u00f3rregos dos tabuleiros da Mata Atl\u00e2ntica encontramos uma \u00fanica esp\u00e9cie do g\u00eanero <em>Ophichthus<\/em>: <em><a href=\"http:\/\/nossacasa.net\/nossosriachos\/rios\/ophichthus-parilis\/\">Ophichthus parilis<\/a><\/em>.<\/p>\n<hr>\n<\/div>\n","protected":false},"excerpt":{"rendered":"<p>Os Ophichthus Ahl, 17892 Algumas caracter\u00edsticas do g\u00eanero Ophichthus est\u00e3o indicadas na figura acima. S\u00e3o os maiores Ophichthidae nos tabuleiros, alcan\u00e7ando 70 a 90 cm de comprimento. Possuem as nadadeiras peitorais amplas e a cauda r\u00edgida. A esp\u00e9cie local se &hellip; <a href=\"http:\/\/nossacasa.net\/nossosriachos\/rios\/ophichthus\/\">Continue lendo <span class=\"meta-nav\">&rarr;<\/span><\/a><\/p>\n","protected":false},"author":1,"featured_media":0,"parent":0,"menu_order":0,"comment_status":"closed","ping_status":"closed","template":"","meta":{"footnotes":""},"class_list":["post-1412","page","type-page","status-publish","hentry"],"_links":{"self":[{"href":"http:\/\/nossacasa.net\/nossosriachos\/rios\/wp-json\/wp\/v2\/pages\/1412","targetHints":{"allow":["GET"]}}],"collection":[{"href":"http:\/\/nossacasa.net\/nossosriachos\/rios\/wp-json\/wp\/v2\/pages"}],"about":[{"href":"http:\/\/nossacasa.net\/nossosriachos\/rios\/wp-json\/wp\/v2\/types\/page"}],"author":[{"embeddable":true,"href":"http:\/\/nossacasa.net\/nossosriachos\/rios\/wp-json\/wp\/v2\/users\/1"}],"replies":[{"embeddable":true,"href":"http:\/\/nossacasa.net\/nossosriachos\/rios\/wp-json\/wp\/v2\/comments?post=1412"}],"version-history":[{"count":3,"href":"http:\/\/nossacasa.net\/nossosriachos\/rios\/wp-json\/wp\/v2\/pages\/1412\/revisions"}],"predecessor-version":[{"id":1443,"href":"http:\/\/nossacasa.net\/nossosriachos\/rios\/wp-json\/wp\/v2\/pages\/1412\/revisions\/1443"}],"wp:attachment":[{"href":"http:\/\/nossacasa.net\/nossosriachos\/rios\/wp-json\/wp\/v2\/media?parent=1412"}],"curies":[{"name":"wp","href":"https:\/\/api.w.org\/{rel}","templated":true}]}}