{"id":1441,"date":"2019-09-09T12:09:15","date_gmt":"2019-09-09T15:09:15","guid":{"rendered":"http:\/\/nossacasa.net\/nossosriachos\/rios\/?page_id=1441"},"modified":"2019-09-10T14:04:49","modified_gmt":"2019-09-10T17:04:49","slug":"ophichthus-parilis","status":"publish","type":"page","link":"http:\/\/nossacasa.net\/nossosriachos\/rios\/ophichthus-parilis\/","title":{"rendered":"Ophichthus parilis"},"content":{"rendered":"<div style=\"text-align: justify;\">\n<h1><em>Ophichthus parilis<\/em> (Richardson, 1848) <\/h1>\n<p><img loading=\"lazy\" decoding=\"async\" src=\"http:\/\/nossacasa.net\/nossosriachos\/rios\/wp-content\/uploads\/sites\/8\/2019\/09\/Ophichthus-parilis.png\" alt=\"\" width=\"800\" height=\"698\" class=\"aligncenter size-full wp-image-1528\" srcset=\"http:\/\/nossacasa.net\/nossosriachos\/rios\/wp-content\/uploads\/sites\/8\/2019\/09\/Ophichthus-parilis.png 800w, http:\/\/nossacasa.net\/nossosriachos\/rios\/wp-content\/uploads\/sites\/8\/2019\/09\/Ophichthus-parilis-300x262.png 300w, http:\/\/nossacasa.net\/nossosriachos\/rios\/wp-content\/uploads\/sites\/8\/2019\/09\/Ophichthus-parilis-768x670.png 768w, http:\/\/nossacasa.net\/nossosriachos\/rios\/wp-content\/uploads\/sites\/8\/2019\/09\/Ophichthus-parilis-344x300.png 344w\" sizes=\"auto, (max-width: 800px) 100vw, 800px\" \/><\/p>\n<p>Algumas caracter\u00edsticas da esp\u00e9cie <em>Ophichthus parili<\/em>s est\u00e3o indicadas na figura acima.<\/p>\n<p><em>Ophichthus parilis<\/em> possui finos prolongamentos na borda da narina tubular. O colorido \u00e9 castanho com poros escuros ao longo da linha lateral na cabe\u00e7a e parte anterior do corpo at\u00e9 a nadadeira peitoral. O ventre \u00e9 mais claro que o dorso. <\/p>\n<p><a href=\"http:\/\/nossacasa.net\/nossosriachos\/rios\/ophichthus\/\">Ophichthus<\/a> \u00e9 o maior representante em tamanho da fam\u00edlia <a href=\"http:\/\/nossacasa.net\/nossosriachos\/rios\/ophichthidae\/\">Ophichthidae<\/a> nas regi\u00f5es dos tabuleiros, alcan\u00e7ando at\u00e9 1 metro de comprimento total, enquanto que os demais raramente alcan\u00e7am 50 cm de comprimento. S\u00e3o peixes noturnos que durante o dia ficam enterrados em buracos que cavam com a cauda, e saem a noite para se alimentar. Por isso a cauda nesses peixes \u00e9 r\u00edgida, pois serve de p\u00e1. Vivem nas proximidades da foz de pequenos riachos e tamb\u00e9m em \u00e1guas rasas na zona litor\u00e2nea. <\/p>\n<p>A esp\u00e9cie <em>Ophichthus parilis<\/em> \u00e9 a \u00fanica representante do g\u00eanero <em><a href=\"http:\/\/nossacasa.net\/nossosriachos\/rios\/ophichthus\/\">Ophichthus<\/a><\/em> da fam\u00edlia <a href=\"http:\/\/nossacasa.net\/nossosriachos\/rios\/ophichthidae\/\">Ophichthidae<\/a> nas regi\u00f5es dos tabuleiros, sendo encontrada pr\u00f3ximo a foz dos pequenos riachos que desembocam no Oceano Atl\u00e2ntico.\n<\/div>\n","protected":false},"excerpt":{"rendered":"<p>Ophichthus parilis (Richardson, 1848) Algumas caracter\u00edsticas da esp\u00e9cie Ophichthus parilis est\u00e3o indicadas na figura acima. Ophichthus parilis possui finos prolongamentos na borda da narina tubular. O colorido \u00e9 castanho com poros escuros ao longo da linha lateral na cabe\u00e7a e &hellip; <a href=\"http:\/\/nossacasa.net\/nossosriachos\/rios\/ophichthus-parilis\/\">Continue lendo <span class=\"meta-nav\">&rarr;<\/span><\/a><\/p>\n","protected":false},"author":1,"featured_media":1437,"parent":0,"menu_order":0,"comment_status":"closed","ping_status":"closed","template":"","meta":{"footnotes":""},"class_list":["post-1441","page","type-page","status-publish","has-post-thumbnail","hentry"],"_links":{"self":[{"href":"http:\/\/nossacasa.net\/nossosriachos\/rios\/wp-json\/wp\/v2\/pages\/1441","targetHints":{"allow":["GET"]}}],"collection":[{"href":"http:\/\/nossacasa.net\/nossosriachos\/rios\/wp-json\/wp\/v2\/pages"}],"about":[{"href":"http:\/\/nossacasa.net\/nossosriachos\/rios\/wp-json\/wp\/v2\/types\/page"}],"author":[{"embeddable":true,"href":"http:\/\/nossacasa.net\/nossosriachos\/rios\/wp-json\/wp\/v2\/users\/1"}],"replies":[{"embeddable":true,"href":"http:\/\/nossacasa.net\/nossosriachos\/rios\/wp-json\/wp\/v2\/comments?post=1441"}],"version-history":[{"count":4,"href":"http:\/\/nossacasa.net\/nossosriachos\/rios\/wp-json\/wp\/v2\/pages\/1441\/revisions"}],"predecessor-version":[{"id":1530,"href":"http:\/\/nossacasa.net\/nossosriachos\/rios\/wp-json\/wp\/v2\/pages\/1441\/revisions\/1530"}],"wp:featuredmedia":[{"embeddable":true,"href":"http:\/\/nossacasa.net\/nossosriachos\/rios\/wp-json\/wp\/v2\/media\/1437"}],"wp:attachment":[{"href":"http:\/\/nossacasa.net\/nossosriachos\/rios\/wp-json\/wp\/v2\/media?parent=1441"}],"curies":[{"name":"wp","href":"https:\/\/api.w.org\/{rel}","templated":true}]}}