{"id":1445,"date":"2019-09-09T12:13:43","date_gmt":"2019-09-09T15:13:43","guid":{"rendered":"http:\/\/nossacasa.net\/nossosriachos\/rios\/?page_id=1445"},"modified":"2019-09-20T10:48:16","modified_gmt":"2019-09-20T13:48:16","slug":"knodus","status":"publish","type":"page","link":"http:\/\/nossacasa.net\/nossosriachos\/rios\/knodus\/","title":{"rendered":"Knodus"},"content":{"rendered":"<div style=\"text-align: justify;\">\n<h1>Os <em>Knodus<\/em> Eigenmann, 1911<\/h1>\n<p><img loading=\"lazy\" decoding=\"async\" src=\"http:\/\/nossacasa.net\/nossosriachos\/rios\/wp-content\/uploads\/sites\/8\/2019\/09\/Knodus.png\" alt=\"\" width=\"800\" height=\"207\" class=\"aligncenter size-full wp-image-3098\" srcset=\"http:\/\/nossacasa.net\/nossosriachos\/rios\/wp-content\/uploads\/sites\/8\/2019\/09\/Knodus.png 800w, http:\/\/nossacasa.net\/nossosriachos\/rios\/wp-content\/uploads\/sites\/8\/2019\/09\/Knodus-300x78.png 300w, http:\/\/nossacasa.net\/nossosriachos\/rios\/wp-content\/uploads\/sites\/8\/2019\/09\/Knodus-768x199.png 768w, http:\/\/nossacasa.net\/nossosriachos\/rios\/wp-content\/uploads\/sites\/8\/2019\/09\/Knodus-500x129.png 500w\" sizes=\"auto, (max-width: 800px) 100vw, 800px\" \/><\/p>\n<p><img loading=\"lazy\" decoding=\"async\" src=\"http:\/\/nossacasa.net\/nossosriachos\/rios\/wp-content\/uploads\/sites\/8\/2019\/09\/Knodus_i.png\" alt=\"\" width=\"800\" height=\"483\" class=\"aligncenter size-full wp-image-3099\" srcset=\"http:\/\/nossacasa.net\/nossosriachos\/rios\/wp-content\/uploads\/sites\/8\/2019\/09\/Knodus_i.png 800w, http:\/\/nossacasa.net\/nossosriachos\/rios\/wp-content\/uploads\/sites\/8\/2019\/09\/Knodus_i-300x181.png 300w, http:\/\/nossacasa.net\/nossosriachos\/rios\/wp-content\/uploads\/sites\/8\/2019\/09\/Knodus_i-768x464.png 768w, http:\/\/nossacasa.net\/nossosriachos\/rios\/wp-content\/uploads\/sites\/8\/2019\/09\/Knodus_i-497x300.png 497w\" sizes=\"auto, (max-width: 800px) 100vw, 800px\" \/><\/p>\n<p>Algumas caracter\u00edsticas do g\u00eanero <em>Knodus<\/em> est\u00e3o indicadas na figura acima.<\/p>\n<p>O g\u00eanero <em>Knodus<\/em> \u00e9 diagnosticado por uma combina\u00e7\u00e3o de caracteres, incluindo a presen\u00e7a de fileiras de escamas cobrindo a base da cauda (Ferreira &#038; Netto-Ferreira, 2010). <\/p>\n<p><em>Knodus<\/em> tem ampla distribui\u00e7\u00e3o nos grandes sistemas fluviais da Am\u00e9rica do Sul tropical, a leste dos Andes e ao norte da Patagonia.<\/p>\n<p> S\u00e3o mais de 20 esp\u00e9cies v\u00e1lidas em <em>Knodus<\/em> e algumas destas esp\u00e9cies se assemelham morfologicamente a <em>Bryconamericus<\/em>, que n\u00e3o possui escamas na base da cauda, um g\u00eanero conhecido para o rio S\u00e3o Francisco e bacias mais ao sul da floresta de tabuleiros.<\/p>\n<p>O g\u00eanero <em>Knodus<\/em> \u00e9 um dos oito g\u00eaneros da fam\u00edlia <a href=\"http:\/\/nossacasa.net\/nossosriachos\/rios\/characidae\/\">Characidae<\/a> representante dos <a href=\"http:\/\/nossacasa.net\/nossosriachos\/rios\/characiformes\/\">Characiformes<\/a> nas regi\u00f5es dos tabuleiros. <\/p>\n<p>Na regi\u00e3o dos tabuleiros da Mata Atl\u00e2ntica \u00e9 encontrada uma \u00fanica esp\u00e9cie do g\u00eanero <em>Knodus<\/em>: <a href=\"http:\/\/nossacasa.net\/nossosriachos\/rios\/knodus-aff-moenkhausi\/\"><em>Knodus<\/em> aff. <em>moenkhausii<\/em><\/a><\/p>\n<hr>\n<\/div>\n","protected":false},"excerpt":{"rendered":"<p>Os Knodus Eigenmann, 1911 Algumas caracter\u00edsticas do g\u00eanero Knodus est\u00e3o indicadas na figura acima. O g\u00eanero Knodus \u00e9 diagnosticado por uma combina\u00e7\u00e3o de caracteres, incluindo a presen\u00e7a de fileiras de escamas cobrindo a base da cauda (Ferreira &#038; Netto-Ferreira, 2010). &hellip; <a href=\"http:\/\/nossacasa.net\/nossosriachos\/rios\/knodus\/\">Continue lendo <span class=\"meta-nav\">&rarr;<\/span><\/a><\/p>\n","protected":false},"author":1,"featured_media":0,"parent":0,"menu_order":0,"comment_status":"closed","ping_status":"closed","template":"","meta":{"footnotes":""},"class_list":["post-1445","page","type-page","status-publish","hentry"],"_links":{"self":[{"href":"http:\/\/nossacasa.net\/nossosriachos\/rios\/wp-json\/wp\/v2\/pages\/1445","targetHints":{"allow":["GET"]}}],"collection":[{"href":"http:\/\/nossacasa.net\/nossosriachos\/rios\/wp-json\/wp\/v2\/pages"}],"about":[{"href":"http:\/\/nossacasa.net\/nossosriachos\/rios\/wp-json\/wp\/v2\/types\/page"}],"author":[{"embeddable":true,"href":"http:\/\/nossacasa.net\/nossosriachos\/rios\/wp-json\/wp\/v2\/users\/1"}],"replies":[{"embeddable":true,"href":"http:\/\/nossacasa.net\/nossosriachos\/rios\/wp-json\/wp\/v2\/comments?post=1445"}],"version-history":[{"count":9,"href":"http:\/\/nossacasa.net\/nossosriachos\/rios\/wp-json\/wp\/v2\/pages\/1445\/revisions"}],"predecessor-version":[{"id":3100,"href":"http:\/\/nossacasa.net\/nossosriachos\/rios\/wp-json\/wp\/v2\/pages\/1445\/revisions\/3100"}],"wp:attachment":[{"href":"http:\/\/nossacasa.net\/nossosriachos\/rios\/wp-json\/wp\/v2\/media?parent=1445"}],"curies":[{"name":"wp","href":"https:\/\/api.w.org\/{rel}","templated":true}]}}