{"id":1470,"date":"2019-09-09T16:18:35","date_gmt":"2019-09-09T19:18:35","guid":{"rendered":"http:\/\/nossacasa.net\/nossosriachos\/rios\/?page_id=1470"},"modified":"2019-09-17T22:23:29","modified_gmt":"2019-09-18T01:23:29","slug":"megaleporinus","status":"publish","type":"page","link":"http:\/\/nossacasa.net\/nossosriachos\/rios\/megaleporinus\/","title":{"rendered":"Megaleporinus"},"content":{"rendered":"<div style=\"text-align: justify;\">\n<h1>Os <em>Megaleporinus<\/em> Ram\u00edrez, Birindelli e Galetti, 2017<\/h1>\n<p><img loading=\"lazy\" decoding=\"async\" src=\"http:\/\/nossacasa.net\/nossosriachos\/rios\/wp-content\/uploads\/sites\/8\/2019\/09\/Megaleporinus.png\" alt=\"\" width=\"800\" height=\"234\" class=\"aligncenter size-full wp-image-3073\" srcset=\"http:\/\/nossacasa.net\/nossosriachos\/rios\/wp-content\/uploads\/sites\/8\/2019\/09\/Megaleporinus.png 800w, http:\/\/nossacasa.net\/nossosriachos\/rios\/wp-content\/uploads\/sites\/8\/2019\/09\/Megaleporinus-300x88.png 300w, http:\/\/nossacasa.net\/nossosriachos\/rios\/wp-content\/uploads\/sites\/8\/2019\/09\/Megaleporinus-768x225.png 768w, http:\/\/nossacasa.net\/nossosriachos\/rios\/wp-content\/uploads\/sites\/8\/2019\/09\/Megaleporinus-500x146.png 500w\" sizes=\"auto, (max-width: 800px) 100vw, 800px\" \/><\/p>\n<p>Algumas caracter\u00edsticas do g\u00eanero <em>Megaleporinus<\/em> est\u00e3o indicadas na figura acima.<\/p>\n<p>O g\u00eanero <em>Megaleporinus<\/em> foi nomeado por Ramirez <em>et al.<\/em> (2017), que desmembraram, com base em taxonomia integrativa, esp\u00e9cies at\u00e9 ent\u00e3o alocadas entre os <em><a href=\"http:\/\/nossacasa.net\/nossosriachos\/rios\/leporinus\/\">Leporinus<\/a><\/em>. <\/p>\n<p>O g\u00eanero \u00e9 caracterizado por uma combina\u00e7\u00e3o de caracteres, como dentes unic\u00faspides nas duas arcadas, tanto no premaxilar como no dent\u00e1rio e pela presen\u00e7a de uma a quatro m\u00e1culas nas laterais do corpo. <\/p>\n<p>O g\u00eanero <em>Megaleporinus<\/em> e um dos tr\u00eas g\u00eaneros da fam\u00edlia <a href=\"http:\/\/nossacasa.net\/nossosriachos\/rios\/anostomidae\/\">Anostomidae<\/a> representante dos <a href=\"http:\/\/nossacasa.net\/nossosriachos\/rios\/characiformes\/\">Characiformes<\/a> nas regi\u00f5es dos tabuleiros. <\/p>\n<p>Na regi\u00e3o dos tabuleiros da Mata Atl\u00e2ntica \u00e9 encontrada uma \u00fanica esp\u00e9cie do g\u00eanero <em>Megaleporinus<\/em>:  <em><a href=\"http:\/\/nossacasa.net\/nossosriachos\/rios\/megaleporinus-conirostris\/\">Megaleporinus conirostris<\/a><\/em>.<\/p>\n<hr>\n<\/div>\n","protected":false},"excerpt":{"rendered":"<p>Os Megaleporinus Ram\u00edrez, Birindelli e Galetti, 2017 Algumas caracter\u00edsticas do g\u00eanero Megaleporinus est\u00e3o indicadas na figura acima. O g\u00eanero Megaleporinus foi nomeado por Ramirez et al. (2017), que desmembraram, com base em taxonomia integrativa, esp\u00e9cies at\u00e9 ent\u00e3o alocadas entre os &hellip; <a href=\"http:\/\/nossacasa.net\/nossosriachos\/rios\/megaleporinus\/\">Continue lendo <span class=\"meta-nav\">&rarr;<\/span><\/a><\/p>\n","protected":false},"author":1,"featured_media":0,"parent":0,"menu_order":0,"comment_status":"closed","ping_status":"closed","template":"","meta":{"footnotes":""},"class_list":["post-1470","page","type-page","status-publish","hentry"],"_links":{"self":[{"href":"http:\/\/nossacasa.net\/nossosriachos\/rios\/wp-json\/wp\/v2\/pages\/1470","targetHints":{"allow":["GET"]}}],"collection":[{"href":"http:\/\/nossacasa.net\/nossosriachos\/rios\/wp-json\/wp\/v2\/pages"}],"about":[{"href":"http:\/\/nossacasa.net\/nossosriachos\/rios\/wp-json\/wp\/v2\/types\/page"}],"author":[{"embeddable":true,"href":"http:\/\/nossacasa.net\/nossosriachos\/rios\/wp-json\/wp\/v2\/users\/1"}],"replies":[{"embeddable":true,"href":"http:\/\/nossacasa.net\/nossosriachos\/rios\/wp-json\/wp\/v2\/comments?post=1470"}],"version-history":[{"count":6,"href":"http:\/\/nossacasa.net\/nossosriachos\/rios\/wp-json\/wp\/v2\/pages\/1470\/revisions"}],"predecessor-version":[{"id":3076,"href":"http:\/\/nossacasa.net\/nossosriachos\/rios\/wp-json\/wp\/v2\/pages\/1470\/revisions\/3076"}],"wp:attachment":[{"href":"http:\/\/nossacasa.net\/nossosriachos\/rios\/wp-json\/wp\/v2\/media?parent=1470"}],"curies":[{"name":"wp","href":"https:\/\/api.w.org\/{rel}","templated":true}]}}