{"id":1487,"date":"2019-09-09T16:54:56","date_gmt":"2019-09-09T19:54:56","guid":{"rendered":"http:\/\/nossacasa.net\/nossosriachos\/rios\/?page_id=1487"},"modified":"2019-09-20T11:36:32","modified_gmt":"2019-09-20T14:36:32","slug":"brycon-vermelha","status":"publish","type":"page","link":"http:\/\/nossacasa.net\/nossosriachos\/rios\/brycon-vermelha\/","title":{"rendered":"Brycon vermelha"},"content":{"rendered":"<div style=\"text-align: justify;\">\n<h1><em>Brycon vermelha<\/em> Lima and Castro, 2000<\/h1>\n<p><img loading=\"lazy\" decoding=\"async\" src=\"http:\/\/nossacasa.net\/nossosriachos\/rios\/wp-content\/uploads\/sites\/8\/2019\/09\/Brycon-vermelha.png\" alt=\"\" width=\"800\" height=\"325\" class=\"aligncenter size-full wp-image-3114\" srcset=\"http:\/\/nossacasa.net\/nossosriachos\/rios\/wp-content\/uploads\/sites\/8\/2019\/09\/Brycon-vermelha.png 800w, http:\/\/nossacasa.net\/nossosriachos\/rios\/wp-content\/uploads\/sites\/8\/2019\/09\/Brycon-vermelha-300x122.png 300w, http:\/\/nossacasa.net\/nossosriachos\/rios\/wp-content\/uploads\/sites\/8\/2019\/09\/Brycon-vermelha-768x312.png 768w, http:\/\/nossacasa.net\/nossosriachos\/rios\/wp-content\/uploads\/sites\/8\/2019\/09\/Brycon-vermelha-500x203.png 500w\" sizes=\"auto, (max-width: 800px) 100vw, 800px\" \/><\/p>\n<p><img loading=\"lazy\" decoding=\"async\" src=\"http:\/\/nossacasa.net\/nossosriachos\/rios\/wp-content\/uploads\/sites\/8\/2019\/09\/Brycon-vermelha_m.png\" alt=\"\" width=\"800\" height=\"248\" class=\"aligncenter size-full wp-image-3116\" srcset=\"http:\/\/nossacasa.net\/nossosriachos\/rios\/wp-content\/uploads\/sites\/8\/2019\/09\/Brycon-vermelha_m.png 800w, http:\/\/nossacasa.net\/nossosriachos\/rios\/wp-content\/uploads\/sites\/8\/2019\/09\/Brycon-vermelha_m-300x93.png 300w, http:\/\/nossacasa.net\/nossosriachos\/rios\/wp-content\/uploads\/sites\/8\/2019\/09\/Brycon-vermelha_m-768x238.png 768w, http:\/\/nossacasa.net\/nossosriachos\/rios\/wp-content\/uploads\/sites\/8\/2019\/09\/Brycon-vermelha_m-500x155.png 500w\" sizes=\"auto, (max-width: 800px) 100vw, 800px\" \/><\/p>\n<p><img loading=\"lazy\" decoding=\"async\" src=\"http:\/\/nossacasa.net\/nossosriachos\/rios\/wp-content\/uploads\/sites\/8\/2019\/09\/Brycon-vermelha_i.png\" alt=\"\" width=\"800\" height=\"609\" class=\"aligncenter size-full wp-image-3115\" srcset=\"http:\/\/nossacasa.net\/nossosriachos\/rios\/wp-content\/uploads\/sites\/8\/2019\/09\/Brycon-vermelha_i.png 800w, http:\/\/nossacasa.net\/nossosriachos\/rios\/wp-content\/uploads\/sites\/8\/2019\/09\/Brycon-vermelha_i-300x228.png 300w, http:\/\/nossacasa.net\/nossosriachos\/rios\/wp-content\/uploads\/sites\/8\/2019\/09\/Brycon-vermelha_i-768x585.png 768w, http:\/\/nossacasa.net\/nossosriachos\/rios\/wp-content\/uploads\/sites\/8\/2019\/09\/Brycon-vermelha_i-394x300.png 394w\" sizes=\"auto, (max-width: 800px) 100vw, 800px\" \/><\/p>\n<p>Algumas caracter\u00edsticas da esp\u00e9cie <em>Brycon vermelha<\/em>s est\u00e3o indicadas na figura acima.<\/p>\n<p>As esp\u00e9cies de <em>Brycon<\/em> na floresta de tabuleiro se assemelham entre si por possu\u00edrem o colorido prateado com uma mancha umeral e uma mancha no ped\u00fanculo caudal (setas).  <\/p>\n<p><em>Brycon vermelha<\/em> pode ser diferenciada das demais esp\u00e9cies locais por possuir, o osso infraorbital 5 (io 5) mais largo do que alto (versus aproximadamente t\u00e3o alto quanto largo nas demais esp\u00e9cies) e o corpo alto, altura do corpo (31,7-37,5% no comprimento padr\u00e3o) e 11 a 12 escamas acima da linha lateral. <\/p>\n<p>Em vida <em>Brycon vermelha<\/em> pode ser facilmente distinguida pelas nadadeiras caudal, dorsal, adiposa, anal e p\u00e9lvica de cor vermelha n\u00edtida (Lima &#038; Castro 2000; Lima 2017).<\/p>\n<p>A esp\u00e9cie Brycon vermelha \u00e9 uma das tr\u00eas esp\u00e9cies representante do g\u00eanero <a href=\"http:\/\/nossacasa.net\/nossosriachos\/rios\/brycon\/\"><em>Brycon<\/em><\/a> da fam\u00edlia <a href=\"http:\/\/nossacasa.net\/nossosriachos\/rios\/bryconidae\/\">Bryconidae<\/a> nas regi\u00f5es dos tabuleiros.\n<\/div>\n","protected":false},"excerpt":{"rendered":"<p>Brycon vermelha Lima and Castro, 2000 Algumas caracter\u00edsticas da esp\u00e9cie Brycon vermelhas est\u00e3o indicadas na figura acima. As esp\u00e9cies de Brycon na floresta de tabuleiro se assemelham entre si por possu\u00edrem o colorido prateado com uma mancha umeral e uma &hellip; <a href=\"http:\/\/nossacasa.net\/nossosriachos\/rios\/brycon-vermelha\/\">Continue lendo <span class=\"meta-nav\">&rarr;<\/span><\/a><\/p>\n","protected":false},"author":1,"featured_media":3114,"parent":0,"menu_order":0,"comment_status":"closed","ping_status":"closed","template":"","meta":{"footnotes":""},"class_list":["post-1487","page","type-page","status-publish","has-post-thumbnail","hentry"],"_links":{"self":[{"href":"http:\/\/nossacasa.net\/nossosriachos\/rios\/wp-json\/wp\/v2\/pages\/1487","targetHints":{"allow":["GET"]}}],"collection":[{"href":"http:\/\/nossacasa.net\/nossosriachos\/rios\/wp-json\/wp\/v2\/pages"}],"about":[{"href":"http:\/\/nossacasa.net\/nossosriachos\/rios\/wp-json\/wp\/v2\/types\/page"}],"author":[{"embeddable":true,"href":"http:\/\/nossacasa.net\/nossosriachos\/rios\/wp-json\/wp\/v2\/users\/1"}],"replies":[{"embeddable":true,"href":"http:\/\/nossacasa.net\/nossosriachos\/rios\/wp-json\/wp\/v2\/comments?post=1487"}],"version-history":[{"count":3,"href":"http:\/\/nossacasa.net\/nossosriachos\/rios\/wp-json\/wp\/v2\/pages\/1487\/revisions"}],"predecessor-version":[{"id":3123,"href":"http:\/\/nossacasa.net\/nossosriachos\/rios\/wp-json\/wp\/v2\/pages\/1487\/revisions\/3123"}],"wp:featuredmedia":[{"embeddable":true,"href":"http:\/\/nossacasa.net\/nossosriachos\/rios\/wp-json\/wp\/v2\/media\/3114"}],"wp:attachment":[{"href":"http:\/\/nossacasa.net\/nossosriachos\/rios\/wp-json\/wp\/v2\/media?parent=1487"}],"curies":[{"name":"wp","href":"https:\/\/api.w.org\/{rel}","templated":true}]}}