{"id":151,"date":"2018-02-21T17:38:10","date_gmt":"2018-02-21T20:38:10","guid":{"rendered":"http:\/\/nossacasa.net\/nossosriachos\/rios\/?page_id=151"},"modified":"2018-02-21T17:41:58","modified_gmt":"2018-02-21T20:41:58","slug":"bacia-do-japaratuba","status":"publish","type":"page","link":"http:\/\/nossacasa.net\/nossosriachos\/rios\/bacia-do-japaratuba\/","title":{"rendered":"Bacia do Japaratuba"},"content":{"rendered":"<div style=\"text-align:justify\">\n<img loading=\"lazy\" decoding=\"async\" src=\"http:\/\/nossacasa.net\/nossosriachos\/rios\/wp-content\/uploads\/sites\/8\/2018\/02\/07_02_Bacia-do-Japaratuba.png\" alt=\"\" width=\"800\" height=\"666\" class=\"aligncenter size-full wp-image-152\" srcset=\"http:\/\/nossacasa.net\/nossosriachos\/rios\/wp-content\/uploads\/sites\/8\/2018\/02\/07_02_Bacia-do-Japaratuba.png 800w, http:\/\/nossacasa.net\/nossosriachos\/rios\/wp-content\/uploads\/sites\/8\/2018\/02\/07_02_Bacia-do-Japaratuba-300x250.png 300w, http:\/\/nossacasa.net\/nossosriachos\/rios\/wp-content\/uploads\/sites\/8\/2018\/02\/07_02_Bacia-do-Japaratuba-768x639.png 768w, http:\/\/nossacasa.net\/nossosriachos\/rios\/wp-content\/uploads\/sites\/8\/2018\/02\/07_02_Bacia-do-Japaratuba-360x300.png 360w\" sizes=\"auto, (max-width: 800px) 100vw, 800px\" \/><br \/>\n<strong>Bacia do Japaratuba (07.02)<\/strong><br \/>\nBacia costeira formada pelo rio Japaratuba.<br \/>\n<strong>Limites<\/strong><br \/>\nNorte: Bacia do S\u00e3o Francisco e do Sapucaia<br \/>\nOeste: Bacia do S\u00e3o Francisco<br \/>\nSul: Bacia do Sergipe<br \/>\nLeste: Oceano Atl\u00e2ntico<\/p>\n<p>Superf\u00edcie total: 1.681 Km<sup>2<\/sup>  Per\u00edmetro: 203 Km<\/p>\n<p><strong>Rio Japaratuba<\/strong><br \/>\nComprimento: 130,7 Km<br \/>\nCoordenadas da nascente: Latitude: -10.252032\u00b0 &#8211; Longitude: -37.298730\u00b0 &#8211; altitude: 239 m<br \/>\nCoordenadas da foz: Latitude: -10.742660\u00b0 &#8211; Longitude: -36.852283\u00b0<\/p>\n<\/div>\n","protected":false},"excerpt":{"rendered":"<p>Bacia do Japaratuba (07.02) Bacia costeira formada pelo rio Japaratuba. Limites Norte: Bacia do S\u00e3o Francisco e do Sapucaia Oeste: Bacia do S\u00e3o Francisco Sul: Bacia do Sergipe Leste: Oceano Atl\u00e2ntico Superf\u00edcie total: 1.681 Km2 Per\u00edmetro: 203 Km Rio Japaratuba &hellip; <a href=\"http:\/\/nossacasa.net\/nossosriachos\/rios\/bacia-do-japaratuba\/\">Continue lendo <span class=\"meta-nav\">&rarr;<\/span><\/a><\/p>\n","protected":false},"author":1,"featured_media":152,"parent":0,"menu_order":0,"comment_status":"closed","ping_status":"closed","template":"","meta":{"footnotes":""},"class_list":["post-151","page","type-page","status-publish","has-post-thumbnail","hentry"],"_links":{"self":[{"href":"http:\/\/nossacasa.net\/nossosriachos\/rios\/wp-json\/wp\/v2\/pages\/151","targetHints":{"allow":["GET"]}}],"collection":[{"href":"http:\/\/nossacasa.net\/nossosriachos\/rios\/wp-json\/wp\/v2\/pages"}],"about":[{"href":"http:\/\/nossacasa.net\/nossosriachos\/rios\/wp-json\/wp\/v2\/types\/page"}],"author":[{"embeddable":true,"href":"http:\/\/nossacasa.net\/nossosriachos\/rios\/wp-json\/wp\/v2\/users\/1"}],"replies":[{"embeddable":true,"href":"http:\/\/nossacasa.net\/nossosriachos\/rios\/wp-json\/wp\/v2\/comments?post=151"}],"version-history":[{"count":2,"href":"http:\/\/nossacasa.net\/nossosriachos\/rios\/wp-json\/wp\/v2\/pages\/151\/revisions"}],"predecessor-version":[{"id":155,"href":"http:\/\/nossacasa.net\/nossosriachos\/rios\/wp-json\/wp\/v2\/pages\/151\/revisions\/155"}],"wp:featuredmedia":[{"embeddable":true,"href":"http:\/\/nossacasa.net\/nossosriachos\/rios\/wp-json\/wp\/v2\/media\/152"}],"wp:attachment":[{"href":"http:\/\/nossacasa.net\/nossosriachos\/rios\/wp-json\/wp\/v2\/media?parent=151"}],"curies":[{"name":"wp","href":"https:\/\/api.w.org\/{rel}","templated":true}]}}