{"id":1533,"date":"2019-09-10T15:11:51","date_gmt":"2019-09-10T18:11:51","guid":{"rendered":"http:\/\/nossacasa.net\/nossosriachos\/rios\/?page_id=1533"},"modified":"2019-09-18T15:51:48","modified_gmt":"2019-09-18T18:51:48","slug":"hyphessobrycon","status":"publish","type":"page","link":"http:\/\/nossacasa.net\/nossosriachos\/rios\/hyphessobrycon\/","title":{"rendered":"Hyphessobrycon"},"content":{"rendered":"<div style=\"text-align: justify;\">\n<h1>Os <em>Hyphessobrycon<\/em> Durbin in Eigenmann, 1908 <\/h1>\n<p><img loading=\"lazy\" decoding=\"async\" src=\"http:\/\/nossacasa.net\/nossosriachos\/rios\/wp-content\/uploads\/sites\/8\/2019\/09\/Hyphessobrycon.png\" alt=\"\" width=\"800\" height=\"392\" class=\"aligncenter size-full wp-image-3014\" srcset=\"http:\/\/nossacasa.net\/nossosriachos\/rios\/wp-content\/uploads\/sites\/8\/2019\/09\/Hyphessobrycon.png 800w, http:\/\/nossacasa.net\/nossosriachos\/rios\/wp-content\/uploads\/sites\/8\/2019\/09\/Hyphessobrycon-300x147.png 300w, http:\/\/nossacasa.net\/nossosriachos\/rios\/wp-content\/uploads\/sites\/8\/2019\/09\/Hyphessobrycon-768x376.png 768w, http:\/\/nossacasa.net\/nossosriachos\/rios\/wp-content\/uploads\/sites\/8\/2019\/09\/Hyphessobrycon-500x245.png 500w\" sizes=\"auto, (max-width: 800px) 100vw, 800px\" \/><\/p>\n<p>Algumas caracter\u00edsticas do g\u00eanero <em>Hyphessobrycon<\/em> est\u00e3o indicadas na figura acima.<\/p>\n<p><em>Hyphessobrycon<\/em> corresponde ao mais especioso g\u00eanero na fam\u00edlia <a href=\"http:\/\/nossacasa.net\/nossosriachos\/rios\/characidae\/\">Characidae<\/a>, com 144 esp\u00e9cies v\u00e1lidas (Eschmeyer &#038; Fricke 2019). <\/p>\n<p>Diversos tipos morfol\u00f3gicos est\u00e3o alinhados sob este nome, e muito possivelmente n\u00e3o derivados de uma \u00fanica linhagem (G\u00e9ry, 1977).<\/p>\n<p>Diante da j\u00e1 ent\u00e3o grande variedade de formas em seu tempo, G\u00e9ry, 1977 separou as esp\u00e9cies de acordo com o padr\u00e3o de colorido:<br \/>\na. esp\u00e9cies sem manchas escuras no corpo;<br \/>\nb. esp\u00e9cies com uma ou duas m\u00e1culas umerais;<br \/>\nc. esp\u00e9cies com uma m\u00e1cula caudal;<br \/>\nd. esp\u00e9cies com m\u00e1culas umeral e caudal;<br \/>\ne. esp\u00e9cies com uma faixa escura que se estende desde a regi\u00e3o anterior do corpo, pouco atr\u00e1s da cabe\u00e7a, at\u00e9 o ped\u00fanculo caudal;<br \/>\nf. esp\u00e9cies com uma mancha escura na nadadeira dorsal.<br \/>\nMuitos autores subsequentes nortearam novas descri\u00e7\u00f5es com base nos padr\u00f5es de colorido propostos por G\u00e9ry (Carvalho, 2006). <\/p>\n<p>Na regi\u00e3o dos tabuleiros peixes <em>Hyphessobrycon<\/em> s\u00e3o reconhecidos por possu\u00edrem dentes pequenos, cuspidados; numerosos raios na nadadeira anal, entre 18 a 24 raios ramificados e ainda a linha lateral incompleta. <\/p>\n<p>O g\u00eanero <em>Hyphessobrycon<\/em> \u00e9 um dos oito g\u00eaneros da fam\u00edlia <a href=\"http:\/\/nossacasa.net\/nossosriachos\/rios\/characidae\/\">Characidae<\/a> representante dos <a href=\"http:\/\/nossacasa.net\/nossosriachos\/rios\/characiformes\/\">Characiformes<\/a> nas regi\u00f5es dos tabuleiros. <\/p>\n<p>Na regi\u00e3o dos tabuleiros da Mata Atl\u00e2ntica se encontra uma esp\u00e9cie e uma esp\u00e9cie potencial nova do g\u00eanero <em>Hyphessobrycon<\/em>:  .<br \/>\n<a href=\"http:\/\/nossacasa.net\/nossosriachos\/rios\/hyphessobrycon-aff-boulengeri\/\">Hyphessobrycon aff. boulengeri<\/a> e <a href=\"http:\/\/nossacasa.net\/nossosriachos\/rios\/hyphessobrycon-bifasciatus\/\">Hyphessobrycon bifasciatus<\/a><\/p>\n<hr>\n<p><a href=\"http:\/\/nossacasa.net\/nossosriachos\/rios\/chave-de-hyphessobrycon\/\"><strong>CHAVE DE <em>HYPHESSOBRYCON<\/strong><\/em><\/a><\/p>\n<hr>\n<\/div>\n","protected":false},"excerpt":{"rendered":"<p>Os Hyphessobrycon Durbin in Eigenmann, 1908 Algumas caracter\u00edsticas do g\u00eanero Hyphessobrycon est\u00e3o indicadas na figura acima. Hyphessobrycon corresponde ao mais especioso g\u00eanero na fam\u00edlia Characidae, com 144 esp\u00e9cies v\u00e1lidas (Eschmeyer &#038; Fricke 2019). Diversos tipos morfol\u00f3gicos est\u00e3o alinhados sob este &hellip; <a href=\"http:\/\/nossacasa.net\/nossosriachos\/rios\/hyphessobrycon\/\">Continue lendo <span class=\"meta-nav\">&rarr;<\/span><\/a><\/p>\n","protected":false},"author":1,"featured_media":0,"parent":0,"menu_order":0,"comment_status":"closed","ping_status":"closed","template":"","meta":{"footnotes":""},"class_list":["post-1533","page","type-page","status-publish","hentry"],"_links":{"self":[{"href":"http:\/\/nossacasa.net\/nossosriachos\/rios\/wp-json\/wp\/v2\/pages\/1533","targetHints":{"allow":["GET"]}}],"collection":[{"href":"http:\/\/nossacasa.net\/nossosriachos\/rios\/wp-json\/wp\/v2\/pages"}],"about":[{"href":"http:\/\/nossacasa.net\/nossosriachos\/rios\/wp-json\/wp\/v2\/types\/page"}],"author":[{"embeddable":true,"href":"http:\/\/nossacasa.net\/nossosriachos\/rios\/wp-json\/wp\/v2\/users\/1"}],"replies":[{"embeddable":true,"href":"http:\/\/nossacasa.net\/nossosriachos\/rios\/wp-json\/wp\/v2\/comments?post=1533"}],"version-history":[{"count":5,"href":"http:\/\/nossacasa.net\/nossosriachos\/rios\/wp-json\/wp\/v2\/pages\/1533\/revisions"}],"predecessor-version":[{"id":3077,"href":"http:\/\/nossacasa.net\/nossosriachos\/rios\/wp-json\/wp\/v2\/pages\/1533\/revisions\/3077"}],"wp:attachment":[{"href":"http:\/\/nossacasa.net\/nossosriachos\/rios\/wp-json\/wp\/v2\/media?parent=1533"}],"curies":[{"name":"wp","href":"https:\/\/api.w.org\/{rel}","templated":true}]}}