{"id":156,"date":"2018-02-22T10:39:59","date_gmt":"2018-02-22T13:39:59","guid":{"rendered":"http:\/\/nossacasa.net\/nossosriachos\/rios\/?page_id=156"},"modified":"2018-02-22T14:51:50","modified_gmt":"2018-02-22T17:51:50","slug":"bacia-do-sergipe","status":"publish","type":"page","link":"http:\/\/nossacasa.net\/nossosriachos\/rios\/bacia-do-sergipe\/","title":{"rendered":"Bacia do Sergipe"},"content":{"rendered":"<div style=\"text-align:justify\">\n<img loading=\"lazy\" decoding=\"async\" src=\"http:\/\/nossacasa.net\/nossosriachos\/rios\/wp-content\/uploads\/sites\/8\/2018\/02\/07_03_Bacia-do-Sergipe.png\" alt=\"\" width=\"800\" height=\"501\" class=\"aligncenter size-full wp-image-157\" srcset=\"http:\/\/nossacasa.net\/nossosriachos\/rios\/wp-content\/uploads\/sites\/8\/2018\/02\/07_03_Bacia-do-Sergipe.png 800w, http:\/\/nossacasa.net\/nossosriachos\/rios\/wp-content\/uploads\/sites\/8\/2018\/02\/07_03_Bacia-do-Sergipe-300x188.png 300w, http:\/\/nossacasa.net\/nossosriachos\/rios\/wp-content\/uploads\/sites\/8\/2018\/02\/07_03_Bacia-do-Sergipe-768x481.png 768w, http:\/\/nossacasa.net\/nossosriachos\/rios\/wp-content\/uploads\/sites\/8\/2018\/02\/07_03_Bacia-do-Sergipe-479x300.png 479w\" sizes=\"auto, (max-width: 800px) 100vw, 800px\" \/><br \/>\n<strong>Bacia do Sergipe (07.03)<\/strong><br \/>\nBacia costeira formadas pelo rio Sergipe.<br \/>\n<strong>Limites<\/strong><br \/>\nNorte: Bacia do S\u00e3o Francisco e do Japaratuba<br \/>\nOeste: Bacia do S\u00e3o Francisco<br \/>\nSul: Bacia do Vaza Barris<br \/>\nLeste: Oceano Atl\u00e2ntico<\/p>\n<p>Superf\u00edcie total: 3.441 Km<sup>2<\/sup>  Per\u00edmetro: 317 Km<br \/>\n<strong>Rio Sergipe<\/strong><br \/>\nComprimento: 200 Km<br \/>\nCoordenadas da nascente: Latitude: -10,136154\u00b0 &#8211; Longitude: -37.769523\u00b0 &#8211; altitude: 301 m<br \/>\nCoordenadas da foz: Latitude: -10,960197\u00b0 &#8211; Longitude: -37,032002\u00b0<\/p>\n<p><strong>Afluentes (da nascente para a foz)<\/strong><br \/>\n<strong>Rio das Lajes (margem direita)<\/strong><br \/>\nComprimento:  Km<br \/>\nCoordenadas da nascente: Latitude:  &#8211; Longitude:  &#8211; altitude:  m<br \/>\nCoordenadas da foz: Latitude:  &#8211; Longitude:   &#8211; altitude:  m<\/p>\n<p><strong>Rio Sovac\u00e3o (margem direita)<\/strong><br \/>\nComprimento:  Km<br \/>\nCoordenadas da nascente: Latitude:  &#8211; Longitude:  &#8211; altitude:  m<br \/>\nCoordenadas da foz: Latitude:  &#8211; Longitude:   &#8211; altitude:  m<\/p>\n<p><strong>Rio S\u00e3o Domingos (margem esquerda)<\/strong><br \/>\nComprimento:  Km<br \/>\nCoordenadas da nascente: Latitude:  &#8211; Longitude:  &#8211; altitude:  m<br \/>\nCoordenadas da foz: Latitude:  &#8211; Longitude:   &#8211; altitude:  m<\/p>\n<p><strong>Rio Salgado (margem esquerda)<\/strong><br \/>\nComprimento:  Km<br \/>\nCoordenadas da nascente: Latitude:  &#8211; Longitude:  &#8211; altitude:  m<br \/>\nCoordenadas da foz: Latitude:  &#8211; Longitude:   &#8211; altitude:  m<\/p>\n<p><strong>Rio Campanha (margem direira)<\/strong><br \/>\nComprimento:  Km<br \/>\nCoordenadas da nascente: Latitude:  &#8211; Longitude:  &#8211; altitude:  m<br \/>\nCoordenadas da foz: Latitude:  &#8211; Longitude:   &#8211; altitude:  m<\/p>\n<p><strong>Rio Doce (margem esquerda)<\/strong><br \/>\nComprimento:  Km<br \/>\nCoordenadas da nascente: Latitude:  &#8211; Longitude:  &#8211; altitude:  m<br \/>\nCoordenadas da foz: Latitude:  &#8211; Longitude:   &#8211; altitude:  m<\/p>\n<p><strong>C\u00f3rrego do C\u00e1gado (margem esquerda)<\/strong><br \/>\nComprimento:  Km<br \/>\nCoordenadas da nascente: Latitude:  &#8211; Longitude:  &#8211; altitude:  m<br \/>\nCoordenadas da foz: Latitude:  &#8211; Longitude:   &#8211; altitude:  m<\/p>\n<p><strong>Rio Jacoca<\/strong><br \/>\nComprimento: 200 Km<br \/>\nCoordenadas da nascente: Latitude: -10,136154\u00b0 &#8211; Longitude: -37.769523\u00b0 &#8211; altitude: 301 m<br \/>\nCoordenadas da foz: Latitude: -10,960197\u00b0 &#8211; Longitude: -37,032002\u00b0<\/p>\n<p>Rio Vermelho<br \/>\nRio Jacarecica<br \/>\nRio Pitanga<br \/>\nRio Poxim<\/p>\n<p>Pela margem esquerda<br \/>\nRio Salgado<br \/>\nRio C\u00e1gado<br \/>\nRio Ganhamoroba<br \/>\nRio Parnamirim<br \/>\nRio Pomomba<br \/>\nLagoa dos Mastros<br \/>\nA\u00e7ude da Macela<br \/>\nBarragens Jacarecica I e II.<\/p>\n<p><strong>Munic\u00edpios<\/strong><br \/>\nA bacia hidrogr\u00e1fica do rio Sergipe \u00e9 constitu\u00edda por 26 munic\u00edpios, dos quais oito possuem suas terras inseridas integralmente na \u00e1rea da bacia: Laranjeiras, Nossa Senhora Aparecida, Malhador, Riachuelo, Santa Rosa de Lima, Moita Bonita, S\u00e3o Miguel do Aleixo e Nossa Senhora do Socorro. Os demais est\u00e3o parcialmente inseridos, destacando-se Aracaju, Areia Branca, Barra dos Coqueiros, Carira, Divina Pastora, Feira Nova, Frei Paulo, Graccho Cardoso, Itabaiana, Itaporanga d&#8217;Ajuda, Maruim, Nossa Senhora da Gl\u00f3ria, Nossa Senhora das Dores, Ros\u00e1rio do Catete, Santo Amaro das Brotas, S\u00e3o Crist\u00f3v\u00e3o, Siriri e Ribeir\u00f3polis. <\/p>\n<\/div>\n","protected":false},"excerpt":{"rendered":"<p>Bacia do Sergipe (07.03) Bacia costeira formadas pelo rio Sergipe. Limites Norte: Bacia do S\u00e3o Francisco e do Japaratuba Oeste: Bacia do S\u00e3o Francisco Sul: Bacia do Vaza Barris Leste: Oceano Atl\u00e2ntico Superf\u00edcie total: 3.441 Km2 Per\u00edmetro: 317 Km Rio &hellip; <a href=\"http:\/\/nossacasa.net\/nossosriachos\/rios\/bacia-do-sergipe\/\">Continue lendo <span class=\"meta-nav\">&rarr;<\/span><\/a><\/p>\n","protected":false},"author":1,"featured_media":157,"parent":0,"menu_order":0,"comment_status":"closed","ping_status":"closed","template":"","meta":{"footnotes":""},"class_list":["post-156","page","type-page","status-publish","has-post-thumbnail","hentry"],"_links":{"self":[{"href":"http:\/\/nossacasa.net\/nossosriachos\/rios\/wp-json\/wp\/v2\/pages\/156","targetHints":{"allow":["GET"]}}],"collection":[{"href":"http:\/\/nossacasa.net\/nossosriachos\/rios\/wp-json\/wp\/v2\/pages"}],"about":[{"href":"http:\/\/nossacasa.net\/nossosriachos\/rios\/wp-json\/wp\/v2\/types\/page"}],"author":[{"embeddable":true,"href":"http:\/\/nossacasa.net\/nossosriachos\/rios\/wp-json\/wp\/v2\/users\/1"}],"replies":[{"embeddable":true,"href":"http:\/\/nossacasa.net\/nossosriachos\/rios\/wp-json\/wp\/v2\/comments?post=156"}],"version-history":[{"count":4,"href":"http:\/\/nossacasa.net\/nossosriachos\/rios\/wp-json\/wp\/v2\/pages\/156\/revisions"}],"predecessor-version":[{"id":161,"href":"http:\/\/nossacasa.net\/nossosriachos\/rios\/wp-json\/wp\/v2\/pages\/156\/revisions\/161"}],"wp:featuredmedia":[{"embeddable":true,"href":"http:\/\/nossacasa.net\/nossosriachos\/rios\/wp-json\/wp\/v2\/media\/157"}],"wp:attachment":[{"href":"http:\/\/nossacasa.net\/nossosriachos\/rios\/wp-json\/wp\/v2\/media?parent=156"}],"curies":[{"name":"wp","href":"https:\/\/api.w.org\/{rel}","templated":true}]}}