{"id":16,"date":"2018-02-13T12:39:11","date_gmt":"2018-02-13T14:39:11","guid":{"rendered":"http:\/\/nossacasa.net\/nossosriachos\/rios\/?page_id=16"},"modified":"2018-02-14T14:57:37","modified_gmt":"2018-02-14T16:57:37","slug":"bacia-amazonica","status":"publish","type":"page","link":"http:\/\/nossacasa.net\/nossosriachos\/rios\/bacia-amazonica\/","title":{"rendered":"Bacia Amaz\u00f4nica"},"content":{"rendered":"<div style=\"text-align:justify\">\n<img loading=\"lazy\" decoding=\"async\" src=\"http:\/\/nossacasa.net\/nossosriachos\/rios\/wp-content\/uploads\/sites\/8\/2018\/02\/amazonica-300x296.jpg\" alt=\"\" width=\"300\" height=\"296\" class=\"aligncenter size-medium wp-image-67\" srcset=\"http:\/\/nossacasa.net\/nossosriachos\/rios\/wp-content\/uploads\/sites\/8\/2018\/02\/amazonica-300x296.jpg 300w, http:\/\/nossacasa.net\/nossosriachos\/rios\/wp-content\/uploads\/sites\/8\/2018\/02\/amazonica-304x300.jpg 304w, http:\/\/nossacasa.net\/nossosriachos\/rios\/wp-content\/uploads\/sites\/8\/2018\/02\/amazonica-50x50.jpg 50w, http:\/\/nossacasa.net\/nossosriachos\/rios\/wp-content\/uploads\/sites\/8\/2018\/02\/amazonica.jpg 314w\" sizes=\"auto, (max-width: 300px) 100vw, 300px\" \/><br \/>\n<strong>Regi\u00e3o Hidrogr\u00e1fica Amaz\u00f4nica<\/strong><\/p>\n<p>A Regi\u00e3o Hidrogr\u00e1fica Amaz\u00f4nica \u00e9 constitu\u00edda pela bacia hidrogr\u00e1fica do rio Amazonas situada no territ\u00f3rio nacional e, tamb\u00e9m, pelas bacias hidrogr\u00e1ficas dos rios existentes na Ilha de Maraj\u00f3, al\u00e9m das bacias hidrogr\u00e1ficas dos rios situados no Estado do Amap\u00e1 que des\u00e1guam no Atl\u00e2ntico Norte.<\/p>\n<hr>\n<p>Considerada a rede hidrogr\u00e1fica mais extensa do mundo, a Bacia Amaz\u00f4nica ocupa uma \u00e1rea total de 7.008.370 km2. Esta \u00e1rea vai desde as nascentes, nos Andes Peruanos, at\u00e9 sua foz (local onde o rio des\u00e1gua) no Oceano Atl\u00e2ntico &#8211; 64,88% (ou 3.843.402 km2) desse total ficam em territ\u00f3rio brasileiro e o restante est\u00e1 dividido entre a Col\u00f4mbia (16,14%), Bol\u00edvia (15,61%), Equador (2,31%), Guiana (1,35%), Peru (0,60%) e Venezuela (0,11%).<\/p>\n<p>No Brasil, a Bacia Amaz\u00f4nica \u00e9 compartilhada por sete Estados &#8211; Acre, Amazonas, Amap\u00e1, Rond\u00f4nia, Roraima, Par\u00e1 e Mato Grosso. Seus principais rios s\u00e3o Javari, Purus, Madeira, Tapaj\u00f3s e Xing\u00fa (pela margem direita) e I\u00e7a, Japur\u00e1, Negro, Trombetas, Paru e o Jar\u00ed (pela margem esquerda).\n<\/p><\/div>\n<p>Fonte: <a href=\"http:\/\/www.mma.gov.br\/sitio\/index.php?ido=conteudo.monta&#038;idEstrutura=161&#038;idConteudo=9513\" rel=\"noopener\" target=\"_blank\">Plano Nacional de Recursos H\u00eddricos<\/a><\/p>\n","protected":false},"excerpt":{"rendered":"<p>Regi\u00e3o Hidrogr\u00e1fica Amaz\u00f4nica A Regi\u00e3o Hidrogr\u00e1fica Amaz\u00f4nica \u00e9 constitu\u00edda pela bacia hidrogr\u00e1fica do rio Amazonas situada no territ\u00f3rio nacional e, tamb\u00e9m, pelas bacias hidrogr\u00e1ficas dos rios existentes na Ilha de Maraj\u00f3, al\u00e9m das bacias hidrogr\u00e1ficas dos rios situados no Estado &hellip; <a href=\"http:\/\/nossacasa.net\/nossosriachos\/rios\/bacia-amazonica\/\">Continue lendo <span class=\"meta-nav\">&rarr;<\/span><\/a><\/p>\n","protected":false},"author":1,"featured_media":67,"parent":0,"menu_order":0,"comment_status":"closed","ping_status":"closed","template":"","meta":{"footnotes":""},"class_list":["post-16","page","type-page","status-publish","has-post-thumbnail","hentry"],"_links":{"self":[{"href":"http:\/\/nossacasa.net\/nossosriachos\/rios\/wp-json\/wp\/v2\/pages\/16","targetHints":{"allow":["GET"]}}],"collection":[{"href":"http:\/\/nossacasa.net\/nossosriachos\/rios\/wp-json\/wp\/v2\/pages"}],"about":[{"href":"http:\/\/nossacasa.net\/nossosriachos\/rios\/wp-json\/wp\/v2\/types\/page"}],"author":[{"embeddable":true,"href":"http:\/\/nossacasa.net\/nossosriachos\/rios\/wp-json\/wp\/v2\/users\/1"}],"replies":[{"embeddable":true,"href":"http:\/\/nossacasa.net\/nossosriachos\/rios\/wp-json\/wp\/v2\/comments?post=16"}],"version-history":[{"count":8,"href":"http:\/\/nossacasa.net\/nossosriachos\/rios\/wp-json\/wp\/v2\/pages\/16\/revisions"}],"predecessor-version":[{"id":103,"href":"http:\/\/nossacasa.net\/nossosriachos\/rios\/wp-json\/wp\/v2\/pages\/16\/revisions\/103"}],"wp:featuredmedia":[{"embeddable":true,"href":"http:\/\/nossacasa.net\/nossosriachos\/rios\/wp-json\/wp\/v2\/media\/67"}],"wp:attachment":[{"href":"http:\/\/nossacasa.net\/nossosriachos\/rios\/wp-json\/wp\/v2\/media?parent=16"}],"curies":[{"name":"wp","href":"https:\/\/api.w.org\/{rel}","templated":true}]}}