{"id":1615,"date":"2019-09-10T19:48:56","date_gmt":"2019-09-10T22:48:56","guid":{"rendered":"http:\/\/nossacasa.net\/nossosriachos\/rios\/?page_id=1615"},"modified":"2019-09-20T18:19:22","modified_gmt":"2019-09-20T21:19:22","slug":"mimagoniates-sylvicola","status":"publish","type":"page","link":"http:\/\/nossacasa.net\/nossosriachos\/rios\/mimagoniates-sylvicola\/","title":{"rendered":"Mimagoniates sylvicola"},"content":{"rendered":"<div style=\"text-align: justify;\">\n<h1><em><em>Mimagoniates sylvicola<\/em> Menezes and Weitzman, 1990<\/h1>\n<div id=\"attachment_3150\" style=\"width: 810px\" class=\"wp-caption aligncenter\"><img loading=\"lazy\" decoding=\"async\" aria-describedby=\"caption-attachment-3150\" src=\"http:\/\/nossacasa.net\/nossosriachos\/rios\/wp-content\/uploads\/sites\/8\/2019\/09\/Mimagoniates-sylvicola.png\" alt=\"\" width=\"800\" height=\"273\" class=\"size-full wp-image-3150\" srcset=\"http:\/\/nossacasa.net\/nossosriachos\/rios\/wp-content\/uploads\/sites\/8\/2019\/09\/Mimagoniates-sylvicola.png 800w, http:\/\/nossacasa.net\/nossosriachos\/rios\/wp-content\/uploads\/sites\/8\/2019\/09\/Mimagoniates-sylvicola-300x102.png 300w, http:\/\/nossacasa.net\/nossosriachos\/rios\/wp-content\/uploads\/sites\/8\/2019\/09\/Mimagoniates-sylvicola-768x262.png 768w, http:\/\/nossacasa.net\/nossosriachos\/rios\/wp-content\/uploads\/sites\/8\/2019\/09\/Mimagoniates-sylvicola-500x171.png 500w\" sizes=\"auto, (max-width: 800px) 100vw, 800px\" \/><p id=\"caption-attachment-3150\" class=\"wp-caption-text\">Foto: L.M. Sarmento-Soares<\/p><\/div>\n<p>Algumas caracter\u00edsticas da esp\u00e9cie <em>Mimagoniates sylvicolas<\/em> est\u00e3o indicadas na figura acima.<\/p>\n<p>Peixes <em>Mimagoniates sylvicola<\/em> possuem faixa lateral escura estreita e uma m\u00e1cula arredondada na base da cauda. Corpo proporcionalmente alto, altura do corpo entre 25 e 27% no comprimento padr\u00e3o. Nadadeira anal com 25 a 26 raios ramificados. Diminutas escamas na linha lateral, entre 46 e 49 escamas.<\/p>\n<p>Juvenis de M<em>imagoniates sylvicola<\/em> se confundem facilmente com os da cong\u00eanere <em>Mimagoniates microlepis<\/em>. Em ambas esp\u00e9cies os juvenis s\u00e3o despigmentados, a faixa lateral \u00e9 esmaecida. Mas sob amplia\u00e7\u00e3o em lupa \u00e9 poss\u00edvel pra ver os cromat\u00f3foros formando faixa estreita  com uma mancha arredondada no ped\u00fanculo caudal em <em>M. sylvicola<\/em> (vs. faixa larga cont\u00ednua em M. microlepis). <\/p>\n<p>Em vida ambas esp\u00e9cies se diferenciam facilmente. Apesar de ambas esp\u00e9cies ocorrerem no mesmo tipo de ambiente, <em>Mimagoniates sylvicola<\/em> tem a cor amarelada enquanto que <em>M. microlepis<\/em> \u00e9 predominantemente azulada. <\/p>\n<p>Apesar de habitarem as mesmas bacias hidrogr\u00e1ficas, <em>Mimagoniates sylvicola<\/em> e <em>Mimagoniates microlepis<\/em> n\u00e3o foram encontradas coexistindo.  <\/p>\n<p>Nos tabuleiros <em>Mimagoniates sylvicola<\/em> ocorre associada a riachos florestados, sombreados, com \u00e1gua limpa, oxigenada. S\u00e3o peixes delicados e fr\u00e1geis, e precisam de ambientes \u00edntegros para sobreviver. <\/p>\n<p>A esp\u00e9cie <em>Mimagoniates sylvicola<\/em> \u00e9 uma das duas representante do g\u00eanero <a href=\"http:\/\/nossacasa.net\/nossosriachos\/rios\/mimagoniates\/\">Mimagoniates<\/a> da fam\u00edlia <a href=\"http:\/\/nossacasa.net\/nossosriachos\/rios\/characidae\/\">Characidae<\/a> nas regi\u00f5es dos tabuleiros.  <\/p>\n<\/div>\n","protected":false},"excerpt":{"rendered":"<p>Mimagoniates sylvicola Menezes and Weitzman, 1990 Algumas caracter\u00edsticas da esp\u00e9cie Mimagoniates sylvicolas est\u00e3o indicadas na figura acima. Peixes Mimagoniates sylvicola possuem faixa lateral escura estreita e uma m\u00e1cula arredondada na base da cauda. Corpo proporcionalmente alto, altura do corpo entre &hellip; <a href=\"http:\/\/nossacasa.net\/nossosriachos\/rios\/mimagoniates-sylvicola\/\">Continue lendo <span class=\"meta-nav\">&rarr;<\/span><\/a><\/p>\n","protected":false},"author":1,"featured_media":3150,"parent":0,"menu_order":0,"comment_status":"closed","ping_status":"closed","template":"","meta":{"footnotes":""},"class_list":["post-1615","page","type-page","status-publish","has-post-thumbnail","hentry"],"_links":{"self":[{"href":"http:\/\/nossacasa.net\/nossosriachos\/rios\/wp-json\/wp\/v2\/pages\/1615","targetHints":{"allow":["GET"]}}],"collection":[{"href":"http:\/\/nossacasa.net\/nossosriachos\/rios\/wp-json\/wp\/v2\/pages"}],"about":[{"href":"http:\/\/nossacasa.net\/nossosriachos\/rios\/wp-json\/wp\/v2\/types\/page"}],"author":[{"embeddable":true,"href":"http:\/\/nossacasa.net\/nossosriachos\/rios\/wp-json\/wp\/v2\/users\/1"}],"replies":[{"embeddable":true,"href":"http:\/\/nossacasa.net\/nossosriachos\/rios\/wp-json\/wp\/v2\/comments?post=1615"}],"version-history":[{"count":3,"href":"http:\/\/nossacasa.net\/nossosriachos\/rios\/wp-json\/wp\/v2\/pages\/1615\/revisions"}],"predecessor-version":[{"id":3155,"href":"http:\/\/nossacasa.net\/nossosriachos\/rios\/wp-json\/wp\/v2\/pages\/1615\/revisions\/3155"}],"wp:featuredmedia":[{"embeddable":true,"href":"http:\/\/nossacasa.net\/nossosriachos\/rios\/wp-json\/wp\/v2\/media\/3150"}],"wp:attachment":[{"href":"http:\/\/nossacasa.net\/nossosriachos\/rios\/wp-json\/wp\/v2\/media?parent=1615"}],"curies":[{"name":"wp","href":"https:\/\/api.w.org\/{rel}","templated":true}]}}