{"id":1623,"date":"2019-09-10T20:49:30","date_gmt":"2019-09-10T23:49:30","guid":{"rendered":"http:\/\/nossacasa.net\/nossosriachos\/rios\/?page_id=1623"},"modified":"2019-09-20T18:31:59","modified_gmt":"2019-09-20T21:31:59","slug":"moenkhausia-vittata","status":"publish","type":"page","link":"http:\/\/nossacasa.net\/nossosriachos\/rios\/moenkhausia-vittata\/","title":{"rendered":"Moenkhausia vittata"},"content":{"rendered":"<div style=\"text-align: justify;\">\n<h1><em>Moenkhausia vittata<\/em> (Castelnau 1855)<\/h1>\n<div id=\"attachment_3160\" style=\"width: 810px\" class=\"wp-caption aligncenter\"><a href=\"Foto: L.M. Sarmento-Soares\"><img loading=\"lazy\" decoding=\"async\" aria-describedby=\"caption-attachment-3160\" src=\"http:\/\/nossacasa.net\/nossosriachos\/rios\/wp-content\/uploads\/sites\/8\/2019\/09\/Moenkhausia-vittata.png\" alt=\"\" width=\"800\" height=\"374\" class=\"size-full wp-image-3160\" srcset=\"http:\/\/nossacasa.net\/nossosriachos\/rios\/wp-content\/uploads\/sites\/8\/2019\/09\/Moenkhausia-vittata.png 800w, http:\/\/nossacasa.net\/nossosriachos\/rios\/wp-content\/uploads\/sites\/8\/2019\/09\/Moenkhausia-vittata-300x140.png 300w, http:\/\/nossacasa.net\/nossosriachos\/rios\/wp-content\/uploads\/sites\/8\/2019\/09\/Moenkhausia-vittata-768x359.png 768w, http:\/\/nossacasa.net\/nossosriachos\/rios\/wp-content\/uploads\/sites\/8\/2019\/09\/Moenkhausia-vittata-500x234.png 500w\" sizes=\"auto, (max-width: 800px) 100vw, 800px\" \/><\/a><p id=\"caption-attachment-3160\" class=\"wp-caption-text\">Foto: L.M. Sarmento-Soares<\/p><\/div>\n<p>Algumas caracter\u00edsticas da esp\u00e9cie <em>Moenkhausia vittata<\/em> est\u00e3o indicadas na figura acima.<\/p>\n<p><em>Moenkhausia vittata<\/em> distingue-se das demais cong\u00eaneres por apresentar uma nadadeira anal longa, com 29 a 34 raios ramificados; 4 a 7 dentes no maxilar e 7 a 8 s\u00e9ries horizontais de escamas acima da linha lateral at\u00e9 a origem da nadadeira dorsal (Carvalho et al., 2014). <\/p>\n<p>Nos \u00faltimos anos a redescoberta do tipo de <em>Tetragonopterus vittatus<\/em> originalmente descrita por Castelnau permitiu reavaliar o status taxon\u00f4mico da esp\u00e9cie at\u00e9 ent\u00e3o conhecida para os tabuleiros. <em>Moenkhausia doceana<\/em>, foi assinalada como sin\u00f4nimo j\u00fanior de <em>Moenkhausia vittata<\/em> (Malabarba, 2016). <\/p>\n<p>A esp\u00e9cie <em>Moenkhausia vittata<\/em> \u00e9 a \u00fanica representante do g\u00eanero <a href=\"http:\/\/nossacasa.net\/nossosriachos\/rios\/moenkhausia\/\">Moenkhausia<\/a> da fam\u00edlia <a href=\"http:\/\/nossacasa.net\/nossosriachos\/rios\/characidae\/\">Characidae<\/a> nas regi\u00f5es dos tabuleiros.  <\/p>\n<\/div>\n","protected":false},"excerpt":{"rendered":"<p>Moenkhausia vittata (Castelnau 1855) Algumas caracter\u00edsticas da esp\u00e9cie Moenkhausia vittata est\u00e3o indicadas na figura acima. Moenkhausia vittata distingue-se das demais cong\u00eaneres por apresentar uma nadadeira anal longa, com 29 a 34 raios ramificados; 4 a 7 dentes no maxilar e &hellip; <a href=\"http:\/\/nossacasa.net\/nossosriachos\/rios\/moenkhausia-vittata\/\">Continue lendo <span class=\"meta-nav\">&rarr;<\/span><\/a><\/p>\n","protected":false},"author":1,"featured_media":3160,"parent":0,"menu_order":0,"comment_status":"closed","ping_status":"closed","template":"","meta":{"footnotes":""},"class_list":["post-1623","page","type-page","status-publish","has-post-thumbnail","hentry"],"_links":{"self":[{"href":"http:\/\/nossacasa.net\/nossosriachos\/rios\/wp-json\/wp\/v2\/pages\/1623","targetHints":{"allow":["GET"]}}],"collection":[{"href":"http:\/\/nossacasa.net\/nossosriachos\/rios\/wp-json\/wp\/v2\/pages"}],"about":[{"href":"http:\/\/nossacasa.net\/nossosriachos\/rios\/wp-json\/wp\/v2\/types\/page"}],"author":[{"embeddable":true,"href":"http:\/\/nossacasa.net\/nossosriachos\/rios\/wp-json\/wp\/v2\/users\/1"}],"replies":[{"embeddable":true,"href":"http:\/\/nossacasa.net\/nossosriachos\/rios\/wp-json\/wp\/v2\/comments?post=1623"}],"version-history":[{"count":6,"href":"http:\/\/nossacasa.net\/nossosriachos\/rios\/wp-json\/wp\/v2\/pages\/1623\/revisions"}],"predecessor-version":[{"id":3163,"href":"http:\/\/nossacasa.net\/nossosriachos\/rios\/wp-json\/wp\/v2\/pages\/1623\/revisions\/3163"}],"wp:featuredmedia":[{"embeddable":true,"href":"http:\/\/nossacasa.net\/nossosriachos\/rios\/wp-json\/wp\/v2\/media\/3160"}],"wp:attachment":[{"href":"http:\/\/nossacasa.net\/nossosriachos\/rios\/wp-json\/wp\/v2\/media?parent=1623"}],"curies":[{"name":"wp","href":"https:\/\/api.w.org\/{rel}","templated":true}]}}