{"id":1633,"date":"2019-09-10T21:09:16","date_gmt":"2019-09-11T00:09:16","guid":{"rendered":"http:\/\/nossacasa.net\/nossosriachos\/rios\/?page_id=1633"},"modified":"2019-09-10T21:09:16","modified_gmt":"2019-09-11T00:09:16","slug":"oligosarcus-acutirostris","status":"publish","type":"page","link":"http:\/\/nossacasa.net\/nossosriachos\/rios\/oligosarcus-acutirostris\/","title":{"rendered":"Oligosarcus acutirostris"},"content":{"rendered":"<div style=\"text-align: justify;\">\n<h1><em>Oligosarcus acutirostris<\/em> Menezes, 1987<\/h1>\n<p>Algumas caracter\u00edsticas da esp\u00e9cie <em>Oligosarcus acutirostris<\/em> est\u00e3o indicadas na figura acima.<\/p>\n<p>A esp\u00e9cie <em>Oligosarcus acutirostris<\/em> \u00e9 a \u00fanica representante do g\u00eanero <a href=\"http:\/\/nossacasa.net\/nossosriachos\/rios\/oligosarcus\/\">Oligosarcus<\/a> da fam\u00edlia <a href=\"http:\/\/nossacasa.net\/nossosriachos\/rios\/characidae\/\">Characidae<\/a> nas regi\u00f5es dos tabuleiros.  <\/p>\n<\/div>\n","protected":false},"excerpt":{"rendered":"<p>Oligosarcus acutirostris Menezes, 1987 Algumas caracter\u00edsticas da esp\u00e9cie Oligosarcus acutirostris est\u00e3o indicadas na figura acima. A esp\u00e9cie Oligosarcus acutirostris \u00e9 a \u00fanica representante do g\u00eanero Oligosarcus da fam\u00edlia Characidae nas regi\u00f5es dos tabuleiros.<\/p>\n","protected":false},"author":1,"featured_media":1601,"parent":0,"menu_order":0,"comment_status":"closed","ping_status":"closed","template":"","meta":{"footnotes":""},"class_list":["post-1633","page","type-page","status-publish","has-post-thumbnail","hentry"],"_links":{"self":[{"href":"http:\/\/nossacasa.net\/nossosriachos\/rios\/wp-json\/wp\/v2\/pages\/1633","targetHints":{"allow":["GET"]}}],"collection":[{"href":"http:\/\/nossacasa.net\/nossosriachos\/rios\/wp-json\/wp\/v2\/pages"}],"about":[{"href":"http:\/\/nossacasa.net\/nossosriachos\/rios\/wp-json\/wp\/v2\/types\/page"}],"author":[{"embeddable":true,"href":"http:\/\/nossacasa.net\/nossosriachos\/rios\/wp-json\/wp\/v2\/users\/1"}],"replies":[{"embeddable":true,"href":"http:\/\/nossacasa.net\/nossosriachos\/rios\/wp-json\/wp\/v2\/comments?post=1633"}],"version-history":[{"count":1,"href":"http:\/\/nossacasa.net\/nossosriachos\/rios\/wp-json\/wp\/v2\/pages\/1633\/revisions"}],"predecessor-version":[{"id":1635,"href":"http:\/\/nossacasa.net\/nossosriachos\/rios\/wp-json\/wp\/v2\/pages\/1633\/revisions\/1635"}],"wp:featuredmedia":[{"embeddable":true,"href":"http:\/\/nossacasa.net\/nossosriachos\/rios\/wp-json\/wp\/v2\/media\/1601"}],"wp:attachment":[{"href":"http:\/\/nossacasa.net\/nossosriachos\/rios\/wp-json\/wp\/v2\/media?parent=1633"}],"curies":[{"name":"wp","href":"https:\/\/api.w.org\/{rel}","templated":true}]}}