{"id":1653,"date":"2019-09-11T19:39:55","date_gmt":"2019-09-11T22:39:55","guid":{"rendered":"http:\/\/nossacasa.net\/nossosriachos\/rios\/?page_id=1653"},"modified":"2019-09-11T20:36:42","modified_gmt":"2019-09-11T23:36:42","slug":"characidum","status":"publish","type":"page","link":"http:\/\/nossacasa.net\/nossosriachos\/rios\/characidum\/","title":{"rendered":"Characidum"},"content":{"rendered":"<div style=\"text-align: justify;\">\n<h1>Os <em>Characidum<\/em> Reinhardt, 1867<\/h1>\n<p>Algumas caracter\u00edsticas do g\u00eanero <em>Characidum<\/em> est\u00e3o indicadas na figura acima.<\/p>\n<p>O g\u00eanero <em>Characidum<\/em> \u00e9 o \u00fanico g\u00eanero  da fam\u00edlia <a href=\"http:\/\/nossacasa.net\/nossosriachos\/rios\/crenuchidae\/\">Crenuchidae<\/a> representante dos <a href=\"http:\/\/nossacasa.net\/nossosriachos\/rios\/characiformes\/\">Characiformes<\/a> nas regi\u00f5es dos tabuleiros. <\/p>\n<p>Na regi\u00e3o dos tabuleiros da Mata Atl\u00e2ntica s\u00e3o encontradas tr\u00eas esp\u00e9cies e uma potencial nova esp\u00e9cie do g\u00eanero <em>Characidum<\/em>:<em> <a href=\"http:\/\/nossacasa.net\/nossosriachos\/rios\/characidium-cricarense\/\">Characidium cricarense<\/a><\/em>; <em><a href=\"http:\/\/nossacasa.net\/nossosriachos\/rios\/characidium-helmeri\/\">Characidium  helmeri<\/a><\/em>; <em><a href=\"http:\/\/nossacasa.net\/nossosriachos\/rios\/characidium-interruptum\/\">Characidium interruptum<\/a><\/em> e <em><a href=\"http:\/\/nossacasa.net\/nossosriachos\/rios\/characidium-aff-samurai\/\">Characidium aff. samurai<\/a><\/em>.<\/p>\n<hr>\n<p><strong>CHAVE DE <em>CHARACIDIUM<\/em><\/strong><\/p>\n<hr>\n<\/div>\n","protected":false},"excerpt":{"rendered":"<p>Os Characidum Reinhardt, 1867 Algumas caracter\u00edsticas do g\u00eanero Characidum est\u00e3o indicadas na figura acima. O g\u00eanero Characidum \u00e9 o \u00fanico g\u00eanero da fam\u00edlia Crenuchidae representante dos Characiformes nas regi\u00f5es dos tabuleiros. Na regi\u00e3o dos tabuleiros da Mata Atl\u00e2ntica s\u00e3o encontradas &hellip; <a href=\"http:\/\/nossacasa.net\/nossosriachos\/rios\/characidum\/\">Continue lendo <span class=\"meta-nav\">&rarr;<\/span><\/a><\/p>\n","protected":false},"author":1,"featured_media":0,"parent":0,"menu_order":0,"comment_status":"closed","ping_status":"closed","template":"","meta":{"footnotes":""},"class_list":["post-1653","page","type-page","status-publish","hentry"],"_links":{"self":[{"href":"http:\/\/nossacasa.net\/nossosriachos\/rios\/wp-json\/wp\/v2\/pages\/1653","targetHints":{"allow":["GET"]}}],"collection":[{"href":"http:\/\/nossacasa.net\/nossosriachos\/rios\/wp-json\/wp\/v2\/pages"}],"about":[{"href":"http:\/\/nossacasa.net\/nossosriachos\/rios\/wp-json\/wp\/v2\/types\/page"}],"author":[{"embeddable":true,"href":"http:\/\/nossacasa.net\/nossosriachos\/rios\/wp-json\/wp\/v2\/users\/1"}],"replies":[{"embeddable":true,"href":"http:\/\/nossacasa.net\/nossosriachos\/rios\/wp-json\/wp\/v2\/comments?post=1653"}],"version-history":[{"count":5,"href":"http:\/\/nossacasa.net\/nossosriachos\/rios\/wp-json\/wp\/v2\/pages\/1653\/revisions"}],"predecessor-version":[{"id":1673,"href":"http:\/\/nossacasa.net\/nossosriachos\/rios\/wp-json\/wp\/v2\/pages\/1653\/revisions\/1673"}],"wp:attachment":[{"href":"http:\/\/nossacasa.net\/nossosriachos\/rios\/wp-json\/wp\/v2\/media?parent=1653"}],"curies":[{"name":"wp","href":"https:\/\/api.w.org\/{rel}","templated":true}]}}