{"id":1654,"date":"2019-09-11T19:42:39","date_gmt":"2019-09-11T22:42:39","guid":{"rendered":"http:\/\/nossacasa.net\/nossosriachos\/rios\/?page_id=1654"},"modified":"2019-09-11T19:42:39","modified_gmt":"2019-09-11T22:42:39","slug":"serrapinnus-piaba","status":"publish","type":"page","link":"http:\/\/nossacasa.net\/nossosriachos\/rios\/serrapinnus-piaba\/","title":{"rendered":"Serrapinnus piaba"},"content":{"rendered":"<div style=\"text-align: justify;\">\n<h1><em>Serrapinnus piaba<\/em> (L\u00fctken, 1875)<\/h1>\n<p>Algumas caracter\u00edsticas da esp\u00e9cie <em>Serrapinnus piaba<\/em> est\u00e3o indicadas na figura acima.<\/p>\n<p>A esp\u00e9cie <em>Serrapinnus piaba<\/em> \u00e9 uma das duas representante do g\u00eanero <a href=\"http:\/\/nossacasa.net\/nossosriachos\/rios\/serrapinnus\/\">Serrapinnus<\/a> da fam\u00edlia <a href=\"http:\/\/nossacasa.net\/nossosriachos\/rios\/characidae\/\">Characidae<\/a> nas regi\u00f5es dos tabuleiros.  <\/p>\n<\/div>\n","protected":false},"excerpt":{"rendered":"<p>Serrapinnus piaba (L\u00fctken, 1875) Algumas caracter\u00edsticas da esp\u00e9cie Serrapinnus piaba est\u00e3o indicadas na figura acima. A esp\u00e9cie Serrapinnus piaba \u00e9 uma das duas representante do g\u00eanero Serrapinnus da fam\u00edlia Characidae nas regi\u00f5es dos tabuleiros.<\/p>\n","protected":false},"author":1,"featured_media":1601,"parent":0,"menu_order":0,"comment_status":"closed","ping_status":"closed","template":"","meta":{"footnotes":""},"class_list":["post-1654","page","type-page","status-publish","has-post-thumbnail","hentry"],"_links":{"self":[{"href":"http:\/\/nossacasa.net\/nossosriachos\/rios\/wp-json\/wp\/v2\/pages\/1654","targetHints":{"allow":["GET"]}}],"collection":[{"href":"http:\/\/nossacasa.net\/nossosriachos\/rios\/wp-json\/wp\/v2\/pages"}],"about":[{"href":"http:\/\/nossacasa.net\/nossosriachos\/rios\/wp-json\/wp\/v2\/types\/page"}],"author":[{"embeddable":true,"href":"http:\/\/nossacasa.net\/nossosriachos\/rios\/wp-json\/wp\/v2\/users\/1"}],"replies":[{"embeddable":true,"href":"http:\/\/nossacasa.net\/nossosriachos\/rios\/wp-json\/wp\/v2\/comments?post=1654"}],"version-history":[{"count":1,"href":"http:\/\/nossacasa.net\/nossosriachos\/rios\/wp-json\/wp\/v2\/pages\/1654\/revisions"}],"predecessor-version":[{"id":1656,"href":"http:\/\/nossacasa.net\/nossosriachos\/rios\/wp-json\/wp\/v2\/pages\/1654\/revisions\/1656"}],"wp:featuredmedia":[{"embeddable":true,"href":"http:\/\/nossacasa.net\/nossosriachos\/rios\/wp-json\/wp\/v2\/media\/1601"}],"wp:attachment":[{"href":"http:\/\/nossacasa.net\/nossosriachos\/rios\/wp-json\/wp\/v2\/media?parent=1654"}],"curies":[{"name":"wp","href":"https:\/\/api.w.org\/{rel}","templated":true}]}}