{"id":1664,"date":"2019-09-11T20:06:28","date_gmt":"2019-09-11T23:06:28","guid":{"rendered":"http:\/\/nossacasa.net\/nossosriachos\/rios\/?page_id=1664"},"modified":"2019-09-11T20:06:28","modified_gmt":"2019-09-11T23:06:28","slug":"characidium-cricarense","status":"publish","type":"page","link":"http:\/\/nossacasa.net\/nossosriachos\/rios\/characidium-cricarense\/","title":{"rendered":"Characidium cricarense"},"content":{"rendered":"<div style=\"text-align: justify;\">\n<h1><em>Characidium cricarense<\/em> Malanski et al., 2019<\/h1>\n<p>Algumas caracter\u00edsticas da esp\u00e9cie <em>Characidium cricarense<\/em> est\u00e3o indicadas na figura acima.<\/p>\n<p>A esp\u00e9cie <em>Characidium cricarense<\/em> \u00e9 a uma das quatro esp\u00e9cies representante do g\u00eanero <a href=\"http:\/\/nossacasa.net\/nossosriachos\/rios\/characidum\/\">Characidium<\/a> da fam\u00edlia <a href=\"http:\/\/nossacasa.net\/nossosriachos\/rios\/crenuchidae\/\">Crenuchidae<\/a> nas regi\u00f5es dos tabuleiros<\/p>\n<\/div>\n","protected":false},"excerpt":{"rendered":"<p>Characidium cricarense Malanski et al., 2019 Algumas caracter\u00edsticas da esp\u00e9cie Characidium cricarense est\u00e3o indicadas na figura acima. A esp\u00e9cie Characidium cricarense \u00e9 a uma das quatro esp\u00e9cies representante do g\u00eanero Characidium da fam\u00edlia Crenuchidae nas regi\u00f5es dos tabuleiros<\/p>\n","protected":false},"author":1,"featured_media":1601,"parent":0,"menu_order":0,"comment_status":"closed","ping_status":"closed","template":"","meta":{"footnotes":""},"class_list":["post-1664","page","type-page","status-publish","has-post-thumbnail","hentry"],"_links":{"self":[{"href":"http:\/\/nossacasa.net\/nossosriachos\/rios\/wp-json\/wp\/v2\/pages\/1664","targetHints":{"allow":["GET"]}}],"collection":[{"href":"http:\/\/nossacasa.net\/nossosriachos\/rios\/wp-json\/wp\/v2\/pages"}],"about":[{"href":"http:\/\/nossacasa.net\/nossosriachos\/rios\/wp-json\/wp\/v2\/types\/page"}],"author":[{"embeddable":true,"href":"http:\/\/nossacasa.net\/nossosriachos\/rios\/wp-json\/wp\/v2\/users\/1"}],"replies":[{"embeddable":true,"href":"http:\/\/nossacasa.net\/nossosriachos\/rios\/wp-json\/wp\/v2\/comments?post=1664"}],"version-history":[{"count":1,"href":"http:\/\/nossacasa.net\/nossosriachos\/rios\/wp-json\/wp\/v2\/pages\/1664\/revisions"}],"predecessor-version":[{"id":1666,"href":"http:\/\/nossacasa.net\/nossosriachos\/rios\/wp-json\/wp\/v2\/pages\/1664\/revisions\/1666"}],"wp:featuredmedia":[{"embeddable":true,"href":"http:\/\/nossacasa.net\/nossosriachos\/rios\/wp-json\/wp\/v2\/media\/1601"}],"wp:attachment":[{"href":"http:\/\/nossacasa.net\/nossosriachos\/rios\/wp-json\/wp\/v2\/media?parent=1664"}],"curies":[{"name":"wp","href":"https:\/\/api.w.org\/{rel}","templated":true}]}}