{"id":1685,"date":"2019-09-12T07:50:42","date_gmt":"2019-09-12T10:50:42","guid":{"rendered":"http:\/\/nossacasa.net\/nossosriachos\/rios\/?page_id=1685"},"modified":"2019-09-12T07:53:31","modified_gmt":"2019-09-12T10:53:31","slug":"steindachnerina","status":"publish","type":"page","link":"http:\/\/nossacasa.net\/nossosriachos\/rios\/steindachnerina\/","title":{"rendered":"Steindachnerina"},"content":{"rendered":"<div style=\"text-align: justify;\">\n<h1>As <em>Steindachnerina<\/em> Fowler, 1906<\/h1>\n<p>Algumas caracter\u00edsticas do g\u00eanero <em>Cyphocharax<\/em> est\u00e3o indicadas na figura acima.<\/p>\n<p>O g\u00eanero <em>Steindachnerina<\/em> e um dos dois g\u00eaneros da fam\u00edlia <a href=\"http:\/\/nossacasa.net\/nossosriachos\/rios\/curimatidae\/\">Curimatidae<\/a> representante dos <a href=\"http:\/\/nossacasa.net\/nossosriachos\/rios\/characiformes\/\">Characiformes<\/a> nas regi\u00f5es dos tabuleiros. <\/p>\n<p>Na regi\u00e3o dos tabuleiros da Mata Atl\u00e2ntica se encontra uma esp\u00e9cie do g\u00eanero <em>Steindachnerina<\/em>: <a href=\"http:\/\/nossacasa.net\/nossosriachos\/rios\/steindachnerina-elegans\/\">Steindachnerina elegans<\/a>.<\/p>\n<hr>\n<\/div>\n","protected":false},"excerpt":{"rendered":"<p>As Steindachnerina Fowler, 1906 Algumas caracter\u00edsticas do g\u00eanero Cyphocharax est\u00e3o indicadas na figura acima. O g\u00eanero Steindachnerina e um dos dois g\u00eaneros da fam\u00edlia Curimatidae representante dos Characiformes nas regi\u00f5es dos tabuleiros. Na regi\u00e3o dos tabuleiros da Mata Atl\u00e2ntica se &hellip; <a href=\"http:\/\/nossacasa.net\/nossosriachos\/rios\/steindachnerina\/\">Continue lendo <span class=\"meta-nav\">&rarr;<\/span><\/a><\/p>\n","protected":false},"author":1,"featured_media":0,"parent":0,"menu_order":0,"comment_status":"closed","ping_status":"closed","template":"","meta":{"footnotes":""},"class_list":["post-1685","page","type-page","status-publish","hentry"],"_links":{"self":[{"href":"http:\/\/nossacasa.net\/nossosriachos\/rios\/wp-json\/wp\/v2\/pages\/1685","targetHints":{"allow":["GET"]}}],"collection":[{"href":"http:\/\/nossacasa.net\/nossosriachos\/rios\/wp-json\/wp\/v2\/pages"}],"about":[{"href":"http:\/\/nossacasa.net\/nossosriachos\/rios\/wp-json\/wp\/v2\/types\/page"}],"author":[{"embeddable":true,"href":"http:\/\/nossacasa.net\/nossosriachos\/rios\/wp-json\/wp\/v2\/users\/1"}],"replies":[{"embeddable":true,"href":"http:\/\/nossacasa.net\/nossosriachos\/rios\/wp-json\/wp\/v2\/comments?post=1685"}],"version-history":[{"count":3,"href":"http:\/\/nossacasa.net\/nossosriachos\/rios\/wp-json\/wp\/v2\/pages\/1685\/revisions"}],"predecessor-version":[{"id":1690,"href":"http:\/\/nossacasa.net\/nossosriachos\/rios\/wp-json\/wp\/v2\/pages\/1685\/revisions\/1690"}],"wp:attachment":[{"href":"http:\/\/nossacasa.net\/nossosriachos\/rios\/wp-json\/wp\/v2\/media?parent=1685"}],"curies":[{"name":"wp","href":"https:\/\/api.w.org\/{rel}","templated":true}]}}