{"id":1694,"date":"2019-09-12T08:09:49","date_gmt":"2019-09-12T11:09:49","guid":{"rendered":"http:\/\/nossacasa.net\/nossosriachos\/rios\/?page_id=1694"},"modified":"2019-09-12T08:15:54","modified_gmt":"2019-09-12T11:15:54","slug":"hoplias","status":"publish","type":"page","link":"http:\/\/nossacasa.net\/nossosriachos\/rios\/hoplias\/","title":{"rendered":"Hoplias"},"content":{"rendered":"<div style=\"text-align: justify;\">\n<h1>As <em>Hoplias<\/em> Gill, 1903<\/h1>\n<p>Algumas caracter\u00edsticas do g\u00eanero <em>Hoplias<\/em> est\u00e3o indicadas na figura acima.<\/p>\n<p>O g\u00eanero<em> Hoplias<\/em> e um dos dois g\u00eaneros da fam\u00edlia <a href=\"http:\/\/nossacasa.net\/nossosriachos\/rios\/erythrinidae\/\">Erythrinidae<\/a> representante dos <a href=\"http:\/\/nossacasa.net\/nossosriachos\/rios\/characiformes\/\">Characiformes<\/a> nas regi\u00f5es dos tabuleiros. <\/p>\n<p>Na regi\u00e3o dos tabuleiros da Mata Atl\u00e2ntica encontramos duas esp\u00e9cies do g\u00eanero<em> Hoplias<\/em>:  Hoplias malabaricus e Hoplias intermedius..<\/p>\n<hr>\n<p><strong>CHAVE DE <em>HOPLIAS<\/em><\/strong><\/p>\n<hr>\n<\/div>\n","protected":false},"excerpt":{"rendered":"<p>As Hoplias Gill, 1903 Algumas caracter\u00edsticas do g\u00eanero Hoplias est\u00e3o indicadas na figura acima. O g\u00eanero Hoplias e um dos dois g\u00eaneros da fam\u00edlia Erythrinidae representante dos Characiformes nas regi\u00f5es dos tabuleiros. Na regi\u00e3o dos tabuleiros da Mata Atl\u00e2ntica encontramos &hellip; <a href=\"http:\/\/nossacasa.net\/nossosriachos\/rios\/hoplias\/\">Continue lendo <span class=\"meta-nav\">&rarr;<\/span><\/a><\/p>\n","protected":false},"author":1,"featured_media":0,"parent":0,"menu_order":0,"comment_status":"closed","ping_status":"closed","template":"","meta":{"footnotes":""},"class_list":["post-1694","page","type-page","status-publish","hentry"],"_links":{"self":[{"href":"http:\/\/nossacasa.net\/nossosriachos\/rios\/wp-json\/wp\/v2\/pages\/1694","targetHints":{"allow":["GET"]}}],"collection":[{"href":"http:\/\/nossacasa.net\/nossosriachos\/rios\/wp-json\/wp\/v2\/pages"}],"about":[{"href":"http:\/\/nossacasa.net\/nossosriachos\/rios\/wp-json\/wp\/v2\/types\/page"}],"author":[{"embeddable":true,"href":"http:\/\/nossacasa.net\/nossosriachos\/rios\/wp-json\/wp\/v2\/users\/1"}],"replies":[{"embeddable":true,"href":"http:\/\/nossacasa.net\/nossosriachos\/rios\/wp-json\/wp\/v2\/comments?post=1694"}],"version-history":[{"count":1,"href":"http:\/\/nossacasa.net\/nossosriachos\/rios\/wp-json\/wp\/v2\/pages\/1694\/revisions"}],"predecessor-version":[{"id":1695,"href":"http:\/\/nossacasa.net\/nossosriachos\/rios\/wp-json\/wp\/v2\/pages\/1694\/revisions\/1695"}],"wp:attachment":[{"href":"http:\/\/nossacasa.net\/nossosriachos\/rios\/wp-json\/wp\/v2\/media?parent=1694"}],"curies":[{"name":"wp","href":"https:\/\/api.w.org\/{rel}","templated":true}]}}