{"id":1708,"date":"2019-09-12T08:32:49","date_gmt":"2019-09-12T11:32:49","guid":{"rendered":"http:\/\/nossacasa.net\/nossosriachos\/rios\/?page_id=1708"},"modified":"2019-09-12T08:32:49","modified_gmt":"2019-09-12T11:32:49","slug":"prochilodus-costatus","status":"publish","type":"page","link":"http:\/\/nossacasa.net\/nossosriachos\/rios\/prochilodus-costatus\/","title":{"rendered":"Prochilodus costatus"},"content":{"rendered":"<div style=\"text-align: justify;\">\n<h1><em>Prochilodus costatus<\/em> Valenciennes in Cuvier and Valenciennes, 1850<\/h1>\n<p>Algumas caracter\u00edsticas da esp\u00e9cie Prochilodus costatus est\u00e3o indicadas na figura acima.<\/p>\n<p>A esp\u00e9cie <em>Prochilodus costatus<\/em> \u00e9 uma das tr\u00eas esp\u00e9cies, representante do g\u00eanero <a href=\"http:\/\/nossacasa.net\/nossosriachos\/rios\/prochilodus\/\">Prochilodus<\/a> da fam\u00edlia <a href=\"http:\/\/nossacasa.net\/nossosriachos\/rios\/prochilodontidae\/\">Prochilodontidae<\/a> nas regi\u00f5es dos tabuleiros.<\/p>\n<\/div>\n<p>. <\/p>\n","protected":false},"excerpt":{"rendered":"<p>Prochilodus costatus Valenciennes in Cuvier and Valenciennes, 1850 Algumas caracter\u00edsticas da esp\u00e9cie Prochilodus costatus est\u00e3o indicadas na figura acima. A esp\u00e9cie Prochilodus costatus \u00e9 uma das tr\u00eas esp\u00e9cies, representante do g\u00eanero Prochilodus da fam\u00edlia Prochilodontidae nas regi\u00f5es dos tabuleiros. .<\/p>\n","protected":false},"author":1,"featured_media":1601,"parent":0,"menu_order":0,"comment_status":"closed","ping_status":"closed","template":"","meta":{"footnotes":""},"class_list":["post-1708","page","type-page","status-publish","has-post-thumbnail","hentry"],"_links":{"self":[{"href":"http:\/\/nossacasa.net\/nossosriachos\/rios\/wp-json\/wp\/v2\/pages\/1708","targetHints":{"allow":["GET"]}}],"collection":[{"href":"http:\/\/nossacasa.net\/nossosriachos\/rios\/wp-json\/wp\/v2\/pages"}],"about":[{"href":"http:\/\/nossacasa.net\/nossosriachos\/rios\/wp-json\/wp\/v2\/types\/page"}],"author":[{"embeddable":true,"href":"http:\/\/nossacasa.net\/nossosriachos\/rios\/wp-json\/wp\/v2\/users\/1"}],"replies":[{"embeddable":true,"href":"http:\/\/nossacasa.net\/nossosriachos\/rios\/wp-json\/wp\/v2\/comments?post=1708"}],"version-history":[{"count":1,"href":"http:\/\/nossacasa.net\/nossosriachos\/rios\/wp-json\/wp\/v2\/pages\/1708\/revisions"}],"predecessor-version":[{"id":1710,"href":"http:\/\/nossacasa.net\/nossosriachos\/rios\/wp-json\/wp\/v2\/pages\/1708\/revisions\/1710"}],"wp:featuredmedia":[{"embeddable":true,"href":"http:\/\/nossacasa.net\/nossosriachos\/rios\/wp-json\/wp\/v2\/media\/1601"}],"wp:attachment":[{"href":"http:\/\/nossacasa.net\/nossosriachos\/rios\/wp-json\/wp\/v2\/media?parent=1708"}],"curies":[{"name":"wp","href":"https:\/\/api.w.org\/{rel}","templated":true}]}}