{"id":1737,"date":"2019-09-12T11:22:09","date_gmt":"2019-09-12T14:22:09","guid":{"rendered":"http:\/\/nossacasa.net\/nossosriachos\/rios\/?page_id=1737"},"modified":"2019-09-12T11:23:50","modified_gmt":"2019-09-12T14:23:50","slug":"serrasalmus","status":"publish","type":"page","link":"http:\/\/nossacasa.net\/nossosriachos\/rios\/serrasalmus\/","title":{"rendered":"Serrasalmus"},"content":{"rendered":"<div style=\"text-align: justify;\">\n<h1>Os <em>Serrasalmus<\/em> Lacep\u00e8de, 1803<\/h1>\n<p>Algumas caracter\u00edsticas do g\u00eanero <em>Serrasalmus<\/em> est\u00e3o indicadas na figura acima.<\/p>\n<p>O g\u00eanero <em>Serrasalmus<\/em> \u00e9 um dos cinco g\u00eaneros da fam\u00edlia <a href=\"http:\/\/nossacasa.net\/nossosriachos\/rios\/serrasalmidae\/\">Serrasalmidae<\/a> representante dos <a href=\"http:\/\/nossacasa.net\/nossosriachos\/rios\/characiformes\/\">Characiformes<\/a> nas regi\u00f5es dos tabuleiros. <\/p>\n<p>Na regi\u00e3o dos tabuleiros da Mata Atl\u00e2ntica encontramos uma \u00fanica esp\u00e9cie do g\u00eanero <em>Serrasalmus<\/em>: <em><a href=\"http:\/\/nossacasa.net\/nossosriachos\/rios\/serrasalmus-spilopleura\/\">Serrasalmus spilopleura<\/a><\/em>.<\/p>\n<hr>\n<\/div>\n","protected":false},"excerpt":{"rendered":"<p>Os Serrasalmus Lacep\u00e8de, 1803 Algumas caracter\u00edsticas do g\u00eanero Serrasalmus est\u00e3o indicadas na figura acima. O g\u00eanero Serrasalmus \u00e9 um dos cinco g\u00eaneros da fam\u00edlia Serrasalmidae representante dos Characiformes nas regi\u00f5es dos tabuleiros. Na regi\u00e3o dos tabuleiros da Mata Atl\u00e2ntica encontramos &hellip; <a href=\"http:\/\/nossacasa.net\/nossosriachos\/rios\/serrasalmus\/\">Continue lendo <span class=\"meta-nav\">&rarr;<\/span><\/a><\/p>\n","protected":false},"author":1,"featured_media":0,"parent":0,"menu_order":0,"comment_status":"closed","ping_status":"closed","template":"","meta":{"footnotes":""},"class_list":["post-1737","page","type-page","status-publish","hentry"],"_links":{"self":[{"href":"http:\/\/nossacasa.net\/nossosriachos\/rios\/wp-json\/wp\/v2\/pages\/1737","targetHints":{"allow":["GET"]}}],"collection":[{"href":"http:\/\/nossacasa.net\/nossosriachos\/rios\/wp-json\/wp\/v2\/pages"}],"about":[{"href":"http:\/\/nossacasa.net\/nossosriachos\/rios\/wp-json\/wp\/v2\/types\/page"}],"author":[{"embeddable":true,"href":"http:\/\/nossacasa.net\/nossosriachos\/rios\/wp-json\/wp\/v2\/users\/1"}],"replies":[{"embeddable":true,"href":"http:\/\/nossacasa.net\/nossosriachos\/rios\/wp-json\/wp\/v2\/comments?post=1737"}],"version-history":[{"count":3,"href":"http:\/\/nossacasa.net\/nossosriachos\/rios\/wp-json\/wp\/v2\/pages\/1737\/revisions"}],"predecessor-version":[{"id":1742,"href":"http:\/\/nossacasa.net\/nossosriachos\/rios\/wp-json\/wp\/v2\/pages\/1737\/revisions\/1742"}],"wp:attachment":[{"href":"http:\/\/nossacasa.net\/nossosriachos\/rios\/wp-json\/wp\/v2\/media?parent=1737"}],"curies":[{"name":"wp","href":"https:\/\/api.w.org\/{rel}","templated":true}]}}