{"id":1752,"date":"2019-09-12T12:13:38","date_gmt":"2019-09-12T15:13:38","guid":{"rendered":"http:\/\/nossacasa.net\/nossosriachos\/rios\/?page_id=1752"},"modified":"2019-09-12T12:13:38","modified_gmt":"2019-09-12T15:13:38","slug":"bagre-marinus","status":"publish","type":"page","link":"http:\/\/nossacasa.net\/nossosriachos\/rios\/bagre-marinus\/","title":{"rendered":"Bagre marinus"},"content":{"rendered":"<div style=\"text-align: justify;\">\n<h1><em>Bagre marinus<\/em> (Mitchill, 1815)<\/h1>\n<p>Algumas caracter\u00edsticas da esp\u00e9cie Bagre marinus est\u00e3o indicadas na figura acima.<\/p>\n<p>A esp\u00e9cie <em>Bagre marinus<\/em> \u00e9 a \u00fanica representante do g\u00eanero <em><a href=\"http:\/\/nossacasa.net\/nossosriachos\/rios\/bagre\/\">Bagre<\/a><\/em> da fam\u00edlia <a href=\"http:\/\/nossacasa.net\/nossosriachos\/rios\/ariidae\/\">Ariidae<\/a> nas regi\u00f5es dos tabuleiros.\n<\/div>\n<p>. <\/p>\n","protected":false},"excerpt":{"rendered":"<p>Bagre marinus (Mitchill, 1815) Algumas caracter\u00edsticas da esp\u00e9cie Bagre marinus est\u00e3o indicadas na figura acima. A esp\u00e9cie Bagre marinus \u00e9 a \u00fanica representante do g\u00eanero Bagre da fam\u00edlia Ariidae nas regi\u00f5es dos tabuleiros. .<\/p>\n","protected":false},"author":1,"featured_media":1601,"parent":0,"menu_order":0,"comment_status":"closed","ping_status":"closed","template":"","meta":{"footnotes":""},"class_list":["post-1752","page","type-page","status-publish","has-post-thumbnail","hentry"],"_links":{"self":[{"href":"http:\/\/nossacasa.net\/nossosriachos\/rios\/wp-json\/wp\/v2\/pages\/1752","targetHints":{"allow":["GET"]}}],"collection":[{"href":"http:\/\/nossacasa.net\/nossosriachos\/rios\/wp-json\/wp\/v2\/pages"}],"about":[{"href":"http:\/\/nossacasa.net\/nossosriachos\/rios\/wp-json\/wp\/v2\/types\/page"}],"author":[{"embeddable":true,"href":"http:\/\/nossacasa.net\/nossosriachos\/rios\/wp-json\/wp\/v2\/users\/1"}],"replies":[{"embeddable":true,"href":"http:\/\/nossacasa.net\/nossosriachos\/rios\/wp-json\/wp\/v2\/comments?post=1752"}],"version-history":[{"count":1,"href":"http:\/\/nossacasa.net\/nossosriachos\/rios\/wp-json\/wp\/v2\/pages\/1752\/revisions"}],"predecessor-version":[{"id":1754,"href":"http:\/\/nossacasa.net\/nossosriachos\/rios\/wp-json\/wp\/v2\/pages\/1752\/revisions\/1754"}],"wp:featuredmedia":[{"embeddable":true,"href":"http:\/\/nossacasa.net\/nossosriachos\/rios\/wp-json\/wp\/v2\/media\/1601"}],"wp:attachment":[{"href":"http:\/\/nossacasa.net\/nossosriachos\/rios\/wp-json\/wp\/v2\/media?parent=1752"}],"curies":[{"name":"wp","href":"https:\/\/api.w.org\/{rel}","templated":true}]}}