{"id":1762,"date":"2019-09-12T14:09:25","date_gmt":"2019-09-12T17:09:25","guid":{"rendered":"http:\/\/nossacasa.net\/nossosriachos\/rios\/?page_id=1762"},"modified":"2019-09-12T14:09:25","modified_gmt":"2019-09-12T17:09:25","slug":"genidens-genidens","status":"publish","type":"page","link":"http:\/\/nossacasa.net\/nossosriachos\/rios\/genidens-genidens\/","title":{"rendered":"Genidens genidens"},"content":{"rendered":"<div style=\"text-align: justify;\">\n<h1><em>Genidens genidens<\/em> (Cuvier, 1829)<\/h1>\n<p>Algumas caracter\u00edsticas da esp\u00e9cie Genidens genidens est\u00e3o indicadas na figura acima.<\/p>\n<p>A esp\u00e9cie <em>Genidens genidens<\/em> \u00e9 a \u00fanica representante do g\u00eanero <em><a href=\"http:\/\/nossacasa.net\/nossosriachos\/rios\/genidens\/\">Genidens<\/a><\/em> da fam\u00edlia <a href=\"http:\/\/nossacasa.net\/nossosriachos\/rios\/ariidae\/\">Ariidae<\/a> nas regi\u00f5es dos tabuleiros.\n<\/div>\n<p>. <\/p>\n","protected":false},"excerpt":{"rendered":"<p>Genidens genidens (Cuvier, 1829) Algumas caracter\u00edsticas da esp\u00e9cie Genidens genidens est\u00e3o indicadas na figura acima. A esp\u00e9cie Genidens genidens \u00e9 a \u00fanica representante do g\u00eanero Genidens da fam\u00edlia Ariidae nas regi\u00f5es dos tabuleiros. .<\/p>\n","protected":false},"author":1,"featured_media":1601,"parent":0,"menu_order":0,"comment_status":"closed","ping_status":"closed","template":"","meta":{"footnotes":""},"class_list":["post-1762","page","type-page","status-publish","has-post-thumbnail","hentry"],"_links":{"self":[{"href":"http:\/\/nossacasa.net\/nossosriachos\/rios\/wp-json\/wp\/v2\/pages\/1762","targetHints":{"allow":["GET"]}}],"collection":[{"href":"http:\/\/nossacasa.net\/nossosriachos\/rios\/wp-json\/wp\/v2\/pages"}],"about":[{"href":"http:\/\/nossacasa.net\/nossosriachos\/rios\/wp-json\/wp\/v2\/types\/page"}],"author":[{"embeddable":true,"href":"http:\/\/nossacasa.net\/nossosriachos\/rios\/wp-json\/wp\/v2\/users\/1"}],"replies":[{"embeddable":true,"href":"http:\/\/nossacasa.net\/nossosriachos\/rios\/wp-json\/wp\/v2\/comments?post=1762"}],"version-history":[{"count":2,"href":"http:\/\/nossacasa.net\/nossosriachos\/rios\/wp-json\/wp\/v2\/pages\/1762\/revisions"}],"predecessor-version":[{"id":1768,"href":"http:\/\/nossacasa.net\/nossosriachos\/rios\/wp-json\/wp\/v2\/pages\/1762\/revisions\/1768"}],"wp:featuredmedia":[{"embeddable":true,"href":"http:\/\/nossacasa.net\/nossosriachos\/rios\/wp-json\/wp\/v2\/media\/1601"}],"wp:attachment":[{"href":"http:\/\/nossacasa.net\/nossosriachos\/rios\/wp-json\/wp\/v2\/media?parent=1762"}],"curies":[{"name":"wp","href":"https:\/\/api.w.org\/{rel}","templated":true}]}}