{"id":1769,"date":"2019-09-12T14:12:44","date_gmt":"2019-09-12T17:12:44","guid":{"rendered":"http:\/\/nossacasa.net\/nossosriachos\/rios\/?page_id=1769"},"modified":"2019-09-12T14:14:47","modified_gmt":"2019-09-12T17:14:47","slug":"paragenidens-grandoculis","status":"publish","type":"page","link":"http:\/\/nossacasa.net\/nossosriachos\/rios\/paragenidens-grandoculis\/","title":{"rendered":"Paragenidens grandoculis"},"content":{"rendered":"<div style=\"text-align: justify;\">\n<h1><em>Paragenidens grandoculis<\/em> (Steindachner, 1877)<\/h1>\n<p>Algumas caracter\u00edsticas da esp\u00e9cie Paragenidens grandoculisest\u00e3o indicadas na figura acima.<\/p>\n<p>A esp\u00e9cie <em>Paragenidens grandoculis<\/em> \u00e9 a \u00fanica representante do g\u00eanero <em><a href=\"http:\/\/nossacasa.net\/nossosriachos\/rios\/paragenidens\/\">Paragenidens<\/a><\/em> da fam\u00edlia <a href=\"http:\/\/nossacasa.net\/nossosriachos\/rios\/ariidae\/\">Ariidae<\/a> nas regi\u00f5es dos tabuleiros.\n<\/div>\n<p>. <\/p>\n","protected":false},"excerpt":{"rendered":"<p>Paragenidens grandoculis (Steindachner, 1877) Algumas caracter\u00edsticas da esp\u00e9cie Paragenidens grandoculisest\u00e3o indicadas na figura acima. A esp\u00e9cie Paragenidens grandoculis \u00e9 a \u00fanica representante do g\u00eanero Paragenidens da fam\u00edlia Ariidae nas regi\u00f5es dos tabuleiros. .<\/p>\n","protected":false},"author":1,"featured_media":1601,"parent":0,"menu_order":0,"comment_status":"closed","ping_status":"closed","template":"","meta":{"footnotes":""},"class_list":["post-1769","page","type-page","status-publish","has-post-thumbnail","hentry"],"_links":{"self":[{"href":"http:\/\/nossacasa.net\/nossosriachos\/rios\/wp-json\/wp\/v2\/pages\/1769","targetHints":{"allow":["GET"]}}],"collection":[{"href":"http:\/\/nossacasa.net\/nossosriachos\/rios\/wp-json\/wp\/v2\/pages"}],"about":[{"href":"http:\/\/nossacasa.net\/nossosriachos\/rios\/wp-json\/wp\/v2\/types\/page"}],"author":[{"embeddable":true,"href":"http:\/\/nossacasa.net\/nossosriachos\/rios\/wp-json\/wp\/v2\/users\/1"}],"replies":[{"embeddable":true,"href":"http:\/\/nossacasa.net\/nossosriachos\/rios\/wp-json\/wp\/v2\/comments?post=1769"}],"version-history":[{"count":2,"href":"http:\/\/nossacasa.net\/nossosriachos\/rios\/wp-json\/wp\/v2\/pages\/1769\/revisions"}],"predecessor-version":[{"id":1772,"href":"http:\/\/nossacasa.net\/nossosriachos\/rios\/wp-json\/wp\/v2\/pages\/1769\/revisions\/1772"}],"wp:featuredmedia":[{"embeddable":true,"href":"http:\/\/nossacasa.net\/nossosriachos\/rios\/wp-json\/wp\/v2\/media\/1601"}],"wp:attachment":[{"href":"http:\/\/nossacasa.net\/nossosriachos\/rios\/wp-json\/wp\/v2\/media?parent=1769"}],"curies":[{"name":"wp","href":"https:\/\/api.w.org\/{rel}","templated":true}]}}